{"id":5557,"date":"2025-11-17T12:16:25","date_gmt":"2025-11-17T11:16:25","guid":{"rendered":"https:\/\/usf-luxembourg.eu\/?page_id=5557"},"modified":"2025-11-18T13:39:08","modified_gmt":"2025-11-18T12:39:08","slug":"elections-2025","status":"publish","type":"page","link":"https:\/\/usf-luxembourg.eu\/en\/elections-2025\/","title":{"rendered":"Elections 2025"},"content":{"rendered":"<p><div class=\"fusion-fullwidth fullwidth-box fusion-builder-row-1 fusion-flex-container has-pattern-background has-mask-background nonhundred-percent-fullwidth non-hundred-percent-height-scrolling\" style=\"--awb-border-radius-top-left:0px;--awb-border-radius-top-right:0px;--awb-border-radius-bottom-right:0px;--awb-border-radius-bottom-left:0px;--awb-flex-wrap:wrap;\" ><div class=\"fusion-builder-row fusion-row fusion-flex-align-items-flex-start fusion-flex-content-wrap\" style=\"max-width:1216.8px;margin-left: calc(-4% \/ 2 );margin-right: calc(-4% \/ 2 );\"><div class=\"fusion-layout-column fusion_builder_column fusion-builder-column-0 fusion_builder_column_1_1 1_1 fusion-flex-column\" style=\"--awb-bg-size:cover;--awb-width-large:100%;--awb-margin-top-large:0px;--awb-spacing-right-large:1.92%;--awb-margin-bottom-large:20px;--awb-spacing-left-large:1.92%;--awb-width-medium:100%;--awb-order-medium:0;--awb-spacing-right-medium:1.92%;--awb-spacing-left-medium:1.92%;--awb-width-small:100%;--awb-order-small:0;--awb-spacing-right-small:1.92%;--awb-spacing-left-small:1.92%;\"><div class=\"fusion-column-wrapper fusion-column-has-shadow fusion-flex-justify-content-flex-start fusion-content-layout-column\"><div class=\"fusion-text fusion-text-1\"><h1 class=\"fusion-responsive-typography-calculated\" style=\"text-align: center;\" data-fontsize=\"48\" data-lineheight=\"67.6833px\"><strong> Elections of the Local Staff Comittee<\/strong><\/h1>\n<h1 class=\"fusion-responsive-typography-calculated\" style=\"text-align: center;\" data-fontsize=\"48\" data-lineheight=\"67.6833px\"><strong>25\/11 to 08\/12\/2025<\/strong><\/h1>\n<\/div><\/div><\/div><\/div><\/div><div class=\"fusion-fullwidth fullwidth-box fusion-builder-row-2 fusion-flex-container has-pattern-background has-mask-background nonhundred-percent-fullwidth non-hundred-percent-height-scrolling\" style=\"--awb-border-radius-top-left:0px;--awb-border-radius-top-right:0px;--awb-border-radius-bottom-right:0px;--awb-border-radius-bottom-left:0px;--awb-flex-wrap:wrap;\" ><div class=\"fusion-builder-row fusion-row fusion-flex-align-items-flex-start fusion-flex-content-wrap\" style=\"max-width:1216.8px;margin-left: calc(-4% \/ 2 );margin-right: calc(-4% \/ 2 );\"><div class=\"fusion-layout-column fusion_builder_column fusion-builder-column-1 fusion_builder_column_1_1 1_1 fusion-flex-column\" style=\"--awb-bg-size:cover;--awb-width-large:100%;--awb-margin-top-large:0px;--awb-spacing-right-large:1.92%;--awb-margin-bottom-large:20px;--awb-spacing-left-large:1.92%;--awb-width-medium:100%;--awb-order-medium:0;--awb-spacing-right-medium:1.92%;--awb-spacing-left-medium:1.92%;--awb-width-small:100%;--awb-order-small:0;--awb-spacing-right-small:1.92%;--awb-spacing-left-small:1.92%;\"><div class=\"fusion-column-wrapper fusion-column-has-shadow fusion-flex-justify-content-flex-start fusion-content-layout-column\"><div class=\"fusion-text fusion-text-2\"><table style=\"border-collapse: collapse; width: 100%;\">\n<tbody>\n<tr>\n<td style=\"width: 46.00%;\"><a href=\"https:\/\/usf-luxembourg.eu\/wp-content\/uploads\/2025\/11\/A3-USFL-2025-Final.pdf\" target=\"_blank\" rel=\"noopener\"><img decoding=\"async\" class=\"alignleft\" src=\"https:\/\/usf-luxembourg.eu\/wp-content\/uploads\/2025\/11\/A3-USFL-2025-Final-1-scaled.jpg \" \/><\/a><\/td>\n<td style=\"width: 2.00%;\"><\/td>\n<td style=\"width: 46.00%;\"><a href=\"https:\/\/usf-luxembourg.eu\/wp-content\/uploads\/2025\/11\/Programme-EN-2025.pdf\" target=\"_blank\" rel=\"noopener\"><img decoding=\"async\" class=\"alignright\" src=\"https:\/\/usf-luxembourg.eu\/wp-content\/uploads\/2025\/11\/Programme-EN-2025-scaled.jpg\" \/><\/a><\/td>\n<\/tr>\n<\/tbody>\n<\/table>\n<\/div><\/div><\/div><\/div><\/div><\/p>\n","protected":false},"excerpt":{"rendered":"","protected":false},"author":11,"featured_media":0,"parent":0,"menu_order":0,"comment_status":"closed","ping_status":"closed","template":"","meta":{"_lmt_disableupdate":"no","_lmt_disable":"no","footnotes":""},"class_list":["post-5557","page","type-page","status-publish","hentry"],"yoast_head":"<!-- This site is optimized with the Yoast SEO plugin v27.3 - https:\/\/yoast.com\/product\/yoast-seo-wordpress\/ -->\n<title>Elections 2025 - Union Syndicale F\u00e9d\u00e9rale Luxembourg<\/title>\n<meta name=\"robots\" content=\"index, follow, max-snippet:-1, max-image-preview:large, max-video-preview:-1\" \/>\n<link rel=\"canonical\" href=\"https:\/\/usf-luxembourg.eu\/en\/elections-2025\/\" \/>\n<meta property=\"og:locale\" content=\"en_US\" \/>\n<meta property=\"og:type\" content=\"article\" \/>\n<meta property=\"og:title\" content=\"Elections 2025 - Union Syndicale F\u00e9d\u00e9rale Luxembourg\" \/>\n<meta property=\"og:url\" content=\"https:\/\/usf-luxembourg.eu\/en\/elections-2025\/\" \/>\n<meta property=\"og:site_name\" content=\"Union Syndicale F\u00e9d\u00e9rale Luxembourg\" \/>\n<meta property=\"article:modified_time\" content=\"2025-11-18T12:39:08+00:00\" \/>\n<meta property=\"og:image\" content=\"https:\/\/usf-luxembourg.eu\/wp-content\/uploads\/2025\/11\/Programme-EN-2025-scaled.jpg\" \/>\n<meta name=\"twitter:card\" content=\"summary_large_image\" \/>\n<meta name=\"twitter:label1\" content=\"Est. reading time\" \/>\n\t<meta name=\"twitter:data1\" content=\"1 minute\" \/>\n<script type=\"application\/ld+json\" class=\"yoast-schema-graph\">{\"@context\":\"https:\\\/\\\/schema.org\",\"@graph\":[{\"@type\":\"WebPage\",\"@id\":\"https:\\\/\\\/usf-luxembourg.eu\\\/en\\\/elections-2025\\\/\",\"url\":\"https:\\\/\\\/usf-luxembourg.eu\\\/en\\\/elections-2025\\\/\",\"name\":\"Elections 2025 - Union Syndicale F\u00e9d\u00e9rale Luxembourg\",\"isPartOf\":{\"@id\":\"https:\\\/\\\/usf-luxembourg.eu\\\/#website\"},\"primaryImageOfPage\":{\"@id\":\"https:\\\/\\\/usf-luxembourg.eu\\\/en\\\/elections-2025\\\/#primaryimage\"},\"image\":{\"@id\":\"https:\\\/\\\/usf-luxembourg.eu\\\/en\\\/elections-2025\\\/#primaryimage\"},\"thumbnailUrl\":\"https:\\\/\\\/usf-luxembourg.eu\\\/wp-content\\\/uploads\\\/2025\\\/11\\\/Programme-EN-2025-scaled.jpg\",\"datePublished\":\"2025-11-17T11:16:25+00:00\",\"dateModified\":\"2025-11-18T12:39:08+00:00\",\"breadcrumb\":{\"@id\":\"https:\\\/\\\/usf-luxembourg.eu\\\/en\\\/elections-2025\\\/#breadcrumb\"},\"inLanguage\":\"en-US\",\"potentialAction\":[{\"@type\":\"ReadAction\",\"target\":[\"https:\\\/\\\/usf-luxembourg.eu\\\/en\\\/elections-2025\\\/\"]}]},{\"@type\":\"ImageObject\",\"inLanguage\":\"en-US\",\"@id\":\"https:\\\/\\\/usf-luxembourg.eu\\\/en\\\/elections-2025\\\/#primaryimage\",\"url\":\"https:\\\/\\\/usf-luxembourg.eu\\\/wp-content\\\/uploads\\\/2025\\\/11\\\/Programme-EN-2025-scaled.jpg\",\"contentUrl\":\"https:\\\/\\\/usf-luxembourg.eu\\\/wp-content\\\/uploads\\\/2025\\\/11\\\/Programme-EN-2025-scaled.jpg\"},{\"@type\":\"BreadcrumbList\",\"@id\":\"https:\\\/\\\/usf-luxembourg.eu\\\/en\\\/elections-2025\\\/#breadcrumb\",\"itemListElement\":[{\"@type\":\"ListItem\",\"position\":1,\"name\":\"Accueil\",\"item\":\"https:\\\/\\\/usf-luxembourg.eu\\\/en\\\/\"},{\"@type\":\"ListItem\",\"position\":2,\"name\":\"Elections 2025\"}]},{\"@type\":\"WebSite\",\"@id\":\"https:\\\/\\\/usf-luxembourg.eu\\\/#website\",\"url\":\"https:\\\/\\\/usf-luxembourg.eu\\\/\",\"name\":\"Union Syndicale F\u00e9d\u00e9rale Luxembourg\",\"description\":\"La solidarit\u00e9 est notre m\u00e9tier, la d\u00e9fense du personnel notre Mission\",\"publisher\":{\"@id\":\"https:\\\/\\\/usf-luxembourg.eu\\\/#organization\"},\"potentialAction\":[{\"@type\":\"SearchAction\",\"target\":{\"@type\":\"EntryPoint\",\"urlTemplate\":\"https:\\\/\\\/usf-luxembourg.eu\\\/?s={search_term_string}\"},\"query-input\":{\"@type\":\"PropertyValueSpecification\",\"valueRequired\":true,\"valueName\":\"search_term_string\"}}],\"inLanguage\":\"en-US\"},{\"@type\":\"Organization\",\"@id\":\"https:\\\/\\\/usf-luxembourg.eu\\\/#organization\",\"name\":\"Union Syndicale F\u00e9d\u00e9rale Luxembourg\",\"url\":\"https:\\\/\\\/usf-luxembourg.eu\\\/\",\"logo\":{\"@type\":\"ImageObject\",\"inLanguage\":\"en-US\",\"@id\":\"https:\\\/\\\/usf-luxembourg.eu\\\/#\\\/schema\\\/logo\\\/image\\\/\",\"url\":\"https:\\\/\\\/usf-luxembourg.eu\\\/wp-content\\\/uploads\\\/2023\\\/09\\\/logo-USF-Luxembourg.jpg\",\"contentUrl\":\"https:\\\/\\\/usf-luxembourg.eu\\\/wp-content\\\/uploads\\\/2023\\\/09\\\/logo-USF-Luxembourg.jpg\",\"width\":2311,\"height\":831,\"caption\":\"Union Syndicale F\u00e9d\u00e9rale Luxembourg\"},\"image\":{\"@id\":\"https:\\\/\\\/usf-luxembourg.eu\\\/#\\\/schema\\\/logo\\\/image\\\/\"}}]}<\/script>\n<!-- \/ Yoast SEO plugin. -->","yoast_head_json":{"title":"Elections 2025 - Union Syndicale F\u00e9d\u00e9rale Luxembourg","robots":{"index":"index","follow":"follow","max-snippet":"max-snippet:-1","max-image-preview":"max-image-preview:large","max-video-preview":"max-video-preview:-1"},"canonical":"https:\/\/usf-luxembourg.eu\/en\/elections-2025\/","og_locale":"en_US","og_type":"article","og_title":"Elections 2025 - Union Syndicale F\u00e9d\u00e9rale Luxembourg","og_url":"https:\/\/usf-luxembourg.eu\/en\/elections-2025\/","og_site_name":"Union Syndicale F\u00e9d\u00e9rale Luxembourg","article_modified_time":"2025-11-18T12:39:08+00:00","og_image":[{"url":"https:\/\/usf-luxembourg.eu\/wp-content\/uploads\/2025\/11\/Programme-EN-2025-scaled.jpg","type":"","width":"","height":""}],"twitter_card":"summary_large_image","twitter_misc":{"Est. reading time":"1 minute"},"schema":{"@context":"https:\/\/schema.org","@graph":[{"@type":"WebPage","@id":"https:\/\/usf-luxembourg.eu\/en\/elections-2025\/","url":"https:\/\/usf-luxembourg.eu\/en\/elections-2025\/","name":"Elections 2025 - Union Syndicale F\u00e9d\u00e9rale Luxembourg","isPartOf":{"@id":"https:\/\/usf-luxembourg.eu\/#website"},"primaryImageOfPage":{"@id":"https:\/\/usf-luxembourg.eu\/en\/elections-2025\/#primaryimage"},"image":{"@id":"https:\/\/usf-luxembourg.eu\/en\/elections-2025\/#primaryimage"},"thumbnailUrl":"https:\/\/usf-luxembourg.eu\/wp-content\/uploads\/2025\/11\/Programme-EN-2025-scaled.jpg","datePublished":"2025-11-17T11:16:25+00:00","dateModified":"2025-11-18T12:39:08+00:00","breadcrumb":{"@id":"https:\/\/usf-luxembourg.eu\/en\/elections-2025\/#breadcrumb"},"inLanguage":"en-US","potentialAction":[{"@type":"ReadAction","target":["https:\/\/usf-luxembourg.eu\/en\/elections-2025\/"]}]},{"@type":"ImageObject","inLanguage":"en-US","@id":"https:\/\/usf-luxembourg.eu\/en\/elections-2025\/#primaryimage","url":"https:\/\/usf-luxembourg.eu\/wp-content\/uploads\/2025\/11\/Programme-EN-2025-scaled.jpg","contentUrl":"https:\/\/usf-luxembourg.eu\/wp-content\/uploads\/2025\/11\/Programme-EN-2025-scaled.jpg"},{"@type":"BreadcrumbList","@id":"https:\/\/usf-luxembourg.eu\/en\/elections-2025\/#breadcrumb","itemListElement":[{"@type":"ListItem","position":1,"name":"Accueil","item":"https:\/\/usf-luxembourg.eu\/en\/"},{"@type":"ListItem","position":2,"name":"Elections 2025"}]},{"@type":"WebSite","@id":"https:\/\/usf-luxembourg.eu\/#website","url":"https:\/\/usf-luxembourg.eu\/","name":"Union Syndicale F\u00e9d\u00e9rale Luxembourg","description":"La solidarit\u00e9 est notre m\u00e9tier, la d\u00e9fense du personnel notre Mission","publisher":{"@id":"https:\/\/usf-luxembourg.eu\/#organization"},"potentialAction":[{"@type":"SearchAction","target":{"@type":"EntryPoint","urlTemplate":"https:\/\/usf-luxembourg.eu\/?s={search_term_string}"},"query-input":{"@type":"PropertyValueSpecification","valueRequired":true,"valueName":"search_term_string"}}],"inLanguage":"en-US"},{"@type":"Organization","@id":"https:\/\/usf-luxembourg.eu\/#organization","name":"Union Syndicale F\u00e9d\u00e9rale Luxembourg","url":"https:\/\/usf-luxembourg.eu\/","logo":{"@type":"ImageObject","inLanguage":"en-US","@id":"https:\/\/usf-luxembourg.eu\/#\/schema\/logo\/image\/","url":"https:\/\/usf-luxembourg.eu\/wp-content\/uploads\/2023\/09\/logo-USF-Luxembourg.jpg","contentUrl":"https:\/\/usf-luxembourg.eu\/wp-content\/uploads\/2023\/09\/logo-USF-Luxembourg.jpg","width":2311,"height":831,"caption":"Union Syndicale F\u00e9d\u00e9rale Luxembourg"},"image":{"@id":"https:\/\/usf-luxembourg.eu\/#\/schema\/logo\/image\/"}}]}},"_links":{"self":[{"href":"https:\/\/usf-luxembourg.eu\/en\/wp-json\/wp\/v2\/pages\/5557","targetHints":{"allow":["GET"]}}],"collection":[{"href":"https:\/\/usf-luxembourg.eu\/en\/wp-json\/wp\/v2\/pages"}],"about":[{"href":"https:\/\/usf-luxembourg.eu\/en\/wp-json\/wp\/v2\/types\/page"}],"author":[{"embeddable":true,"href":"https:\/\/usf-luxembourg.eu\/en\/wp-json\/wp\/v2\/users\/11"}],"replies":[{"embeddable":true,"href":"https:\/\/usf-luxembourg.eu\/en\/wp-json\/wp\/v2\/comments?post=5557"}],"version-history":[{"count":4,"href":"https:\/\/usf-luxembourg.eu\/en\/wp-json\/wp\/v2\/pages\/5557\/revisions"}],"predecessor-version":[{"id":5572,"href":"https:\/\/usf-luxembourg.eu\/en\/wp-json\/wp\/v2\/pages\/5557\/revisions\/5572"}],"wp:attachment":[{"href":"https:\/\/usf-luxembourg.eu\/en\/wp-json\/wp\/v2\/media?parent=5557"}],"curies":[{"name":"wp","href":"https:\/\/api.w.org\/{rel}","templated":true}]}}