{"id":5502,"date":"2025-10-22T15:27:59","date_gmt":"2025-10-22T13:27:59","guid":{"rendered":"https:\/\/usf-luxembourg.eu\/?page_id=5502"},"modified":"2025-10-22T15:27:59","modified_gmt":"2025-10-22T13:27:59","slug":"catering","status":"publish","type":"page","link":"https:\/\/usf-luxembourg.eu\/en\/catering\/","title":{"rendered":"Catering"},"content":{"rendered":"<p><div class=\"fusion-fullwidth fullwidth-box fusion-builder-row-1 fusion-parallax-none nonhundred-percent-fullwidth non-hundred-percent-height-scrolling\" style=\"--awb-border-sizes-top:0px;--awb-border-sizes-bottom:0px;--awb-border-sizes-left:0px;--awb-border-sizes-right:0px;--awb-border-radius-top-left:0px;--awb-border-radius-top-right:0px;--awb-border-radius-bottom-right:0px;--awb-border-radius-bottom-left:0px;--awb-padding-top:50px;--awb-padding-bottom:50px;--awb-background-image:url(&quot;http:\/\/usf-lux.cameleons-dev.com\/wp-content\/uploads\/2016\/12\/Attractivite.jpg&quot;);--awb-background-size:cover;--awb-flex-wrap:wrap;\" ><div class=\"fusion-builder-row fusion-row\"><div class=\"fusion-layout-column fusion_builder_column fusion-builder-column-0 fusion_builder_column_1_1 1_1 fusion-one-full fusion-column-first fusion-column-last\" style=\"--awb-bg-size:cover;\"><div class=\"fusion-column-wrapper fusion-flex-column-wrapper-legacy\"><div class=\"fusion-text fusion-text-1\"><h1><span style=\"color: #ffffff;\">Catering<br \/>\n<\/span><\/h1>\n<\/div><div class=\"fusion-clearfix\"><\/div><\/div><\/div><\/div><\/div><div class=\"fusion-fullwidth fullwidth-box fusion-builder-row-2 nonhundred-percent-fullwidth non-hundred-percent-height-scrolling\" style=\"--awb-background-position:left top;--awb-border-sizes-top:0px;--awb-border-sizes-bottom:0px;--awb-border-sizes-left:0px;--awb-border-sizes-right:0px;--awb-border-radius-top-left:0px;--awb-border-radius-top-right:0px;--awb-border-radius-bottom-right:0px;--awb-border-radius-bottom-left:0px;--awb-padding-top:20px;--awb-padding-bottom:20px;--awb-background-color:#ffffff;--awb-flex-wrap:wrap;\" ><div class=\"fusion-builder-row fusion-row\"><div class=\"fusion-layout-column fusion_builder_column fusion-builder-column-1 fusion_builder_column_1_1 1_1 fusion-one-full fusion-column-first fusion-column-last\" style=\"--awb-bg-size:cover;\"><div class=\"fusion-column-wrapper fusion-flex-column-wrapper-legacy\"><div class=\"fusion-text fusion-text-2\"><p><span data-contrast=\"auto\">Catering at the office (canteens, cafeterias and vending machines) is very important to colleagues even now that we frequently telework and there is therefore the possibility to eat at home or outside (restaurant). Several aspects should be considered: the need of a catering service, the catering model in the Commission in Luxembourg, the food quality and price, the social role of catering and finally the current and future offer.<\/span><span data-ccp-props=\"\">\u00a0<\/span><\/p>\n<p><span data-ccp-props=\"\">\u00a0<\/span><\/p>\n<p><span style=\"text-decoration: underline;\">The need of a catering service\u00a0<\/span><\/p>\n<p><span data-contrast=\"auto\">There is no clear legal obligation from our employer to provide for catering at the office. There is nonetheless a long-standing catering offer, a dedicated budget as well as a dedicated responsible service (the Office of Infrastructures of Luxembourg \u2013 OIL).<\/span><span data-ccp-props=\"\">\u00a0<\/span><\/p>\n<p><span data-ccp-props=\"\">\u00a0<\/span><\/p>\n<p><span style=\"text-decoration: underline;\">The catering model of the Commission in Luxembourg\u00a0<\/span><\/p>\n<p><span data-contrast=\"auto\">The catering service is mainly managed directly by OIL (canteens and cafeterias are managed by Staff mostly employed by OIL) and to a certain extent indirectly (external contracting, vending machines and some additional interim personnel for canteens and cafeterias).\u00a0<\/span><span data-ccp-props=\"\">\u00a0<\/span><\/p>\n<p><span data-contrast=\"auto\">The CPGRC (Comit\u00e9 Paritaire de Gestion des Restaurants et Cafetarias) is the dedicated Joint Committee that advises the Institution on the catering implementation, including the relevant budget and its limitations.<\/span><span data-ccp-props=\"\">\u00a0<\/span><\/p>\n<p><span data-ccp-props=\"\">\u00a0<\/span><\/p>\n<p><span style=\"text-decoration: underline;\">The food quality and price\u00a0<\/span><\/p>\n<p><span data-contrast=\"auto\">The main costs of the catering are the food and the staff costs. Most of the catering staff are hired by OIL under contracts governed by Luxembourgish law (local staff). They benefit from a relatively better salary evolution (indexation) than Officials, Temporary and Contract Agents Staff.<\/span><span data-ccp-props=\"\">\u00a0<\/span><\/p>\n<p><span data-ccp-props=\"\">\u00a0<\/span><\/p>\n<p><span data-contrast=\"auto\">In 2019, the Administration and the Staff representation agreed on a method for food price revision including a formula to guide the catering prices evolution. That formula is linked to indicators pertaining to food and staff costs. The method provides for that increase in prices is capped by the evolution of our salaries. This method was applied several times (see our references hereunder).<\/span><span data-ccp-props=\"\">\u00a0<\/span><\/p>\n<p><span data-ccp-props=\"\">\u00a0<\/span><\/p>\n<p><span data-contrast=\"auto\">The approval of the method by the staff representatives was accompanied by an explicit request to improve the quality and the quantity of the dishes. No systematic improvements were however noticed in the offered meals (varies depending on buildings).\u00a0<\/span><span data-ccp-props=\"\">\u00a0<\/span><\/p>\n<p><span data-ccp-props=\"\">\u00a0<\/span><\/p>\n<p><span style=\"text-decoration: underline;\">The social role of catering\u00a0<\/span><\/p>\n<p><span data-contrast=\"auto\">It's twofold. First the catering teams are colleagues and as members of staff, they deserve all our attention. Secondly, colleagues gather at coffee or lunch time, and so they create or reinforce a social bound and effective team building. It even enables to solve problems efficiently. With the generalized teleworking these benefits tend to diminish.<\/span><span data-ccp-props=\"\">\u00a0<\/span><\/p>\n<p><span data-ccp-props=\"\">\u00a0<\/span><\/p>\n<p><span style=\"text-decoration: underline;\">The current and the future offer\u00a0<\/span><\/p>\n<p><span data-contrast=\"auto\">The Commission staff in Luxembourg is spread over several buildings. Up to 2019, each building had its own canteen and\/or cafeterias and they all had vending machines.<\/span><span data-ccp-props=\"\">\u00a0<\/span><\/p>\n<p><span data-contrast=\"auto\">Following the COVID crisis and the generalized teleworking, less and less colleagues use the canteens and cafeteria. Consequently, the availability of canteens and cafeterias has changed too (some closed, others downsized).<\/span><span data-ccp-props=\"\">\u00a0<\/span><\/p>\n<p><span data-ccp-props=\"\">\u00a0<\/span><\/p>\n<p><span data-contrast=\"auto\">In some buildings, colleagues are obliged to commute to other buildings or to eat outside which involves loss of time and often higher prices. Besides, this potentially reduces the social interaction benefits.<\/span><span data-ccp-props=\"\">\u00a0<\/span><\/p>\n<p><span data-ccp-props=\"\">\u00a0<\/span><\/p>\n<p><span data-contrast=\"auto\">When the JMOII will be available, most Commission services will move there. Then, staff will be hosted in two or three buildings (including the Post Mercier). The Foyer, which also offers catering services, may disappear.<\/span><span data-ccp-props=\"\">\u00a0<\/span><\/p>\n<p><span data-ccp-props=\"\">\u00a0<\/span><\/p>\n<p><span data-contrast=\"auto\">The weekly menus as well as the prices and the allergens are available on <\/span><a href=\"https:\/\/myintracomm.ec.europa.eu\/staff\/EN\/buildings-transports\/food-drinks\/canteens\/Pages\/luxembourg.aspx\"><span data-contrast=\"none\">MyIntraComm<\/span><\/a><span data-contrast=\"auto\">.<\/span><span data-ccp-props=\"\">\u00a0<\/span><\/p>\n<p><span data-ccp-props=\"\">\u00a0<\/span><\/p>\n<p><span style=\"text-decoration: underline;\">Conclusion\u00a0<\/span><\/p>\n<p><span data-contrast=\"auto\">Catering at the office is not a legal obligation. However, it is not a luxury because it impacts on our portfolio, on our health and the quality of our work. Catering is a key element in our Institution social policy. That policy concerns all colleagues including our OIL colleagues.<\/span><span data-ccp-props=\"\">\u00a0<\/span><\/p>\n<p><span data-ccp-props=\"\">\u00a0<\/span><\/p>\n<p><span style=\"text-decoration: underline;\">Disclaimer<\/span><span data-contrast=\"auto\">:<\/span><span data-ccp-props=\"\">\u00a0<\/span><\/p>\n<p><span data-contrast=\"auto\">We always try to provide you with the latest information. However, the fast evolution of the situation does not always allow us to timely update this page content. The references hereunder (leaflets and news) might provide you with additional information. However, if you need to have a quick update don't hesitate to contact us: <\/span><a href=\"mailto:REP-PERS-OSP-USF-LUXEMBOURG@ec.europa.eu\"><span data-contrast=\"none\">REP-PERS-OSP-USF-LUXEMBOURG@ec.europa.eu<\/span><\/a><span data-ccp-props=\"\">\u00a0<\/span><\/p>\n<p><span data-contrast=\"auto\">\u00a0<\/span><span data-ccp-props=\"\">\u00a0<\/span><\/p>\n<p><span data-ccp-props=\"\">\u00a0<\/span><\/p>\n<p><b><span data-contrast=\"auto\">OTHER USEFUL LINKS:<\/span><\/b><span data-contrast=\"auto\">\u00a0<\/span><span data-contrast=\"auto\">\u00a0<\/span><span data-ccp-props=\"\">\u00a0<\/span><\/p>\n<ol>\n<li><span data-contrast=\"auto\">Menus for the week and the next week: <\/span><a href=\"https:\/\/myintracomm.ec.europa.eu\/staff\/EN\/buildings-transports\/food-drinks\/canteens\/Pages\/luxembourg.aspx\"><span data-contrast=\"none\">MyIntraComm<\/span><\/a><span data-ccp-props=\"\">\u00a0<\/span><\/li>\n<li><a href=\"https:\/\/myintracomm.ec.europa.eu\/net\/lsc-lux\/what-we-do\/joint-committees\/local-level\/Pages\/CPGRC.aspx\"><span data-contrast=\"none\">CPGRC \u2013 Joint Management Committee for Restaurants and Cafeterias (europa.eu)<\/span><\/a><span data-ccp-props=\"\">\u00a0<\/span><\/li>\n<\/ol>\n<p><b><span data-contrast=\"auto\">RELATED LEAFTLETS:<\/span><\/b><span data-contrast=\"auto\">\u00a0<\/span><span data-ccp-props=\"\">\u00a0<\/span><\/p>\n<ul>\n<li><a href=\"https:\/\/usf-luxembourg.eu\/wp-content\/uploads\/2024\/02\/Canteens-worthy-of-the-name-a-textbook-example-Restauration-digne-de-ce-nom-a-lEUFO-un-cas-decole-1-1.pdf\">Canteens worthy of the name \u2013 a textbook example?<\/a> (29-01-2024)<\/li>\n<li><a href=\"https:\/\/usf-luxembourg.eu\/wp-content\/uploads\/2023\/11\/Commission-buildings-in-Luxembourg-_-Les-batiments-de-la-Commission-a-Luxembourg.pdf\">Commission buildings in Luxembourg: JMO II becoming a mirage ? <\/a>(13\/11\/2023)<\/li>\n<li><a href=\"https:\/\/usf-luxembourg.eu\/wp-content\/uploads\/2022\/09\/catering-drunken-boat-EN.pdf\">Catering: drunken boat<\/a>\u202f?\u202f(23\/09\/2022)<\/li>\n<\/ul>\n<p><b><span data-contrast=\"auto\">RELATED NEWS:<\/span><\/b><span data-contrast=\"auto\">\u00a0<\/span><span data-ccp-props=\"\">\u00a0<\/span><\/p>\n<ul>\n<li><a href=\"https:\/\/usf-luxembourg.eu\/wp-content\/uploads\/2023\/04\/Catering-future-lost-view.pdf\"><span data-contrast=\"none\">LUXEMBOURG CATERING FUTURE IS EVERY DAY FOGGIER (LOST VIEW)<\/span><\/a><span data-contrast=\"auto\"> (04\/2024)<\/span><span data-ccp-props=\"\">\u00a0<\/span><\/li>\n<li><a href=\"https:\/\/usf-luxembourg.eu\/wp-content\/uploads\/2022\/11\/The-commission-specific-jobs-EN.pdf\"><span data-contrast=\"none\">THE COMMISSION SPECIFIC JOBS (CATERING, EDUCATORS, DRIVERS, ETC.)<\/span><\/a><span data-contrast=\"auto\"> (11\/2022)<\/span><span data-ccp-props=\"\">\u00a0<\/span><\/li>\n<li><a href=\"https:\/\/usf-luxembourg.eu\/wp-content\/uploads\/2022\/11\/Canteens-and-catering-EN.pdf\"><span data-contrast=\"none\">CANTEENS AND CATERING \u2013 \"A VERY BAD TRIP\"<\/span><\/a><span data-contrast=\"auto\"> (11\/2022)<\/span><span data-ccp-props=\"\">\u00a0<\/span><\/li>\n<\/ul>\n<\/div><div class=\"fusion-clearfix\"><\/div><\/div><\/div><\/div><\/div><\/p>\n","protected":false},"excerpt":{"rendered":"","protected":false},"author":11,"featured_media":0,"parent":0,"menu_order":0,"comment_status":"open","ping_status":"closed","template":"100-width.php","meta":{"_lmt_disableupdate":"no","_lmt_disable":"no","footnotes":""},"class_list":["post-5502","page","type-page","status-publish","hentry"],"yoast_head":"<!-- This site is optimized with the Yoast SEO plugin v27.1.1 - https:\/\/yoast.com\/product\/yoast-seo-wordpress\/ -->\n<title>Catering - Union Syndicale F\u00e9d\u00e9rale Luxembourg<\/title>\n<meta name=\"robots\" content=\"index, follow, max-snippet:-1, max-image-preview:large, max-video-preview:-1\" \/>\n<link rel=\"canonical\" href=\"https:\/\/usf-luxembourg.eu\/en\/catering\/\" \/>\n<meta property=\"og:locale\" content=\"en_US\" \/>\n<meta property=\"og:type\" content=\"article\" \/>\n<meta property=\"og:title\" content=\"Catering - Union Syndicale F\u00e9d\u00e9rale Luxembourg\" \/>\n<meta property=\"og:url\" content=\"https:\/\/usf-luxembourg.eu\/en\/catering\/\" \/>\n<meta property=\"og:site_name\" content=\"Union Syndicale F\u00e9d\u00e9rale Luxembourg\" \/>\n<meta name=\"twitter:card\" content=\"summary_large_image\" \/>\n<meta name=\"twitter:label1\" content=\"Est. reading time\" \/>\n\t<meta name=\"twitter:data1\" content=\"4 minutes\" \/>\n<script type=\"application\/ld+json\" class=\"yoast-schema-graph\">{\"@context\":\"https:\/\/schema.org\",\"@graph\":[{\"@type\":\"WebPage\",\"@id\":\"https:\/\/usf-luxembourg.eu\/en\/catering\/\",\"url\":\"https:\/\/usf-luxembourg.eu\/en\/catering\/\",\"name\":\"Catering - Union Syndicale F\u00e9d\u00e9rale Luxembourg\",\"isPartOf\":{\"@id\":\"https:\/\/usf-luxembourg.eu\/#website\"},\"datePublished\":\"2025-10-22T13:27:59+00:00\",\"breadcrumb\":{\"@id\":\"https:\/\/usf-luxembourg.eu\/en\/catering\/#breadcrumb\"},\"inLanguage\":\"en-US\",\"potentialAction\":[{\"@type\":\"ReadAction\",\"target\":[\"https:\/\/usf-luxembourg.eu\/en\/catering\/\"]}]},{\"@type\":\"BreadcrumbList\",\"@id\":\"https:\/\/usf-luxembourg.eu\/en\/catering\/#breadcrumb\",\"itemListElement\":[{\"@type\":\"ListItem\",\"position\":1,\"name\":\"Accueil\",\"item\":\"https:\/\/usf-luxembourg.eu\/en\/\"},{\"@type\":\"ListItem\",\"position\":2,\"name\":\"Catering\"}]},{\"@type\":\"WebSite\",\"@id\":\"https:\/\/usf-luxembourg.eu\/#website\",\"url\":\"https:\/\/usf-luxembourg.eu\/\",\"name\":\"Union Syndicale F\u00e9d\u00e9rale Luxembourg\",\"description\":\"La solidarit\u00e9 est notre m\u00e9tier, la d\u00e9fense du personnel notre Mission\",\"publisher\":{\"@id\":\"https:\/\/usf-luxembourg.eu\/#organization\"},\"potentialAction\":[{\"@type\":\"SearchAction\",\"target\":{\"@type\":\"EntryPoint\",\"urlTemplate\":\"https:\/\/usf-luxembourg.eu\/?s={search_term_string}\"},\"query-input\":{\"@type\":\"PropertyValueSpecification\",\"valueRequired\":true,\"valueName\":\"search_term_string\"}}],\"inLanguage\":\"en-US\"},{\"@type\":\"Organization\",\"@id\":\"https:\/\/usf-luxembourg.eu\/#organization\",\"name\":\"Union Syndicale F\u00e9d\u00e9rale Luxembourg\",\"url\":\"https:\/\/usf-luxembourg.eu\/\",\"logo\":{\"@type\":\"ImageObject\",\"inLanguage\":\"en-US\",\"@id\":\"https:\/\/usf-luxembourg.eu\/#\/schema\/logo\/image\/\",\"url\":\"https:\/\/usf-luxembourg.eu\/wp-content\/uploads\/2023\/09\/logo-USF-Luxembourg.jpg\",\"contentUrl\":\"https:\/\/usf-luxembourg.eu\/wp-content\/uploads\/2023\/09\/logo-USF-Luxembourg.jpg\",\"width\":2311,\"height\":831,\"caption\":\"Union Syndicale F\u00e9d\u00e9rale Luxembourg\"},\"image\":{\"@id\":\"https:\/\/usf-luxembourg.eu\/#\/schema\/logo\/image\/\"}}]}<\/script>\n<!-- \/ Yoast SEO plugin. -->","yoast_head_json":{"title":"Catering - Union Syndicale F\u00e9d\u00e9rale Luxembourg","robots":{"index":"index","follow":"follow","max-snippet":"max-snippet:-1","max-image-preview":"max-image-preview:large","max-video-preview":"max-video-preview:-1"},"canonical":"https:\/\/usf-luxembourg.eu\/en\/catering\/","og_locale":"en_US","og_type":"article","og_title":"Catering - Union Syndicale F\u00e9d\u00e9rale Luxembourg","og_url":"https:\/\/usf-luxembourg.eu\/en\/catering\/","og_site_name":"Union Syndicale F\u00e9d\u00e9rale Luxembourg","twitter_card":"summary_large_image","twitter_misc":{"Est. reading time":"4 minutes"},"schema":{"@context":"https:\/\/schema.org","@graph":[{"@type":"WebPage","@id":"https:\/\/usf-luxembourg.eu\/en\/catering\/","url":"https:\/\/usf-luxembourg.eu\/en\/catering\/","name":"Catering - Union Syndicale F\u00e9d\u00e9rale Luxembourg","isPartOf":{"@id":"https:\/\/usf-luxembourg.eu\/#website"},"datePublished":"2025-10-22T13:27:59+00:00","breadcrumb":{"@id":"https:\/\/usf-luxembourg.eu\/en\/catering\/#breadcrumb"},"inLanguage":"en-US","potentialAction":[{"@type":"ReadAction","target":["https:\/\/usf-luxembourg.eu\/en\/catering\/"]}]},{"@type":"BreadcrumbList","@id":"https:\/\/usf-luxembourg.eu\/en\/catering\/#breadcrumb","itemListElement":[{"@type":"ListItem","position":1,"name":"Accueil","item":"https:\/\/usf-luxembourg.eu\/en\/"},{"@type":"ListItem","position":2,"name":"Catering"}]},{"@type":"WebSite","@id":"https:\/\/usf-luxembourg.eu\/#website","url":"https:\/\/usf-luxembourg.eu\/","name":"Union Syndicale F\u00e9d\u00e9rale Luxembourg","description":"La solidarit\u00e9 est notre m\u00e9tier, la d\u00e9fense du personnel notre Mission","publisher":{"@id":"https:\/\/usf-luxembourg.eu\/#organization"},"potentialAction":[{"@type":"SearchAction","target":{"@type":"EntryPoint","urlTemplate":"https:\/\/usf-luxembourg.eu\/?s={search_term_string}"},"query-input":{"@type":"PropertyValueSpecification","valueRequired":true,"valueName":"search_term_string"}}],"inLanguage":"en-US"},{"@type":"Organization","@id":"https:\/\/usf-luxembourg.eu\/#organization","name":"Union Syndicale F\u00e9d\u00e9rale Luxembourg","url":"https:\/\/usf-luxembourg.eu\/","logo":{"@type":"ImageObject","inLanguage":"en-US","@id":"https:\/\/usf-luxembourg.eu\/#\/schema\/logo\/image\/","url":"https:\/\/usf-luxembourg.eu\/wp-content\/uploads\/2023\/09\/logo-USF-Luxembourg.jpg","contentUrl":"https:\/\/usf-luxembourg.eu\/wp-content\/uploads\/2023\/09\/logo-USF-Luxembourg.jpg","width":2311,"height":831,"caption":"Union Syndicale F\u00e9d\u00e9rale Luxembourg"},"image":{"@id":"https:\/\/usf-luxembourg.eu\/#\/schema\/logo\/image\/"}}]}},"_links":{"self":[{"href":"https:\/\/usf-luxembourg.eu\/en\/wp-json\/wp\/v2\/pages\/5502","targetHints":{"allow":["GET"]}}],"collection":[{"href":"https:\/\/usf-luxembourg.eu\/en\/wp-json\/wp\/v2\/pages"}],"about":[{"href":"https:\/\/usf-luxembourg.eu\/en\/wp-json\/wp\/v2\/types\/page"}],"author":[{"embeddable":true,"href":"https:\/\/usf-luxembourg.eu\/en\/wp-json\/wp\/v2\/users\/11"}],"replies":[{"embeddable":true,"href":"https:\/\/usf-luxembourg.eu\/en\/wp-json\/wp\/v2\/comments?post=5502"}],"version-history":[{"count":1,"href":"https:\/\/usf-luxembourg.eu\/en\/wp-json\/wp\/v2\/pages\/5502\/revisions"}],"predecessor-version":[{"id":5503,"href":"https:\/\/usf-luxembourg.eu\/en\/wp-json\/wp\/v2\/pages\/5502\/revisions\/5503"}],"wp:attachment":[{"href":"https:\/\/usf-luxembourg.eu\/en\/wp-json\/wp\/v2\/media?parent=5502"}],"curies":[{"name":"wp","href":"https:\/\/api.w.org\/{rel}","templated":true}]}}