{"id":4159,"date":"2022-09-02T11:17:22","date_gmt":"2022-09-02T09:17:22","guid":{"rendered":"https:\/\/usf-luxembourg.eu\/?page_id=4159"},"modified":"2022-09-02T11:17:22","modified_gmt":"2022-09-02T09:17:22","slug":"retirement","status":"publish","type":"page","link":"https:\/\/usf-luxembourg.eu\/en\/retirement\/","title":{"rendered":"Retirement"},"content":{"rendered":"<p>More and more colleagues are seeking information regarding their retirement; and this at a more and more early age. The reasons are multiple:<\/p>\n<ul>\n<li>The successive reforms of the Staff Regulations (2004 and 2014) give colleagues a general sense of complexity,<\/li>\n<li>More and more colleagues join the institutions at an older age and have therefore accumulated entitlements\/rights elsewhere,<\/li>\n<li>colleagues employed from 2004 onwards are generally employed at lower salaries regardless of whether they are officials, temporary staff members or contract staff and are therefore aware that they accumulate \u2018lower\u2019 pension rights,<\/li>\n<li>Finally, it is also necessary to consider the increase in retirement age combined with a level of motivation at work that does not improve to the contrary.<\/li>\n<\/ul>\n<p>Article 77 and Annex VIII to the <a href=\"https:\/\/eur-lex.europa.eu\/LexUriServ\/LexUriServ.do?uri=CONSLEG:1962R0031:20140101:en:PDF\">Staff Regulations<\/a> set out the conditions for retirement. The key elements are:<\/p>\n<ul>\n<li>At least 10 years of service,<\/li>\n<li>A maximum amount set at 70 % of the last base salary (without other fees) with an accumulation rate of 1.80 % per year of service,<\/li>\n<li>Pension entitlement of 66 years,<\/li>\n<li>Minimum pension.<\/li>\n<\/ul>\n<p>For more information on transfers of rights to the Community system\/regime:<\/p>\n<ul>\n<li><a href=\"https:\/\/unionsyndicale.eu\/pensions-droits-a-pension-transferer-ou-pas-avant-de-signer-votre-demande-demandez-conseil\/\">Transfer of pension rights &#8211; Explanations Union Syndicale F\u00e9d\u00e9rale<\/a> (Text in FR only)<\/li>\n<li><a href=\"https:\/\/unionsyndicale.eu\/pensions-droits-a-pension-transferer-ou-pas-avant-de-signer-votre-demande-demandez-conseil\/\">Transfer of pension rights: Explanations \u2014 Union Syndicale F\u00e9d\u00e9rale<\/a> (Video in FR)<\/li>\n<li><a href=\"https:\/\/unionsyndicale.eu\/en\/pension-rights-transferring-explained\/\">Transferring pension rights explained \u2014 Union Syndicale F\u00e9d\u00e9rale<\/a> (Video in EN)<\/li>\n<\/ul>\n<p>Additional questions? <a href=\"mailto:REP-PERS-OSP-USF-LUXEMBOURG@ec.europa.eu\">Contact us<\/a> and we will answer your questions<\/p>\n","protected":false},"excerpt":{"rendered":"<p>More and more colleagues are seeking information regarding their retirement; and this at a more and more early age. The reasons are multiple: The successive reforms of the Staff Regulations (2004 and 2014) give colleagues a general sense of complexity, More and more colleagues join the institutions at an older age and have therefore accumulated  [&#8230;]<\/p>\n","protected":false},"author":7,"featured_media":0,"parent":0,"menu_order":0,"comment_status":"closed","ping_status":"closed","template":"","meta":{"_lmt_disableupdate":"","_lmt_disable":"","footnotes":""},"class_list":["post-4159","page","type-page","status-publish","hentry"],"yoast_head":"<!-- This site is optimized with the Yoast SEO plugin v27.3 - https:\/\/yoast.com\/product\/yoast-seo-wordpress\/ -->\n<title>Retirement - Union Syndicale F\u00e9d\u00e9rale Luxembourg<\/title>\n<meta name=\"robots\" content=\"index, follow, max-snippet:-1, max-image-preview:large, max-video-preview:-1\" \/>\n<link rel=\"canonical\" href=\"https:\/\/usf-luxembourg.eu\/en\/retirement\/\" \/>\n<meta property=\"og:locale\" content=\"en_US\" \/>\n<meta property=\"og:type\" content=\"article\" \/>\n<meta property=\"og:title\" content=\"Retirement - Union Syndicale F\u00e9d\u00e9rale Luxembourg\" \/>\n<meta property=\"og:description\" content=\"More and more colleagues are seeking information regarding their retirement; and this at a more and more early age. The reasons are multiple: The successive reforms of the Staff Regulations (2004 and 2014) give colleagues a general sense of complexity, More and more colleagues join the institutions at an older age and have therefore accumulated [...]\" \/>\n<meta property=\"og:url\" content=\"https:\/\/usf-luxembourg.eu\/en\/retirement\/\" \/>\n<meta property=\"og:site_name\" content=\"Union Syndicale F\u00e9d\u00e9rale Luxembourg\" \/>\n<meta name=\"twitter:card\" content=\"summary_large_image\" \/>\n<meta name=\"twitter:label1\" content=\"Est. reading time\" \/>\n\t<meta name=\"twitter:data1\" content=\"2 minutes\" \/>\n<script type=\"application\/ld+json\" class=\"yoast-schema-graph\">{\"@context\":\"https:\\\/\\\/schema.org\",\"@graph\":[{\"@type\":\"WebPage\",\"@id\":\"https:\\\/\\\/usf-luxembourg.eu\\\/en\\\/retirement\\\/\",\"url\":\"https:\\\/\\\/usf-luxembourg.eu\\\/en\\\/retirement\\\/\",\"name\":\"Retirement - Union Syndicale F\u00e9d\u00e9rale Luxembourg\",\"isPartOf\":{\"@id\":\"https:\\\/\\\/usf-luxembourg.eu\\\/#website\"},\"datePublished\":\"2022-09-02T09:17:22+00:00\",\"breadcrumb\":{\"@id\":\"https:\\\/\\\/usf-luxembourg.eu\\\/en\\\/retirement\\\/#breadcrumb\"},\"inLanguage\":\"en-US\",\"potentialAction\":[{\"@type\":\"ReadAction\",\"target\":[\"https:\\\/\\\/usf-luxembourg.eu\\\/en\\\/retirement\\\/\"]}]},{\"@type\":\"BreadcrumbList\",\"@id\":\"https:\\\/\\\/usf-luxembourg.eu\\\/en\\\/retirement\\\/#breadcrumb\",\"itemListElement\":[{\"@type\":\"ListItem\",\"position\":1,\"name\":\"Accueil\",\"item\":\"https:\\\/\\\/usf-luxembourg.eu\\\/en\\\/\"},{\"@type\":\"ListItem\",\"position\":2,\"name\":\"Retirement\"}]},{\"@type\":\"WebSite\",\"@id\":\"https:\\\/\\\/usf-luxembourg.eu\\\/#website\",\"url\":\"https:\\\/\\\/usf-luxembourg.eu\\\/\",\"name\":\"Union Syndicale F\u00e9d\u00e9rale Luxembourg\",\"description\":\"La solidarit\u00e9 est notre m\u00e9tier, la d\u00e9fense du personnel notre Mission\",\"publisher\":{\"@id\":\"https:\\\/\\\/usf-luxembourg.eu\\\/#organization\"},\"potentialAction\":[{\"@type\":\"SearchAction\",\"target\":{\"@type\":\"EntryPoint\",\"urlTemplate\":\"https:\\\/\\\/usf-luxembourg.eu\\\/?s={search_term_string}\"},\"query-input\":{\"@type\":\"PropertyValueSpecification\",\"valueRequired\":true,\"valueName\":\"search_term_string\"}}],\"inLanguage\":\"en-US\"},{\"@type\":\"Organization\",\"@id\":\"https:\\\/\\\/usf-luxembourg.eu\\\/#organization\",\"name\":\"Union Syndicale F\u00e9d\u00e9rale Luxembourg\",\"url\":\"https:\\\/\\\/usf-luxembourg.eu\\\/\",\"logo\":{\"@type\":\"ImageObject\",\"inLanguage\":\"en-US\",\"@id\":\"https:\\\/\\\/usf-luxembourg.eu\\\/#\\\/schema\\\/logo\\\/image\\\/\",\"url\":\"https:\\\/\\\/usf-luxembourg.eu\\\/wp-content\\\/uploads\\\/2023\\\/09\\\/logo-USF-Luxembourg.jpg\",\"contentUrl\":\"https:\\\/\\\/usf-luxembourg.eu\\\/wp-content\\\/uploads\\\/2023\\\/09\\\/logo-USF-Luxembourg.jpg\",\"width\":2311,\"height\":831,\"caption\":\"Union Syndicale F\u00e9d\u00e9rale Luxembourg\"},\"image\":{\"@id\":\"https:\\\/\\\/usf-luxembourg.eu\\\/#\\\/schema\\\/logo\\\/image\\\/\"}}]}<\/script>\n<!-- \/ Yoast SEO plugin. -->","yoast_head_json":{"title":"Retirement - Union Syndicale F\u00e9d\u00e9rale Luxembourg","robots":{"index":"index","follow":"follow","max-snippet":"max-snippet:-1","max-image-preview":"max-image-preview:large","max-video-preview":"max-video-preview:-1"},"canonical":"https:\/\/usf-luxembourg.eu\/en\/retirement\/","og_locale":"en_US","og_type":"article","og_title":"Retirement - Union Syndicale F\u00e9d\u00e9rale Luxembourg","og_description":"More and more colleagues are seeking information regarding their retirement; and this at a more and more early age. The reasons are multiple: The successive reforms of the Staff Regulations (2004 and 2014) give colleagues a general sense of complexity, More and more colleagues join the institutions at an older age and have therefore accumulated [...]","og_url":"https:\/\/usf-luxembourg.eu\/en\/retirement\/","og_site_name":"Union Syndicale F\u00e9d\u00e9rale Luxembourg","twitter_card":"summary_large_image","twitter_misc":{"Est. reading time":"2 minutes"},"schema":{"@context":"https:\/\/schema.org","@graph":[{"@type":"WebPage","@id":"https:\/\/usf-luxembourg.eu\/en\/retirement\/","url":"https:\/\/usf-luxembourg.eu\/en\/retirement\/","name":"Retirement - Union Syndicale F\u00e9d\u00e9rale Luxembourg","isPartOf":{"@id":"https:\/\/usf-luxembourg.eu\/#website"},"datePublished":"2022-09-02T09:17:22+00:00","breadcrumb":{"@id":"https:\/\/usf-luxembourg.eu\/en\/retirement\/#breadcrumb"},"inLanguage":"en-US","potentialAction":[{"@type":"ReadAction","target":["https:\/\/usf-luxembourg.eu\/en\/retirement\/"]}]},{"@type":"BreadcrumbList","@id":"https:\/\/usf-luxembourg.eu\/en\/retirement\/#breadcrumb","itemListElement":[{"@type":"ListItem","position":1,"name":"Accueil","item":"https:\/\/usf-luxembourg.eu\/en\/"},{"@type":"ListItem","position":2,"name":"Retirement"}]},{"@type":"WebSite","@id":"https:\/\/usf-luxembourg.eu\/#website","url":"https:\/\/usf-luxembourg.eu\/","name":"Union Syndicale F\u00e9d\u00e9rale Luxembourg","description":"La solidarit\u00e9 est notre m\u00e9tier, la d\u00e9fense du personnel notre Mission","publisher":{"@id":"https:\/\/usf-luxembourg.eu\/#organization"},"potentialAction":[{"@type":"SearchAction","target":{"@type":"EntryPoint","urlTemplate":"https:\/\/usf-luxembourg.eu\/?s={search_term_string}"},"query-input":{"@type":"PropertyValueSpecification","valueRequired":true,"valueName":"search_term_string"}}],"inLanguage":"en-US"},{"@type":"Organization","@id":"https:\/\/usf-luxembourg.eu\/#organization","name":"Union Syndicale F\u00e9d\u00e9rale Luxembourg","url":"https:\/\/usf-luxembourg.eu\/","logo":{"@type":"ImageObject","inLanguage":"en-US","@id":"https:\/\/usf-luxembourg.eu\/#\/schema\/logo\/image\/","url":"https:\/\/usf-luxembourg.eu\/wp-content\/uploads\/2023\/09\/logo-USF-Luxembourg.jpg","contentUrl":"https:\/\/usf-luxembourg.eu\/wp-content\/uploads\/2023\/09\/logo-USF-Luxembourg.jpg","width":2311,"height":831,"caption":"Union Syndicale F\u00e9d\u00e9rale Luxembourg"},"image":{"@id":"https:\/\/usf-luxembourg.eu\/#\/schema\/logo\/image\/"}}]}},"_links":{"self":[{"href":"https:\/\/usf-luxembourg.eu\/en\/wp-json\/wp\/v2\/pages\/4159","targetHints":{"allow":["GET"]}}],"collection":[{"href":"https:\/\/usf-luxembourg.eu\/en\/wp-json\/wp\/v2\/pages"}],"about":[{"href":"https:\/\/usf-luxembourg.eu\/en\/wp-json\/wp\/v2\/types\/page"}],"author":[{"embeddable":true,"href":"https:\/\/usf-luxembourg.eu\/en\/wp-json\/wp\/v2\/users\/7"}],"replies":[{"embeddable":true,"href":"https:\/\/usf-luxembourg.eu\/en\/wp-json\/wp\/v2\/comments?post=4159"}],"version-history":[{"count":1,"href":"https:\/\/usf-luxembourg.eu\/en\/wp-json\/wp\/v2\/pages\/4159\/revisions"}],"predecessor-version":[{"id":4160,"href":"https:\/\/usf-luxembourg.eu\/en\/wp-json\/wp\/v2\/pages\/4159\/revisions\/4160"}],"wp:attachment":[{"href":"https:\/\/usf-luxembourg.eu\/en\/wp-json\/wp\/v2\/media?parent=4159"}],"curies":[{"name":"wp","href":"https:\/\/api.w.org\/{rel}","templated":true}]}}