{"id":3584,"date":"2020-04-18T15:27:14","date_gmt":"2020-04-18T13:27:14","guid":{"rendered":"https:\/\/usf-luxembourg.eu\/?page_id=3584"},"modified":"2025-10-22T14:25:30","modified_gmt":"2025-10-22T12:25:30","slug":"conflict_or_harassment","status":"publish","type":"page","link":"https:\/\/usf-luxembourg.eu\/en\/conflict_or_harassment\/","title":{"rendered":"Conflict or Harassment?"},"content":{"rendered":"<p><div class=\"fusion-fullwidth fullwidth-box fusion-builder-row-1 fusion-parallax-none nonhundred-percent-fullwidth non-hundred-percent-height-scrolling\" style=\"--awb-background-position:left top;--awb-border-sizes-top:0px;--awb-border-sizes-bottom:0px;--awb-border-sizes-left:0px;--awb-border-sizes-right:0px;--awb-border-radius-top-left:0px;--awb-border-radius-top-right:0px;--awb-border-radius-bottom-right:0px;--awb-border-radius-bottom-left:0px;--awb-padding-top:20px;--awb-padding-bottom:20px;--awb-background-image:url(&quot;https:\/\/usf-luxembourg.eu\/wp-content\/uploads\/2017\/07\/Sans-titre-1-1-1.jpg&quot;);--awb-background-size:cover;--awb-flex-wrap:wrap;\" ><div class=\"fusion-builder-row fusion-row\"><div class=\"fusion-layout-column fusion_builder_column fusion-builder-column-0 fusion_builder_column_1_1 1_1 fusion-one-full fusion-column-first fusion-column-last\" style=\"--awb-bg-size:cover;\"><div class=\"fusion-column-wrapper fusion-flex-column-wrapper-legacy\"><div class=\"fusion-text fusion-text-1\"><h1><span style=\"color: #ffffff;\">Conflict or Harassment? <\/span><\/h1>\n<\/div><div class=\"fusion-clearfix\"><\/div><\/div><\/div><\/div><\/div><div class=\"fusion-fullwidth fullwidth-box fusion-builder-row-2 nonhundred-percent-fullwidth non-hundred-percent-height-scrolling\" style=\"--awb-background-position:left top;--awb-border-sizes-top:0px;--awb-border-sizes-bottom:0px;--awb-border-sizes-left:0px;--awb-border-sizes-right:0px;--awb-border-radius-top-left:0px;--awb-border-radius-top-right:0px;--awb-border-radius-bottom-right:0px;--awb-border-radius-bottom-left:0px;--awb-padding-top:20px;--awb-padding-bottom:20px;--awb-flex-wrap:wrap;\" ><div class=\"fusion-builder-row fusion-row\"><div class=\"fusion-layout-column fusion_builder_column fusion-builder-column-1 fusion_builder_column_1_1 1_1 fusion-one-full fusion-column-first fusion-column-last\" style=\"--awb-bg-size:cover;\"><div class=\"fusion-column-wrapper fusion-flex-column-wrapper-legacy\"><div class=\"fusion-text fusion-text-2\"><p><span data-contrast=\"auto\">Art 12a of the Staff Regulations starts with: \"An official shall refrain from any action or behaviour which might reflect adversely upon his position.\" and thereafter defines psychological harassment that consists of repetitive or systematic improper behaviour as well as sexual harassment.<\/span><span data-ccp-props=\"{\">\u00a0<\/span><\/p>\n<p><span data-contrast=\"auto\">Most colleagues feeling harassed come to Union Syndicale F\u00e9d\u00e9rale-Luxembourg with a description of events they undergo, which unfortunately do not fall into the psychological harassment definition (as laid down in the Staff Regulations). Indeed, when looking at the few officially recognized cases of psychological harassment, it is obvious that formal recognition of such harassment is close to impossible. Why is that so? Well, our employer has put in place some kind of filtering, according to which an informal procedure is launched, that leads colleagues through a confidential counsellor's network (with a Chief Confidential Counsellor) and\/or the Mediation service who do their best to advise and\/or help colleagues with harassment complaints.\u00a0<\/span><span data-ccp-props=\"{\">\u00a0<\/span><\/p>\n<p><span data-contrast=\"auto\">According to the rules in place this informal procedure does not lead to any official harassment recognition. If the result of this procedure is not satisfactory for the colleague feeling harassed, the formal procedure can be launched. The formal procedure is carried out by the IDOC (the internal enquiry service), which is a DG HR service or by OLAF.<\/span><span data-ccp-props=\"{\">\u00a0<\/span><\/p>\n<p><span data-ccp-props=\"{\">\u00a0<\/span><\/p>\n<p><span data-contrast=\"auto\">In fact, the informal procedure diminishes the proportion of colleagues who finally launch the formal procedure. However, one should note that there is no obligation to go through the informal procedure before going to the formal one.<\/span><span data-ccp-props=\"{\">\u00a0<\/span><\/p>\n<p><span data-ccp-props=\"{\">\u00a0<\/span><\/p>\n<p><span data-contrast=\"auto\">Harassment situations may originate from a conflict at work which is not addressed in a timely manner. However, this does not mean that all conflicts at work are harassment (repetitive or systematic improper behaviour). Consequently, anything that is not formally considered as harassment (not repetitive or systematic improper behaviour) is considered as a conflict.<\/span><span data-ccp-props=\"{\">\u00a0<\/span><\/p>\n<p><span data-ccp-props=\"{\">\u00a0<\/span><\/p>\n<p><span data-contrast=\"auto\">In case of harassment, the confidential counsellor network, the Mediation service and IDOC are not the only actors who can help. The formal and informal procedures also often involve the social and medical services (social workers are attached hierarchically to the medical service).<\/span><span data-ccp-props=\"{\">\u00a0<\/span><\/p>\n<p><span data-ccp-props=\"{\">\u00a0<\/span><\/p>\n<p><span data-contrast=\"auto\"><span style=\"color: #ff0000;\">Union Syndicale F\u00e9d\u00e9rale-Luxembourg<\/span> believes that each colleague involved in a conflict or harassment situation deserves attention, listening and understanding. Therefore, USF-L offers its support to complete the system deficiencies.\u00a0<\/span><span data-ccp-props=\"{\">\u00a0<\/span><\/p>\n<p><span data-contrast=\"auto\">Do not hesitate to contact us!<\/span><span data-ccp-props=\"{\">\u00a0<\/span><\/p>\n<p><span data-ccp-props=\"\">\u00a0<\/span><\/p>\n<p><span style=\"text-decoration: underline;\">Disclaimer<\/span><span data-contrast=\"auto\">:<\/span><span data-ccp-props=\"\">\u00a0<\/span><\/p>\n<p><span data-contrast=\"none\">We always try to provide you with the latest information. However, the fast evolution of the situation does not always allow us to timely update this page content. The references hereunder (leaflets and news) might provide you with additional information. However, if you need to have a quick update don't hesitate to contact us: <\/span><a href=\"mailto:REP-PERS-OSP-USF-LUXEMBOURG@ec.europa.eu\"><span data-contrast=\"none\">REP-PERS-OSP-USF-LUXEMBOURG@ec.europa.eu<\/span><\/a><span data-contrast=\"none\">\u202f\u202f<\/span><span data-ccp-props=\"{\">\u00a0<\/span><\/p>\n<p><span data-ccp-props=\"{\">\u00a0<\/span><\/p>\n<p><b><span data-contrast=\"auto\">LEGAL BASIS:<\/span><\/b><span data-ccp-props=\"\">\u00a0<\/span><\/p>\n<ul>\n<li><a href=\"https:\/\/eur-lex.europa.eu\/legal-content\/EN\/TXT\/PDF\/?uri=CELEX:01962R0031-20230101&from=EN\">Staff Regulations<\/a>: Art 1d, 12a (12 bis)<\/li>\n<li>C(2006)1624\/3: <a href=\"https:\/\/myintracomm.ec.europa.eu\/staff\/Documents\/staff-conduct\/individual-obligations\/C_2023_8630_1_EN.pdf\">Commission decision on the prevention of and fight against psychological and sexual harassment<\/a><\/li>\n<\/ul>\n<p><b><span data-contrast=\"auto\">OTHER USEFUL LINKS:<\/span><\/b><span data-ccp-props=\"\">\u00a0<\/span><\/p>\n<ul>\n<li>Intracomm: <a href=\"https:\/\/myintracomm.ec.europa.eu\/staff\/en\/staff-conduct\/anti-harassment\/pages\/index.aspx\">Harassment<\/a><\/li>\n<li>Confidential Councellor: <a href=\"https:\/\/myintracomm.ec.europa.eu\/staff\/_layouts\/15\/WopiFrame.aspx?sourcedoc=%7BB1D56AB7-1BA8-4A67-83F5-D366542BB8F5%7D&file=harassment-contact-confidential-counsellors.pdf&action=default\">harassment-contact-confidential-counsellors.pdf (europa.eu)<\/a><\/li>\n<li>Medical service (Service Social\/ Psychologue): <a href=\"https:\/\/myintracomm.ec.europa.eu\/staff\/EN\/health\/preventive-medicine\/medical-service-team\/Pages\/luxembourg.aspx\">Medical service Luxembourg (europa.eu)<\/a><\/li>\n<li>M\u00e9diation service: <a href=\"https:\/\/myintracomm.ec.europa.eu\/sg\/mediation\/Pages\/index.aspx\">The Mediation Service (europa.eu)<\/a><\/li>\n<li>IDOC: <a href=\"https:\/\/myintracomm.ec.europa.eu\/staff\/en\/staff-conduct\/idoc\/Pages\/index.aspx?ln=en\">Investigation and Disciplinary Office of the Commission (IDOC) (europa.eu)<\/a><\/li>\n<li>OLAF: <a href=\"https:\/\/eceuropaeu.sharepoint.com\/sites\/anti-fraud\/SitePages\/How%20to%20Report%20to%20OLAF.aspx?csf=1&web=1&e=9IVgt7&cid=c312bf4e-d6eb-4ef5-99f0-b48d92a1e899\">How to report to OLAF? (sharepoint.com)<\/a><\/li>\n<\/ul>\n<p><b><span data-contrast=\"auto\">RELATED LEAFLETS:<\/span><\/b><span data-ccp-props=\"\">\u00a0<\/span><\/p>\n<ul>\n<li><a href=\"https:\/\/usf-luxembourg.eu\/wp-content\/uploads\/2023\/02\/Harassement-Decision.pdf\">Negotiations on the new harassement decision<\/a>\u202f(26\/01\/2023)<\/li>\n<li><a href=\"https:\/\/usf-luxembourg.eu\/wp-content\/uploads\/2019\/09\/Harcelement-20190926_EN.pdf\">Harassment: new negotiations<\/a>\u2026\u202f(26\/09\/2019)<\/li>\n<\/ul>\n<p><b><span data-contrast=\"auto\">RELATED NEWS:\u00a0<\/span><\/b><span data-ccp-props=\"\">\u00a0<\/span><\/p>\n<ul>\n<li><a href=\"https:\/\/usf-luxembourg.eu\/wp-content\/uploads\/2023\/03\/Harassment-really.pdf\"><span data-contrast=\"none\">Harassment-really.pdf (usf-luxembourg.eu)<\/span><\/a> <span data-contrast=\"auto\">(03\/2023)<\/span><span data-ccp-props=\"{\">\u00a0<\/span><\/li>\n<\/ul>\n<\/div><div class=\"fusion-clearfix\"><\/div><\/div><\/div><\/div><\/div><\/p>\n","protected":false},"excerpt":{"rendered":"","protected":false},"author":7,"featured_media":0,"parent":0,"menu_order":0,"comment_status":"closed","ping_status":"closed","template":"100-width.php","meta":{"_lmt_disableupdate":"no","_lmt_disable":"no","footnotes":""},"class_list":["post-3584","page","type-page","status-publish","hentry"],"yoast_head":"<!-- This site is optimized with the Yoast SEO plugin v27.1.1 - https:\/\/yoast.com\/product\/yoast-seo-wordpress\/ -->\n<title>Conflict or Harassment? - Union Syndicale F\u00e9d\u00e9rale Luxembourg<\/title>\n<meta name=\"robots\" content=\"index, follow, max-snippet:-1, max-image-preview:large, max-video-preview:-1\" \/>\n<link rel=\"canonical\" href=\"https:\/\/usf-luxembourg.eu\/en\/harassment\/\" \/>\n<meta property=\"og:locale\" content=\"en_US\" \/>\n<meta property=\"og:type\" content=\"article\" \/>\n<meta property=\"og:title\" content=\"Conflict or Harassment? - Union Syndicale F\u00e9d\u00e9rale Luxembourg\" \/>\n<meta property=\"og:url\" content=\"https:\/\/usf-luxembourg.eu\/en\/harassment\/\" \/>\n<meta property=\"og:site_name\" content=\"Union Syndicale F\u00e9d\u00e9rale Luxembourg\" \/>\n<meta property=\"article:modified_time\" content=\"2025-10-22T12:25:30+00:00\" \/>\n<meta name=\"twitter:card\" content=\"summary_large_image\" \/>\n<meta name=\"twitter:label1\" content=\"Est. reading time\" \/>\n\t<meta name=\"twitter:data1\" content=\"6 minutes\" \/>\n<script type=\"application\/ld+json\" class=\"yoast-schema-graph\">{\"@context\":\"https:\/\/schema.org\",\"@graph\":[{\"@type\":\"WebPage\",\"@id\":\"https:\/\/usf-luxembourg.eu\/en\/harassment\/\",\"url\":\"https:\/\/usf-luxembourg.eu\/en\/harassment\/\",\"name\":\"Conflict or Harassment? - Union Syndicale F\u00e9d\u00e9rale Luxembourg\",\"isPartOf\":{\"@id\":\"https:\/\/usf-luxembourg.eu\/#website\"},\"datePublished\":\"2020-04-18T13:27:14+00:00\",\"dateModified\":\"2025-10-22T12:25:30+00:00\",\"breadcrumb\":{\"@id\":\"https:\/\/usf-luxembourg.eu\/en\/harassment\/#breadcrumb\"},\"inLanguage\":\"en-US\",\"potentialAction\":[{\"@type\":\"ReadAction\",\"target\":[\"https:\/\/usf-luxembourg.eu\/en\/harassment\/\"]}]},{\"@type\":\"BreadcrumbList\",\"@id\":\"https:\/\/usf-luxembourg.eu\/en\/harassment\/#breadcrumb\",\"itemListElement\":[{\"@type\":\"ListItem\",\"position\":1,\"name\":\"Accueil\",\"item\":\"https:\/\/usf-luxembourg.eu\/en\/\"},{\"@type\":\"ListItem\",\"position\":2,\"name\":\"Harassement\"}]},{\"@type\":\"WebSite\",\"@id\":\"https:\/\/usf-luxembourg.eu\/#website\",\"url\":\"https:\/\/usf-luxembourg.eu\/\",\"name\":\"Union Syndicale F\u00e9d\u00e9rale Luxembourg\",\"description\":\"La solidarit\u00e9 est notre m\u00e9tier, la d\u00e9fense du personnel notre Mission\",\"publisher\":{\"@id\":\"https:\/\/usf-luxembourg.eu\/#organization\"},\"potentialAction\":[{\"@type\":\"SearchAction\",\"target\":{\"@type\":\"EntryPoint\",\"urlTemplate\":\"https:\/\/usf-luxembourg.eu\/?s={search_term_string}\"},\"query-input\":{\"@type\":\"PropertyValueSpecification\",\"valueRequired\":true,\"valueName\":\"search_term_string\"}}],\"inLanguage\":\"en-US\"},{\"@type\":\"Organization\",\"@id\":\"https:\/\/usf-luxembourg.eu\/#organization\",\"name\":\"Union Syndicale F\u00e9d\u00e9rale Luxembourg\",\"url\":\"https:\/\/usf-luxembourg.eu\/\",\"logo\":{\"@type\":\"ImageObject\",\"inLanguage\":\"en-US\",\"@id\":\"https:\/\/usf-luxembourg.eu\/#\/schema\/logo\/image\/\",\"url\":\"https:\/\/usf-luxembourg.eu\/wp-content\/uploads\/2023\/09\/logo-USF-Luxembourg.jpg\",\"contentUrl\":\"https:\/\/usf-luxembourg.eu\/wp-content\/uploads\/2023\/09\/logo-USF-Luxembourg.jpg\",\"width\":2311,\"height\":831,\"caption\":\"Union Syndicale F\u00e9d\u00e9rale Luxembourg\"},\"image\":{\"@id\":\"https:\/\/usf-luxembourg.eu\/#\/schema\/logo\/image\/\"}}]}<\/script>\n<!-- \/ Yoast SEO plugin. -->","yoast_head_json":{"title":"Conflict or Harassment? - Union Syndicale F\u00e9d\u00e9rale Luxembourg","robots":{"index":"index","follow":"follow","max-snippet":"max-snippet:-1","max-image-preview":"max-image-preview:large","max-video-preview":"max-video-preview:-1"},"canonical":"https:\/\/usf-luxembourg.eu\/en\/harassment\/","og_locale":"en_US","og_type":"article","og_title":"Conflict or Harassment? - Union Syndicale F\u00e9d\u00e9rale Luxembourg","og_url":"https:\/\/usf-luxembourg.eu\/en\/harassment\/","og_site_name":"Union Syndicale F\u00e9d\u00e9rale Luxembourg","article_modified_time":"2025-10-22T12:25:30+00:00","twitter_card":"summary_large_image","twitter_misc":{"Est. reading time":"6 minutes"},"schema":{"@context":"https:\/\/schema.org","@graph":[{"@type":"WebPage","@id":"https:\/\/usf-luxembourg.eu\/en\/harassment\/","url":"https:\/\/usf-luxembourg.eu\/en\/harassment\/","name":"Conflict or Harassment? - Union Syndicale F\u00e9d\u00e9rale Luxembourg","isPartOf":{"@id":"https:\/\/usf-luxembourg.eu\/#website"},"datePublished":"2020-04-18T13:27:14+00:00","dateModified":"2025-10-22T12:25:30+00:00","breadcrumb":{"@id":"https:\/\/usf-luxembourg.eu\/en\/harassment\/#breadcrumb"},"inLanguage":"en-US","potentialAction":[{"@type":"ReadAction","target":["https:\/\/usf-luxembourg.eu\/en\/harassment\/"]}]},{"@type":"BreadcrumbList","@id":"https:\/\/usf-luxembourg.eu\/en\/harassment\/#breadcrumb","itemListElement":[{"@type":"ListItem","position":1,"name":"Accueil","item":"https:\/\/usf-luxembourg.eu\/en\/"},{"@type":"ListItem","position":2,"name":"Harassement"}]},{"@type":"WebSite","@id":"https:\/\/usf-luxembourg.eu\/#website","url":"https:\/\/usf-luxembourg.eu\/","name":"Union Syndicale F\u00e9d\u00e9rale Luxembourg","description":"La solidarit\u00e9 est notre m\u00e9tier, la d\u00e9fense du personnel notre Mission","publisher":{"@id":"https:\/\/usf-luxembourg.eu\/#organization"},"potentialAction":[{"@type":"SearchAction","target":{"@type":"EntryPoint","urlTemplate":"https:\/\/usf-luxembourg.eu\/?s={search_term_string}"},"query-input":{"@type":"PropertyValueSpecification","valueRequired":true,"valueName":"search_term_string"}}],"inLanguage":"en-US"},{"@type":"Organization","@id":"https:\/\/usf-luxembourg.eu\/#organization","name":"Union Syndicale F\u00e9d\u00e9rale Luxembourg","url":"https:\/\/usf-luxembourg.eu\/","logo":{"@type":"ImageObject","inLanguage":"en-US","@id":"https:\/\/usf-luxembourg.eu\/#\/schema\/logo\/image\/","url":"https:\/\/usf-luxembourg.eu\/wp-content\/uploads\/2023\/09\/logo-USF-Luxembourg.jpg","contentUrl":"https:\/\/usf-luxembourg.eu\/wp-content\/uploads\/2023\/09\/logo-USF-Luxembourg.jpg","width":2311,"height":831,"caption":"Union Syndicale F\u00e9d\u00e9rale Luxembourg"},"image":{"@id":"https:\/\/usf-luxembourg.eu\/#\/schema\/logo\/image\/"}}]}},"_links":{"self":[{"href":"https:\/\/usf-luxembourg.eu\/en\/wp-json\/wp\/v2\/pages\/3584","targetHints":{"allow":["GET"]}}],"collection":[{"href":"https:\/\/usf-luxembourg.eu\/en\/wp-json\/wp\/v2\/pages"}],"about":[{"href":"https:\/\/usf-luxembourg.eu\/en\/wp-json\/wp\/v2\/types\/page"}],"author":[{"embeddable":true,"href":"https:\/\/usf-luxembourg.eu\/en\/wp-json\/wp\/v2\/users\/7"}],"replies":[{"embeddable":true,"href":"https:\/\/usf-luxembourg.eu\/en\/wp-json\/wp\/v2\/comments?post=3584"}],"version-history":[{"count":7,"href":"https:\/\/usf-luxembourg.eu\/en\/wp-json\/wp\/v2\/pages\/3584\/revisions"}],"predecessor-version":[{"id":5496,"href":"https:\/\/usf-luxembourg.eu\/en\/wp-json\/wp\/v2\/pages\/3584\/revisions\/5496"}],"wp:attachment":[{"href":"https:\/\/usf-luxembourg.eu\/en\/wp-json\/wp\/v2\/media?parent=3584"}],"curies":[{"name":"wp","href":"https:\/\/api.w.org\/{rel}","templated":true}]}}