{"id":1939,"date":"2023-06-23T10:00:00","date_gmt":"2023-06-23T08:00:00","guid":{"rendered":"http:\/\/usf-lux.cameleons-dev.com\/?page_id=1939&#038;lang=en"},"modified":"2025-06-30T23:18:49","modified_gmt":"2025-06-30T21:18:49","slug":"newsletter","status":"publish","type":"page","link":"https:\/\/usf-luxembourg.eu\/en\/newsletter\/","title":{"rendered":"Newsletter"},"content":{"rendered":"<p><div class=\"fusion-fullwidth fullwidth-box fusion-builder-row-1 fusion-parallax-none nonhundred-percent-fullwidth non-hundred-percent-height-scrolling\" style=\"--awb-background-position:center top;--awb-border-sizes-top:0px;--awb-border-sizes-bottom:0px;--awb-border-sizes-left:0px;--awb-border-sizes-right:0px;--awb-border-radius-top-left:0px;--awb-border-radius-top-right:0px;--awb-border-radius-bottom-right:0px;--awb-border-radius-bottom-left:0px;--awb-padding-top:50px;--awb-padding-bottom:50px;--awb-background-image:url(&quot;http:\/\/usf-lux.cameleons-dev.com\/wp-content\/uploads\/2016\/12\/newsletter.jpg&quot;);--awb-background-size:cover;--awb-flex-wrap:wrap;\" ><div class=\"fusion-builder-row fusion-row\"><div class=\"fusion-layout-column fusion_builder_column fusion-builder-column-0 fusion_builder_column_1_1 1_1 fusion-one-full fusion-column-first fusion-column-last\" style=\"--awb-bg-size:cover;\"><div class=\"fusion-column-wrapper fusion-flex-column-wrapper-legacy\"><div class=\"fusion-text fusion-text-1\"><h1><span style=\"color: #ffffff;\">Newsletter <\/span><\/h1>\n<\/div><div class=\"fusion-clearfix\"><\/div><\/div><\/div><\/div><\/div><div class=\"fusion-fullwidth fullwidth-box fusion-builder-row-2 nonhundred-percent-fullwidth non-hundred-percent-height-scrolling\" style=\"--awb-background-position:left top;--awb-border-sizes-top:0px;--awb-border-sizes-bottom:0px;--awb-border-sizes-left:0px;--awb-border-sizes-right:0px;--awb-border-radius-top-left:0px;--awb-border-radius-top-right:0px;--awb-border-radius-bottom-right:0px;--awb-border-radius-bottom-left:0px;--awb-padding-top:20px;--awb-padding-bottom:20px;--awb-background-color:#ffffff;--awb-flex-wrap:wrap;\" ><div class=\"fusion-builder-row fusion-row\"><div class=\"fusion-layout-column fusion_builder_column fusion-builder-column-1 fusion_builder_column_1_1 1_1 fusion-one-full fusion-column-first fusion-column-last\" style=\"--awb-bg-size:cover;\"><div class=\"fusion-column-wrapper fusion-flex-column-wrapper-legacy\"><div class=\"fusion-text fusion-text-2\"><p><strong><a href=\"https:\/\/usf-luxembourg.eu\/wp-content\/uploads\/2025\/06\/2025-06_Newsletter-USFL-1.pdf\">Newsletter June 2025<\/a><\/strong> (30\/06\/2025)<\/p>\n<p><strong><a href=\"https:\/\/usf-luxembourg.eu\/wp-content\/uploads\/2024\/10\/2024-10_Newsletter-USFL-1.pdf\">Newsletter October 2024<\/a><\/strong> (10\/10\/2024)<\/p>\n<p><strong><a href=\"https:\/\/usf-luxembourg.eu\/wp-content\/uploads\/2024\/07\/2024-07_Newsletter-USFL-1.pdf\">Newsletter July 2024<\/a><\/strong> (02\/07\/2024)<\/p>\n<p><strong><a href=\"https:\/\/usf-luxembourg.eu\/wp-content\/uploads\/2024\/04\/2024-04_Newsletter-USFL-1.pdf\">Newsletter April 2024<\/a><\/strong> (24\/04\/2024)<\/p>\n<p><a href=\"https:\/\/usf-luxembourg.eu\/wp-content\/uploads\/2023\/12\/2023-11_Newsletter-USFL-1.pdf\"><strong>Newsletter November \/ December 2023<\/strong><\/a> (01\/10\/2023)<\/p>\n<p><strong><a href=\"https:\/\/usf-luxembourg.eu\/wp-content\/uploads\/2023\/10\/Newsletter-USFL_09-10_2023.pdf\">Newsletter September \/ October 2023<\/a> <\/strong>(09\/10\/2023)<\/p>\n<p><a href=\"https:\/\/usf-luxembourg.eu\/wp-content\/uploads\/2023\/06\/USF-Luxembourg-Newsletter-Mai_juin-2023-2.pdf\"><strong>Newsletter May \/ June 2023<\/strong><\/a> (23\/06\/2023)<\/p>\n<p><a href=\"https:\/\/usf-luxembourg.eu\/wp-content\/uploads\/2023\/04\/USF-Luxembourg-Newsletter-Avril-2023.pdf\"><strong>Newsletter 04\/2023<\/strong><\/a> (14\/04\/2023)<\/p>\n<p><a href=\"https:\/\/usf-luxembourg.eu\/wp-content\/uploads\/2023\/03\/USF-Luxembourg-Newsletter-March-2023.pdf\"><strong>Newsletter 03\/2023<\/strong><\/a> (03\/03\/2023)<\/p>\n<p><a href=\"https:\/\/usf-luxembourg.eu\/wp-content\/uploads\/2022\/11\/Liste-1_Newsletter-elections-20221121.pdf\"><strong>Newsletter 21\/11\/2022 <\/strong><\/a>(21\/11\/2022)<\/p>\n<p><a href=\"https:\/\/usf-luxembourg.eu\/wp-content\/uploads\/2022\/11\/Liste-1_Newsletter-elections-20221117.pdf\"><strong>Newsletter 17\/11\/2022 <\/strong><\/a>(17\/11\/2022)<\/p>\n<p><a href=\"https:\/\/usf-luxembourg.eu\/wp-content\/uploads\/2022\/11\/Liste-1_Newsletter-elections-20221110.pdf\"><strong> Newsletter 10\/11\/2022 <\/strong><\/a>(10\/11\/2022)<\/p>\n<p><a href=\"https:\/\/usf-luxembourg.eu\/wp-content\/uploads\/2022\/10\/Newsletter-20221027.pdf\"><strong> Newsletter 10\/2022 <\/strong><\/a>(27\/10\/2022)<\/p>\n<p><a href=\"https:\/\/usf-luxembourg.eu\/wp-content\/uploads\/2019\/06\/USFLuxembourg-Newsletter2.pdf\"><strong> Newsletter n\u00b02 <\/strong><\/a>(June 2019)<\/p>\n<p><a href=\"https:\/\/usf-luxembourg.eu\/wp-content\/uploads\/2019\/03\/USFLuxembourg-Newsletter-mars-2019.pdf\"><strong> Newsletter n\u00b01<\/strong><\/a> (March 2019)<\/p>\n<p><strong> <a href=\"https:\/\/usf-luxembourg.eu\/wp-content\/uploads\/2017\/01\/USFL-newsletter_october_EN.pdf\">Newsletter October 2016<\/a><\/strong><\/p>\n<p><strong><a href=\"https:\/\/usf-luxembourg.eu\/wp-content\/uploads\/2016\/08\/Newsletter_april2016.pdf\">Newsletter April 2016<\/a> <\/strong><\/p>\n<div class=\"fusion-sep-clear\"><\/div>\n<div class=\"fusion-separator fusion-full-width-sep sep-single\"><\/div>\n<\/div><div class=\"fusion-clearfix\"><\/div><\/div><\/div><\/div><\/div><\/p>\n","protected":false},"excerpt":{"rendered":"","protected":false},"author":7,"featured_media":0,"parent":0,"menu_order":0,"comment_status":"open","ping_status":"closed","template":"100-width.php","meta":{"_lmt_disableupdate":"no","_lmt_disable":"no","footnotes":""},"class_list":["post-1939","page","type-page","status-publish","hentry"],"yoast_head":"<!-- This site is optimized with the Yoast SEO plugin v27.3 - https:\/\/yoast.com\/product\/yoast-seo-wordpress\/ -->\n<title>Newsletter - Union Syndicale F\u00e9d\u00e9rale Luxembourg<\/title>\n<meta name=\"robots\" content=\"index, follow, max-snippet:-1, max-image-preview:large, max-video-preview:-1\" \/>\n<link rel=\"canonical\" href=\"https:\/\/usf-luxembourg.eu\/en\/newsletter\/\" \/>\n<meta property=\"og:locale\" content=\"en_US\" \/>\n<meta property=\"og:type\" content=\"article\" \/>\n<meta property=\"og:title\" content=\"Newsletter - Union Syndicale F\u00e9d\u00e9rale Luxembourg\" \/>\n<meta property=\"og:url\" content=\"https:\/\/usf-luxembourg.eu\/en\/newsletter\/\" \/>\n<meta property=\"og:site_name\" content=\"Union Syndicale F\u00e9d\u00e9rale Luxembourg\" \/>\n<meta property=\"article:modified_time\" content=\"2025-06-30T21:18:49+00:00\" \/>\n<meta name=\"twitter:card\" content=\"summary_large_image\" \/>\n<meta name=\"twitter:label1\" content=\"Est. reading time\" \/>\n\t<meta name=\"twitter:data1\" content=\"1 minute\" \/>\n<script type=\"application\/ld+json\" class=\"yoast-schema-graph\">{\"@context\":\"https:\\\/\\\/schema.org\",\"@graph\":[{\"@type\":\"WebPage\",\"@id\":\"https:\\\/\\\/usf-luxembourg.eu\\\/en\\\/newsletter\\\/\",\"url\":\"https:\\\/\\\/usf-luxembourg.eu\\\/en\\\/newsletter\\\/\",\"name\":\"Newsletter - Union Syndicale F\u00e9d\u00e9rale Luxembourg\",\"isPartOf\":{\"@id\":\"https:\\\/\\\/usf-luxembourg.eu\\\/#website\"},\"datePublished\":\"2023-06-23T08:00:00+00:00\",\"dateModified\":\"2025-06-30T21:18:49+00:00\",\"breadcrumb\":{\"@id\":\"https:\\\/\\\/usf-luxembourg.eu\\\/en\\\/newsletter\\\/#breadcrumb\"},\"inLanguage\":\"en-US\",\"potentialAction\":[{\"@type\":\"ReadAction\",\"target\":[\"https:\\\/\\\/usf-luxembourg.eu\\\/en\\\/newsletter\\\/\"]}]},{\"@type\":\"BreadcrumbList\",\"@id\":\"https:\\\/\\\/usf-luxembourg.eu\\\/en\\\/newsletter\\\/#breadcrumb\",\"itemListElement\":[{\"@type\":\"ListItem\",\"position\":1,\"name\":\"Accueil\",\"item\":\"https:\\\/\\\/usf-luxembourg.eu\\\/en\\\/\"},{\"@type\":\"ListItem\",\"position\":2,\"name\":\"Newsletter\"}]},{\"@type\":\"WebSite\",\"@id\":\"https:\\\/\\\/usf-luxembourg.eu\\\/#website\",\"url\":\"https:\\\/\\\/usf-luxembourg.eu\\\/\",\"name\":\"Union Syndicale F\u00e9d\u00e9rale Luxembourg\",\"description\":\"La solidarit\u00e9 est notre m\u00e9tier, la d\u00e9fense du personnel notre Mission\",\"publisher\":{\"@id\":\"https:\\\/\\\/usf-luxembourg.eu\\\/#organization\"},\"potentialAction\":[{\"@type\":\"SearchAction\",\"target\":{\"@type\":\"EntryPoint\",\"urlTemplate\":\"https:\\\/\\\/usf-luxembourg.eu\\\/?s={search_term_string}\"},\"query-input\":{\"@type\":\"PropertyValueSpecification\",\"valueRequired\":true,\"valueName\":\"search_term_string\"}}],\"inLanguage\":\"en-US\"},{\"@type\":\"Organization\",\"@id\":\"https:\\\/\\\/usf-luxembourg.eu\\\/#organization\",\"name\":\"Union Syndicale F\u00e9d\u00e9rale Luxembourg\",\"url\":\"https:\\\/\\\/usf-luxembourg.eu\\\/\",\"logo\":{\"@type\":\"ImageObject\",\"inLanguage\":\"en-US\",\"@id\":\"https:\\\/\\\/usf-luxembourg.eu\\\/#\\\/schema\\\/logo\\\/image\\\/\",\"url\":\"https:\\\/\\\/usf-luxembourg.eu\\\/wp-content\\\/uploads\\\/2023\\\/09\\\/logo-USF-Luxembourg.jpg\",\"contentUrl\":\"https:\\\/\\\/usf-luxembourg.eu\\\/wp-content\\\/uploads\\\/2023\\\/09\\\/logo-USF-Luxembourg.jpg\",\"width\":2311,\"height\":831,\"caption\":\"Union Syndicale F\u00e9d\u00e9rale Luxembourg\"},\"image\":{\"@id\":\"https:\\\/\\\/usf-luxembourg.eu\\\/#\\\/schema\\\/logo\\\/image\\\/\"}}]}<\/script>\n<!-- \/ Yoast SEO plugin. -->","yoast_head_json":{"title":"Newsletter - Union Syndicale F\u00e9d\u00e9rale Luxembourg","robots":{"index":"index","follow":"follow","max-snippet":"max-snippet:-1","max-image-preview":"max-image-preview:large","max-video-preview":"max-video-preview:-1"},"canonical":"https:\/\/usf-luxembourg.eu\/en\/newsletter\/","og_locale":"en_US","og_type":"article","og_title":"Newsletter - Union Syndicale F\u00e9d\u00e9rale Luxembourg","og_url":"https:\/\/usf-luxembourg.eu\/en\/newsletter\/","og_site_name":"Union Syndicale F\u00e9d\u00e9rale Luxembourg","article_modified_time":"2025-06-30T21:18:49+00:00","twitter_card":"summary_large_image","twitter_misc":{"Est. reading time":"1 minute"},"schema":{"@context":"https:\/\/schema.org","@graph":[{"@type":"WebPage","@id":"https:\/\/usf-luxembourg.eu\/en\/newsletter\/","url":"https:\/\/usf-luxembourg.eu\/en\/newsletter\/","name":"Newsletter - Union Syndicale F\u00e9d\u00e9rale Luxembourg","isPartOf":{"@id":"https:\/\/usf-luxembourg.eu\/#website"},"datePublished":"2023-06-23T08:00:00+00:00","dateModified":"2025-06-30T21:18:49+00:00","breadcrumb":{"@id":"https:\/\/usf-luxembourg.eu\/en\/newsletter\/#breadcrumb"},"inLanguage":"en-US","potentialAction":[{"@type":"ReadAction","target":["https:\/\/usf-luxembourg.eu\/en\/newsletter\/"]}]},{"@type":"BreadcrumbList","@id":"https:\/\/usf-luxembourg.eu\/en\/newsletter\/#breadcrumb","itemListElement":[{"@type":"ListItem","position":1,"name":"Accueil","item":"https:\/\/usf-luxembourg.eu\/en\/"},{"@type":"ListItem","position":2,"name":"Newsletter"}]},{"@type":"WebSite","@id":"https:\/\/usf-luxembourg.eu\/#website","url":"https:\/\/usf-luxembourg.eu\/","name":"Union Syndicale F\u00e9d\u00e9rale Luxembourg","description":"La solidarit\u00e9 est notre m\u00e9tier, la d\u00e9fense du personnel notre Mission","publisher":{"@id":"https:\/\/usf-luxembourg.eu\/#organization"},"potentialAction":[{"@type":"SearchAction","target":{"@type":"EntryPoint","urlTemplate":"https:\/\/usf-luxembourg.eu\/?s={search_term_string}"},"query-input":{"@type":"PropertyValueSpecification","valueRequired":true,"valueName":"search_term_string"}}],"inLanguage":"en-US"},{"@type":"Organization","@id":"https:\/\/usf-luxembourg.eu\/#organization","name":"Union Syndicale F\u00e9d\u00e9rale Luxembourg","url":"https:\/\/usf-luxembourg.eu\/","logo":{"@type":"ImageObject","inLanguage":"en-US","@id":"https:\/\/usf-luxembourg.eu\/#\/schema\/logo\/image\/","url":"https:\/\/usf-luxembourg.eu\/wp-content\/uploads\/2023\/09\/logo-USF-Luxembourg.jpg","contentUrl":"https:\/\/usf-luxembourg.eu\/wp-content\/uploads\/2023\/09\/logo-USF-Luxembourg.jpg","width":2311,"height":831,"caption":"Union Syndicale F\u00e9d\u00e9rale Luxembourg"},"image":{"@id":"https:\/\/usf-luxembourg.eu\/#\/schema\/logo\/image\/"}}]}},"_links":{"self":[{"href":"https:\/\/usf-luxembourg.eu\/en\/wp-json\/wp\/v2\/pages\/1939","targetHints":{"allow":["GET"]}}],"collection":[{"href":"https:\/\/usf-luxembourg.eu\/en\/wp-json\/wp\/v2\/pages"}],"about":[{"href":"https:\/\/usf-luxembourg.eu\/en\/wp-json\/wp\/v2\/types\/page"}],"author":[{"embeddable":true,"href":"https:\/\/usf-luxembourg.eu\/en\/wp-json\/wp\/v2\/users\/7"}],"replies":[{"embeddable":true,"href":"https:\/\/usf-luxembourg.eu\/en\/wp-json\/wp\/v2\/comments?post=1939"}],"version-history":[{"count":30,"href":"https:\/\/usf-luxembourg.eu\/en\/wp-json\/wp\/v2\/pages\/1939\/revisions"}],"predecessor-version":[{"id":5335,"href":"https:\/\/usf-luxembourg.eu\/en\/wp-json\/wp\/v2\/pages\/1939\/revisions\/5335"}],"wp:attachment":[{"href":"https:\/\/usf-luxembourg.eu\/en\/wp-json\/wp\/v2\/media?parent=1939"}],"curies":[{"name":"wp","href":"https:\/\/api.w.org\/{rel}","templated":true}]}}