{"id":1936,"date":"2017-01-27T15:20:39","date_gmt":"2017-01-27T14:20:39","guid":{"rendered":"http:\/\/usf-lux.cameleons-dev.com\/?page_id=1936&#038;lang=en"},"modified":"2022-03-11T17:44:42","modified_gmt":"2022-03-11T16:44:42","slug":"partnerships","status":"publish","type":"page","link":"https:\/\/usf-luxembourg.eu\/en\/partnerships\/","title":{"rendered":"Partnerships"},"content":{"rendered":"<p><div class=\"fusion-fullwidth fullwidth-box fusion-builder-row-1 fusion-parallax-none nonhundred-percent-fullwidth non-hundred-percent-height-scrolling\" style=\"--awb-border-radius-top-left:0px;--awb-border-radius-top-right:0px;--awb-border-radius-bottom-right:0px;--awb-border-radius-bottom-left:0px;--awb-padding-top:50px;--awb-padding-bottom:50px;--awb-background-image:url(&quot;http:\/\/usf-lux.cameleons-dev.com\/wp-content\/uploads\/2016\/12\/partenaires.jpg&quot;);--awb-background-size:cover;--awb-border-sizes-top:0px;--awb-border-sizes-bottom:0px;--awb-flex-wrap:wrap;\" ><div class=\"fusion-builder-row fusion-row\"><div class=\"fusion-layout-column fusion_builder_column fusion-builder-column-0 fusion_builder_column_1_1 1_1 fusion-one-full fusion-column-first fusion-column-last\" style=\"--awb-bg-size:cover;\"><div class=\"fusion-column-wrapper fusion-flex-column-wrapper-legacy\"><div class=\"fusion-text fusion-text-1\"><h1><span style=\"color: #ffffff;\">Partnerships <\/span><\/h1>\n<\/div><div class=\"fusion-clearfix\"><\/div><\/div><\/div><\/div><\/div><div class=\"fusion-fullwidth fullwidth-box fusion-builder-row-2 nonhundred-percent-fullwidth non-hundred-percent-height-scrolling\" style=\"--awb-background-position:left top;--awb-border-radius-top-left:0px;--awb-border-radius-top-right:0px;--awb-border-radius-bottom-right:0px;--awb-border-radius-bottom-left:0px;--awb-padding-top:20px;--awb-padding-bottom:20px;--awb-background-color:#ffffff;--awb-border-sizes-top:0px;--awb-border-sizes-bottom:0px;--awb-flex-wrap:wrap;\" ><div class=\"fusion-builder-row fusion-row\"><div class=\"fusion-layout-column fusion_builder_column fusion-builder-column-1 fusion_builder_column_1_1 1_1 fusion-one-full fusion-column-first fusion-column-last\" style=\"--awb-bg-size:cover;\"><div class=\"fusion-column-wrapper fusion-flex-column-wrapper-legacy\"><div class=\"fusion-text fusion-text-2\"><h3>Our partners<\/h3>\n<table style=\"width: 657.4px;\">\n<tbody>\n<tr style=\"height: 158px;\">\n<td style=\"width: 308px; height: 158px;\"><img decoding=\"async\" class=\"wp-image-1803 alignnone\" src=\"http:\/\/usf-lux.cameleons-dev.com\/wp-content\/uploads\/2016\/12\/Embl\u00e8me_Cour_de_justice_de_lUnion_europ\u00e9enne.svg-263x300.png\" alt=\"embleme_cour_de_justice_de_lunion_europeenne-svg\" width=\"161\" height=\"184\" srcset=\"https:\/\/usf-luxembourg.eu\/wp-content\/uploads\/2016\/12\/Embl\u00e8me_Cour_de_justice_de_lUnion_europ\u00e9enne.svg-200x229.png 200w, https:\/\/usf-luxembourg.eu\/wp-content\/uploads\/2016\/12\/Embl\u00e8me_Cour_de_justice_de_lUnion_europ\u00e9enne.svg-263x300.png 263w, https:\/\/usf-luxembourg.eu\/wp-content\/uploads\/2016\/12\/Embl\u00e8me_Cour_de_justice_de_lUnion_europ\u00e9enne.svg.png 280w\" sizes=\"(max-width: 161px) 100vw, 161px\" \/><\/td>\n<td style=\"width: 343px; height: 158px;\">\u00a0Court of Justice<\/td>\n<td style=\"width: 355.4px; height: 158px;\"><a href=\"https:\/\/epsu-cj.lu\/\">Website<\/a><\/p>\n<p><a href=\"mailto:EPSU-CJ@curia.europa.eu\"><span id=\"spnFrom\" class=\"rwRRO\" title=\"EPSU-CJ@curia.europa.eu\">EPSU-CJ@curia.europa.eu<\/span><\/a><\/td>\n<\/tr>\n<tr style=\"height: 24.6px;\">\n<td style=\"width: 308px; height: 24.6px;\">\u00a0<img decoding=\"async\" class=\"alignnone wp-image-1804\" src=\"http:\/\/usf-lux.cameleons-dev.com\/wp-content\/uploads\/2016\/12\/footer_icon_eplogo_fr.png\" alt=\"footer_icon_eplogo_fr\" width=\"153\" height=\"109\" \/><\/td>\n<td style=\"width: 343px; height: 24.6px;\">European Parliament<\/td>\n<td style=\"width: 355.4px; height: 24.6px;\"><a href=\"https:\/\/www.us-pe.eu\/\">USPE Website<\/a><\/p>\n<p><a href=\"mailto:USPE@europarl.europa.eu\">USPE<\/a><\/td>\n<\/tr>\n<\/tbody>\n<\/table>\n<\/div><div class=\"fusion-clearfix\"><\/div><\/div><\/div><\/div><\/div><\/p>\n","protected":false},"excerpt":{"rendered":"","protected":false},"author":7,"featured_media":0,"parent":0,"menu_order":0,"comment_status":"open","ping_status":"closed","template":"100-width.php","meta":{"_lmt_disableupdate":"","_lmt_disable":"","footnotes":""},"class_list":["post-1936","page","type-page","status-publish","hentry"],"yoast_head":"<!-- This site is optimized with the Yoast SEO plugin v27.3 - https:\/\/yoast.com\/product\/yoast-seo-wordpress\/ -->\n<title>Partnerships - Union Syndicale F\u00e9d\u00e9rale Luxembourg<\/title>\n<meta name=\"robots\" content=\"index, follow, max-snippet:-1, max-image-preview:large, max-video-preview:-1\" \/>\n<link rel=\"canonical\" href=\"https:\/\/usf-luxembourg.eu\/en\/partnerships\/\" \/>\n<meta property=\"og:locale\" content=\"en_US\" \/>\n<meta property=\"og:type\" content=\"article\" \/>\n<meta property=\"og:title\" content=\"Partnerships - Union Syndicale F\u00e9d\u00e9rale Luxembourg\" \/>\n<meta property=\"og:url\" content=\"https:\/\/usf-luxembourg.eu\/en\/partnerships\/\" \/>\n<meta property=\"og:site_name\" content=\"Union Syndicale F\u00e9d\u00e9rale Luxembourg\" \/>\n<meta property=\"article:modified_time\" content=\"2022-03-11T16:44:42+00:00\" \/>\n<meta property=\"og:image\" content=\"http:\/\/usf-lux.cameleons-dev.com\/wp-content\/uploads\/2016\/12\/Embl\u00e8me_Cour_de_justice_de_lUnion_europ\u00e9enne.svg-263x300.png\" \/>\n<meta name=\"twitter:card\" content=\"summary_large_image\" \/>\n<meta name=\"twitter:label1\" content=\"Est. reading time\" \/>\n\t<meta name=\"twitter:data1\" content=\"2 minutes\" \/>\n<script type=\"application\/ld+json\" class=\"yoast-schema-graph\">{\"@context\":\"https:\\\/\\\/schema.org\",\"@graph\":[{\"@type\":\"WebPage\",\"@id\":\"https:\\\/\\\/usf-luxembourg.eu\\\/en\\\/partnerships\\\/\",\"url\":\"https:\\\/\\\/usf-luxembourg.eu\\\/en\\\/partnerships\\\/\",\"name\":\"Partnerships - Union Syndicale F\u00e9d\u00e9rale Luxembourg\",\"isPartOf\":{\"@id\":\"https:\\\/\\\/usf-luxembourg.eu\\\/#website\"},\"primaryImageOfPage\":{\"@id\":\"https:\\\/\\\/usf-luxembourg.eu\\\/en\\\/partnerships\\\/#primaryimage\"},\"image\":{\"@id\":\"https:\\\/\\\/usf-luxembourg.eu\\\/en\\\/partnerships\\\/#primaryimage\"},\"thumbnailUrl\":\"http:\\\/\\\/usf-lux.cameleons-dev.com\\\/wp-content\\\/uploads\\\/2016\\\/12\\\/footer_icon_eplogo_fr.png\",\"datePublished\":\"2017-01-27T14:20:39+00:00\",\"dateModified\":\"2022-03-11T16:44:42+00:00\",\"breadcrumb\":{\"@id\":\"https:\\\/\\\/usf-luxembourg.eu\\\/en\\\/partnerships\\\/#breadcrumb\"},\"inLanguage\":\"en-US\",\"potentialAction\":[{\"@type\":\"ReadAction\",\"target\":[\"https:\\\/\\\/usf-luxembourg.eu\\\/en\\\/partnerships\\\/\"]}]},{\"@type\":\"ImageObject\",\"inLanguage\":\"en-US\",\"@id\":\"https:\\\/\\\/usf-luxembourg.eu\\\/en\\\/partnerships\\\/#primaryimage\",\"url\":\"http:\\\/\\\/usf-lux.cameleons-dev.com\\\/wp-content\\\/uploads\\\/2016\\\/12\\\/footer_icon_eplogo_fr.png\",\"contentUrl\":\"http:\\\/\\\/usf-lux.cameleons-dev.com\\\/wp-content\\\/uploads\\\/2016\\\/12\\\/footer_icon_eplogo_fr.png\"},{\"@type\":\"BreadcrumbList\",\"@id\":\"https:\\\/\\\/usf-luxembourg.eu\\\/en\\\/partnerships\\\/#breadcrumb\",\"itemListElement\":[{\"@type\":\"ListItem\",\"position\":1,\"name\":\"Accueil\",\"item\":\"https:\\\/\\\/usf-luxembourg.eu\\\/en\\\/\"},{\"@type\":\"ListItem\",\"position\":2,\"name\":\"Partnerships\"}]},{\"@type\":\"WebSite\",\"@id\":\"https:\\\/\\\/usf-luxembourg.eu\\\/#website\",\"url\":\"https:\\\/\\\/usf-luxembourg.eu\\\/\",\"name\":\"Union Syndicale F\u00e9d\u00e9rale Luxembourg\",\"description\":\"La solidarit\u00e9 est notre m\u00e9tier, la d\u00e9fense du personnel notre Mission\",\"publisher\":{\"@id\":\"https:\\\/\\\/usf-luxembourg.eu\\\/#organization\"},\"potentialAction\":[{\"@type\":\"SearchAction\",\"target\":{\"@type\":\"EntryPoint\",\"urlTemplate\":\"https:\\\/\\\/usf-luxembourg.eu\\\/?s={search_term_string}\"},\"query-input\":{\"@type\":\"PropertyValueSpecification\",\"valueRequired\":true,\"valueName\":\"search_term_string\"}}],\"inLanguage\":\"en-US\"},{\"@type\":\"Organization\",\"@id\":\"https:\\\/\\\/usf-luxembourg.eu\\\/#organization\",\"name\":\"Union Syndicale F\u00e9d\u00e9rale Luxembourg\",\"url\":\"https:\\\/\\\/usf-luxembourg.eu\\\/\",\"logo\":{\"@type\":\"ImageObject\",\"inLanguage\":\"en-US\",\"@id\":\"https:\\\/\\\/usf-luxembourg.eu\\\/#\\\/schema\\\/logo\\\/image\\\/\",\"url\":\"https:\\\/\\\/usf-luxembourg.eu\\\/wp-content\\\/uploads\\\/2023\\\/09\\\/logo-USF-Luxembourg.jpg\",\"contentUrl\":\"https:\\\/\\\/usf-luxembourg.eu\\\/wp-content\\\/uploads\\\/2023\\\/09\\\/logo-USF-Luxembourg.jpg\",\"width\":2311,\"height\":831,\"caption\":\"Union Syndicale F\u00e9d\u00e9rale Luxembourg\"},\"image\":{\"@id\":\"https:\\\/\\\/usf-luxembourg.eu\\\/#\\\/schema\\\/logo\\\/image\\\/\"}}]}<\/script>\n<!-- \/ Yoast SEO plugin. -->","yoast_head_json":{"title":"Partnerships - Union Syndicale F\u00e9d\u00e9rale Luxembourg","robots":{"index":"index","follow":"follow","max-snippet":"max-snippet:-1","max-image-preview":"max-image-preview:large","max-video-preview":"max-video-preview:-1"},"canonical":"https:\/\/usf-luxembourg.eu\/en\/partnerships\/","og_locale":"en_US","og_type":"article","og_title":"Partnerships - Union Syndicale F\u00e9d\u00e9rale Luxembourg","og_url":"https:\/\/usf-luxembourg.eu\/en\/partnerships\/","og_site_name":"Union Syndicale F\u00e9d\u00e9rale Luxembourg","article_modified_time":"2022-03-11T16:44:42+00:00","og_image":[{"url":"http:\/\/usf-lux.cameleons-dev.com\/wp-content\/uploads\/2016\/12\/Embl\u00e8me_Cour_de_justice_de_lUnion_europ\u00e9enne.svg-263x300.png","type":"","width":"","height":""}],"twitter_card":"summary_large_image","twitter_misc":{"Est. reading time":"2 minutes"},"schema":{"@context":"https:\/\/schema.org","@graph":[{"@type":"WebPage","@id":"https:\/\/usf-luxembourg.eu\/en\/partnerships\/","url":"https:\/\/usf-luxembourg.eu\/en\/partnerships\/","name":"Partnerships - Union Syndicale F\u00e9d\u00e9rale Luxembourg","isPartOf":{"@id":"https:\/\/usf-luxembourg.eu\/#website"},"primaryImageOfPage":{"@id":"https:\/\/usf-luxembourg.eu\/en\/partnerships\/#primaryimage"},"image":{"@id":"https:\/\/usf-luxembourg.eu\/en\/partnerships\/#primaryimage"},"thumbnailUrl":"http:\/\/usf-lux.cameleons-dev.com\/wp-content\/uploads\/2016\/12\/footer_icon_eplogo_fr.png","datePublished":"2017-01-27T14:20:39+00:00","dateModified":"2022-03-11T16:44:42+00:00","breadcrumb":{"@id":"https:\/\/usf-luxembourg.eu\/en\/partnerships\/#breadcrumb"},"inLanguage":"en-US","potentialAction":[{"@type":"ReadAction","target":["https:\/\/usf-luxembourg.eu\/en\/partnerships\/"]}]},{"@type":"ImageObject","inLanguage":"en-US","@id":"https:\/\/usf-luxembourg.eu\/en\/partnerships\/#primaryimage","url":"http:\/\/usf-lux.cameleons-dev.com\/wp-content\/uploads\/2016\/12\/footer_icon_eplogo_fr.png","contentUrl":"http:\/\/usf-lux.cameleons-dev.com\/wp-content\/uploads\/2016\/12\/footer_icon_eplogo_fr.png"},{"@type":"BreadcrumbList","@id":"https:\/\/usf-luxembourg.eu\/en\/partnerships\/#breadcrumb","itemListElement":[{"@type":"ListItem","position":1,"name":"Accueil","item":"https:\/\/usf-luxembourg.eu\/en\/"},{"@type":"ListItem","position":2,"name":"Partnerships"}]},{"@type":"WebSite","@id":"https:\/\/usf-luxembourg.eu\/#website","url":"https:\/\/usf-luxembourg.eu\/","name":"Union Syndicale F\u00e9d\u00e9rale Luxembourg","description":"La solidarit\u00e9 est notre m\u00e9tier, la d\u00e9fense du personnel notre Mission","publisher":{"@id":"https:\/\/usf-luxembourg.eu\/#organization"},"potentialAction":[{"@type":"SearchAction","target":{"@type":"EntryPoint","urlTemplate":"https:\/\/usf-luxembourg.eu\/?s={search_term_string}"},"query-input":{"@type":"PropertyValueSpecification","valueRequired":true,"valueName":"search_term_string"}}],"inLanguage":"en-US"},{"@type":"Organization","@id":"https:\/\/usf-luxembourg.eu\/#organization","name":"Union Syndicale F\u00e9d\u00e9rale Luxembourg","url":"https:\/\/usf-luxembourg.eu\/","logo":{"@type":"ImageObject","inLanguage":"en-US","@id":"https:\/\/usf-luxembourg.eu\/#\/schema\/logo\/image\/","url":"https:\/\/usf-luxembourg.eu\/wp-content\/uploads\/2023\/09\/logo-USF-Luxembourg.jpg","contentUrl":"https:\/\/usf-luxembourg.eu\/wp-content\/uploads\/2023\/09\/logo-USF-Luxembourg.jpg","width":2311,"height":831,"caption":"Union Syndicale F\u00e9d\u00e9rale Luxembourg"},"image":{"@id":"https:\/\/usf-luxembourg.eu\/#\/schema\/logo\/image\/"}}]}},"_links":{"self":[{"href":"https:\/\/usf-luxembourg.eu\/en\/wp-json\/wp\/v2\/pages\/1936","targetHints":{"allow":["GET"]}}],"collection":[{"href":"https:\/\/usf-luxembourg.eu\/en\/wp-json\/wp\/v2\/pages"}],"about":[{"href":"https:\/\/usf-luxembourg.eu\/en\/wp-json\/wp\/v2\/types\/page"}],"author":[{"embeddable":true,"href":"https:\/\/usf-luxembourg.eu\/en\/wp-json\/wp\/v2\/users\/7"}],"replies":[{"embeddable":true,"href":"https:\/\/usf-luxembourg.eu\/en\/wp-json\/wp\/v2\/comments?post=1936"}],"version-history":[{"count":4,"href":"https:\/\/usf-luxembourg.eu\/en\/wp-json\/wp\/v2\/pages\/1936\/revisions"}],"predecessor-version":[{"id":4030,"href":"https:\/\/usf-luxembourg.eu\/en\/wp-json\/wp\/v2\/pages\/1936\/revisions\/4030"}],"wp:attachment":[{"href":"https:\/\/usf-luxembourg.eu\/en\/wp-json\/wp\/v2\/media?parent=1936"}],"curies":[{"name":"wp","href":"https:\/\/api.w.org\/{rel}","templated":true}]}}