{"id":1935,"date":"2017-01-27T15:20:26","date_gmt":"2017-01-27T14:20:26","guid":{"rendered":"http:\/\/usf-lux.cameleons-dev.com\/?page_id=1935&#038;lang=en"},"modified":"2025-10-22T15:12:49","modified_gmt":"2025-10-22T13:12:49","slug":"competitions_training","status":"publish","type":"page","link":"https:\/\/usf-luxembourg.eu\/en\/competitions_training\/","title":{"rendered":"Competitions training"},"content":{"rendered":"<p><div class=\"fusion-fullwidth fullwidth-box fusion-builder-row-1 fusion-parallax-none nonhundred-percent-fullwidth non-hundred-percent-height-scrolling\" style=\"--awb-border-sizes-top:0px;--awb-border-sizes-bottom:0px;--awb-border-sizes-left:0px;--awb-border-sizes-right:0px;--awb-border-radius-top-left:0px;--awb-border-radius-top-right:0px;--awb-border-radius-bottom-right:0px;--awb-border-radius-bottom-left:0px;--awb-padding-top:50px;--awb-padding-bottom:50px;--awb-background-image:url(&quot;https:\/\/usf-luxembourg.eu\/wp-content\/uploads\/2016\/12\/politiquesociale.jpg&quot;);--awb-background-size:cover;--awb-flex-wrap:wrap;\" ><div class=\"fusion-builder-row fusion-row\"><div class=\"fusion-layout-column fusion_builder_column fusion-builder-column-0 fusion_builder_column_1_1 1_1 fusion-one-full fusion-column-first fusion-column-last\" style=\"--awb-bg-size:cover;\"><div class=\"fusion-column-wrapper fusion-flex-column-wrapper-legacy\"><div class=\"fusion-text fusion-text-1\"><h1><span style=\"color: #ffffff;\">Training sessions for EU Competitions <\/span><\/h1>\n<\/div><div class=\"fusion-clearfix\"><\/div><\/div><\/div><\/div><\/div><div class=\"fusion-fullwidth fullwidth-box fusion-builder-row-2 nonhundred-percent-fullwidth non-hundred-percent-height-scrolling\" style=\"--awb-background-position:left top;--awb-border-sizes-top:0px;--awb-border-sizes-bottom:0px;--awb-border-sizes-left:0px;--awb-border-sizes-right:0px;--awb-border-radius-top-left:0px;--awb-border-radius-top-right:0px;--awb-border-radius-bottom-right:0px;--awb-border-radius-bottom-left:0px;--awb-padding-top:20px;--awb-padding-bottom:20px;--awb-background-color:#ffffff;--awb-flex-wrap:wrap;\" ><div class=\"fusion-builder-row fusion-row\"><div class=\"fusion-layout-column fusion_builder_column fusion-builder-column-1 fusion_builder_column_1_1 1_1 fusion-one-full fusion-column-first fusion-column-last\" style=\"--awb-bg-size:cover;\"><div class=\"fusion-column-wrapper fusion-flex-column-wrapper-legacy\"><div class=\"fusion-text fusion-text-2\"><p><span data-contrast=\"none\">For colleagues who aren't yet Officials (Temporary Agents, Contract Agents, intramuros personnel, trainees, Seconded National Expert) or for the Officials who wish to change function group (or grade), the Staff Regulations indicates that the main way to succeed is via a competition (external, general or specialized, or internal). There are also sideways to reach that goal (i.e. Young Professional Programme, Certification) but these are very limited.<\/span><span data-ccp-props=\"\">\u00a0<\/span><\/p>\n<p><span data-ccp-props=\"\">\u00a0<\/span><\/p>\n<p><span data-contrast=\"none\">A competition starts with preselection tests (including an EU knowledge one) designed to eliminate a large number of candidates. Consequently, only the best knowledgeable and skilled will be allowed to pass the next steps. Indeed, there is a pass mark for most of the tests, so one needs to achieve the best possible results for each step. Depending on the competition there are besides different rules for ranking candidates. In addition, both practice and technical knowledge are important for a successful result.\u00a0<\/span><span data-ccp-props=\"\">\u00a0<\/span><\/p>\n<p><span data-ccp-props=\"\">\u00a0<\/span><\/p>\n<p><span data-ccp-props=\"\">\u00a0<\/span><\/p>\n<p><span data-contrast=\"none\">After the competition (selection stage), and once the competition reserve list is established, follows the recruitment stage which implies interviews by the recruiting services of the Directorate Generals (recruitment stage). For this recruitment stage we also offer a service to help you practice<\/span><span data-contrast=\"none\">. This is especially important as since 2023 a new model of competition (EPSOLUTION) is implemented that does not include interviews.<\/span><span data-ccp-props=\"\">\u00a0<\/span><\/p>\n<p><span data-ccp-props=\"\">\u00a0<\/span><\/p>\n<p><span data-contrast=\"none\">Like most Unions <span style=\"color: #ff0000;\">Union Syndicale F\u00e9d\u00e9rale Luxembourg<\/span> (USF-L) regularly offers training, providing a series of dedicated training sessions covering the various test types. USF-L is a Member of Union Syndicale F\u00e9d\u00e9rale (USF), a Federation present in more than 20 Institutions and Agencies. USF has therefore a vast experience in organising such trainings. It usually co-organizes them, online or in person, with ORSEU, one of the leading organisations in that field. Our Federation expertise ensures that these trainings are always up to date and aligned to the requirements of the latest competition model, test types, set of questions from recent competitions and adapted to the specific needs of the candidates.<\/span><span data-ccp-props=\"\">\u00a0<\/span><\/p>\n<p><span data-ccp-props=\"\">\u00a0<\/span><\/p>\n<p><span data-contrast=\"none\">We inform all our affiliates of our training offer timely and in principle we cover the cost.<\/span><span data-ccp-props=\"\">\u00a0<\/span><\/p>\n<p><span data-ccp-props=\"\">\u00a0<\/span><\/p>\n<p><span data-contrast=\"none\">If you wish to benefit from the unique competition training expertise of USF in competitions, and be informed of the next sessions, then <a href=\"https:\/\/usf-luxembourg.eu\/wp-content\/uploads\/2025\/09\/Bull_adhesion-2022-EN-v16-09-2024.pdf\">become a member of USF-L<\/a>!\u00a0<\/span><\/p>\n<p><span data-ccp-props=\"\">\u00a0<\/span><\/p>\n<p><span data-contrast=\"none\">We are looking forward to welcoming you and help you evolve in your career!<\/span><span data-ccp-props=\"\">\u00a0<\/span><\/p>\n<p><span data-ccp-props=\"\">\u00a0<\/span><\/p>\n<p><span style=\"text-decoration: underline;\">Disclaimer<\/span><span data-contrast=\"auto\">:<\/span><span data-ccp-props=\"\">\u00a0<\/span><\/p>\n<p><span data-contrast=\"auto\">We always try to provide you with the latest information. However, the fast evolution of the situation does not always allow us to timely update this page content. The references hereunder (leaflets and news) might provide you with additional information. However, if you need to have a quick update don't hesitate to contact us: <\/span><a href=\"mailto:REP-PERS-OSP-USF-LUXEMBOURG@ec.europa.eu\"><span data-contrast=\"none\">REP-PERS-OSP-USF-LUXEMBOURG@ec.europa.eu<\/span><\/a><span data-ccp-props=\"\">\u00a0<\/span><\/p>\n<p><span data-ccp-props=\"\">\u00a0<\/span><\/p>\n<p><b><span data-contrast=\"auto\">LEGAL BASIS:<\/span><\/b><span data-ccp-props=\"\">\u00a0<\/span><\/p>\n<ul>\n<li><a href=\"https:\/\/eur-lex.europa.eu\/legal-content\/EN\/TXT\/PDF\/?uri=CELEX:01962R0031-20230101&from=EN\">Staff Regulations<\/a>: Title III Chapter 1<\/li>\n<\/ul>\n<p><span data-ccp-props=\"\">\u00a0<\/span><b><span data-contrast=\"auto\">LINKS:\u00a0<\/span><\/b><span data-ccp-props=\"\">\u00a0<\/span><\/p>\n<ul>\n<li>EPSO\u202f: <a href=\"https:\/\/eu-careers.europa.eu\/en\">Homepage | EU Careers (europa.eu)<\/a><\/li>\n<\/ul>\n<p><span data-ccp-props=\"\">\u00a0<\/span><b><span data-contrast=\"auto\">RELATED LEAFTLETS TRACTS:<\/span><\/b><span data-ccp-props=\"\">\u00a0<\/span><\/p>\n<ul>\n<li><a href=\"https:\/\/usf-luxembourg.eu\/wp-content\/uploads\/2024\/03\/11032024-Internal-competition-open-to-ASTSC-WORKSHOP-Concours-interne-ouvert-aux-ASTSC-WORKSHOP.pdf\">Internal competition open to ASTSC WORKSHOP 11\/03\/2024<\/a>\u202f(6\/03\/2024)<\/li>\n<\/ul>\n<p><span data-ccp-props=\"\">\u00a0<\/span><b><span data-contrast=\"auto\">RELATED NEWS:\u00a0<\/span><\/b><span data-ccp-props=\"\">\u00a0<\/span><\/p>\n<ul>\n<li><a href=\"https:\/\/usf-luxembourg.eu\/wp-content\/uploads\/2023\/12\/2023-11_EPSO-internal-competitions_EN.pdf\"><span data-contrast=\"none\">EPSO & INTERNAL COMPETITION<\/span><\/a><span data-contrast=\"auto\"> (11\/2023)<\/span><span data-ccp-props=\"\">\u00a0<\/span><\/li>\n<li><a href=\"https:\/\/usf-luxembourg.eu\/wp-content\/uploads\/2023\/10\/EPSO-the-nightmare-continues.pdf\"><span data-contrast=\"none\">EPSO: the nightmare continues<\/span><\/a><span data-contrast=\"auto\"> (11\/2023)<\/span><span data-ccp-props=\"\">\u00a0<\/span><\/li>\n<\/ul>\n<\/div><div class=\"fusion-clearfix\"><\/div><\/div><\/div><\/div><\/div><\/p>\n","protected":false},"excerpt":{"rendered":"","protected":false},"author":7,"featured_media":0,"parent":0,"menu_order":0,"comment_status":"open","ping_status":"closed","template":"100-width.php","meta":{"_lmt_disableupdate":"no","_lmt_disable":"no","footnotes":""},"class_list":["post-1935","page","type-page","status-publish","hentry"],"yoast_head":"<!-- This site is optimized with the Yoast SEO plugin v27.1.1 - https:\/\/yoast.com\/product\/yoast-seo-wordpress\/ -->\n<title>Competitions training - Union Syndicale F\u00e9d\u00e9rale Luxembourg<\/title>\n<meta name=\"robots\" content=\"index, follow, max-snippet:-1, max-image-preview:large, max-video-preview:-1\" \/>\n<link rel=\"canonical\" href=\"https:\/\/usf-luxembourg.eu\/en\/social-policy\/\" \/>\n<meta property=\"og:locale\" content=\"en_US\" \/>\n<meta property=\"og:type\" content=\"article\" \/>\n<meta property=\"og:title\" content=\"Competitions training - Union Syndicale F\u00e9d\u00e9rale Luxembourg\" \/>\n<meta property=\"og:url\" content=\"https:\/\/usf-luxembourg.eu\/en\/social-policy\/\" \/>\n<meta property=\"og:site_name\" content=\"Union Syndicale F\u00e9d\u00e9rale Luxembourg\" \/>\n<meta property=\"article:modified_time\" content=\"2025-10-22T13:12:49+00:00\" \/>\n<meta name=\"twitter:card\" content=\"summary_large_image\" \/>\n<meta name=\"twitter:label1\" content=\"Est. reading time\" \/>\n\t<meta name=\"twitter:data1\" content=\"6 minutes\" \/>\n<script type=\"application\/ld+json\" class=\"yoast-schema-graph\">{\"@context\":\"https:\/\/schema.org\",\"@graph\":[{\"@type\":\"WebPage\",\"@id\":\"https:\/\/usf-luxembourg.eu\/en\/social-policy\/\",\"url\":\"https:\/\/usf-luxembourg.eu\/en\/social-policy\/\",\"name\":\"Competitions training - Union Syndicale F\u00e9d\u00e9rale Luxembourg\",\"isPartOf\":{\"@id\":\"https:\/\/usf-luxembourg.eu\/#website\"},\"datePublished\":\"2017-01-27T14:20:26+00:00\",\"dateModified\":\"2025-10-22T13:12:49+00:00\",\"breadcrumb\":{\"@id\":\"https:\/\/usf-luxembourg.eu\/en\/social-policy\/#breadcrumb\"},\"inLanguage\":\"en-US\",\"potentialAction\":[{\"@type\":\"ReadAction\",\"target\":[\"https:\/\/usf-luxembourg.eu\/en\/social-policy\/\"]}]},{\"@type\":\"BreadcrumbList\",\"@id\":\"https:\/\/usf-luxembourg.eu\/en\/social-policy\/#breadcrumb\",\"itemListElement\":[{\"@type\":\"ListItem\",\"position\":1,\"name\":\"Accueil\",\"item\":\"https:\/\/usf-luxembourg.eu\/en\/\"},{\"@type\":\"ListItem\",\"position\":2,\"name\":\"Social policy\"}]},{\"@type\":\"WebSite\",\"@id\":\"https:\/\/usf-luxembourg.eu\/#website\",\"url\":\"https:\/\/usf-luxembourg.eu\/\",\"name\":\"Union Syndicale F\u00e9d\u00e9rale Luxembourg\",\"description\":\"La solidarit\u00e9 est notre m\u00e9tier, la d\u00e9fense du personnel notre Mission\",\"publisher\":{\"@id\":\"https:\/\/usf-luxembourg.eu\/#organization\"},\"potentialAction\":[{\"@type\":\"SearchAction\",\"target\":{\"@type\":\"EntryPoint\",\"urlTemplate\":\"https:\/\/usf-luxembourg.eu\/?s={search_term_string}\"},\"query-input\":{\"@type\":\"PropertyValueSpecification\",\"valueRequired\":true,\"valueName\":\"search_term_string\"}}],\"inLanguage\":\"en-US\"},{\"@type\":\"Organization\",\"@id\":\"https:\/\/usf-luxembourg.eu\/#organization\",\"name\":\"Union Syndicale F\u00e9d\u00e9rale Luxembourg\",\"url\":\"https:\/\/usf-luxembourg.eu\/\",\"logo\":{\"@type\":\"ImageObject\",\"inLanguage\":\"en-US\",\"@id\":\"https:\/\/usf-luxembourg.eu\/#\/schema\/logo\/image\/\",\"url\":\"https:\/\/usf-luxembourg.eu\/wp-content\/uploads\/2023\/09\/logo-USF-Luxembourg.jpg\",\"contentUrl\":\"https:\/\/usf-luxembourg.eu\/wp-content\/uploads\/2023\/09\/logo-USF-Luxembourg.jpg\",\"width\":2311,\"height\":831,\"caption\":\"Union Syndicale F\u00e9d\u00e9rale Luxembourg\"},\"image\":{\"@id\":\"https:\/\/usf-luxembourg.eu\/#\/schema\/logo\/image\/\"}}]}<\/script>\n<!-- \/ Yoast SEO plugin. -->","yoast_head_json":{"title":"Competitions training - Union Syndicale F\u00e9d\u00e9rale Luxembourg","robots":{"index":"index","follow":"follow","max-snippet":"max-snippet:-1","max-image-preview":"max-image-preview:large","max-video-preview":"max-video-preview:-1"},"canonical":"https:\/\/usf-luxembourg.eu\/en\/social-policy\/","og_locale":"en_US","og_type":"article","og_title":"Competitions training - Union Syndicale F\u00e9d\u00e9rale Luxembourg","og_url":"https:\/\/usf-luxembourg.eu\/en\/social-policy\/","og_site_name":"Union Syndicale F\u00e9d\u00e9rale Luxembourg","article_modified_time":"2025-10-22T13:12:49+00:00","twitter_card":"summary_large_image","twitter_misc":{"Est. reading time":"6 minutes"},"schema":{"@context":"https:\/\/schema.org","@graph":[{"@type":"WebPage","@id":"https:\/\/usf-luxembourg.eu\/en\/social-policy\/","url":"https:\/\/usf-luxembourg.eu\/en\/social-policy\/","name":"Competitions training - Union Syndicale F\u00e9d\u00e9rale Luxembourg","isPartOf":{"@id":"https:\/\/usf-luxembourg.eu\/#website"},"datePublished":"2017-01-27T14:20:26+00:00","dateModified":"2025-10-22T13:12:49+00:00","breadcrumb":{"@id":"https:\/\/usf-luxembourg.eu\/en\/social-policy\/#breadcrumb"},"inLanguage":"en-US","potentialAction":[{"@type":"ReadAction","target":["https:\/\/usf-luxembourg.eu\/en\/social-policy\/"]}]},{"@type":"BreadcrumbList","@id":"https:\/\/usf-luxembourg.eu\/en\/social-policy\/#breadcrumb","itemListElement":[{"@type":"ListItem","position":1,"name":"Accueil","item":"https:\/\/usf-luxembourg.eu\/en\/"},{"@type":"ListItem","position":2,"name":"Social policy"}]},{"@type":"WebSite","@id":"https:\/\/usf-luxembourg.eu\/#website","url":"https:\/\/usf-luxembourg.eu\/","name":"Union Syndicale F\u00e9d\u00e9rale Luxembourg","description":"La solidarit\u00e9 est notre m\u00e9tier, la d\u00e9fense du personnel notre Mission","publisher":{"@id":"https:\/\/usf-luxembourg.eu\/#organization"},"potentialAction":[{"@type":"SearchAction","target":{"@type":"EntryPoint","urlTemplate":"https:\/\/usf-luxembourg.eu\/?s={search_term_string}"},"query-input":{"@type":"PropertyValueSpecification","valueRequired":true,"valueName":"search_term_string"}}],"inLanguage":"en-US"},{"@type":"Organization","@id":"https:\/\/usf-luxembourg.eu\/#organization","name":"Union Syndicale F\u00e9d\u00e9rale Luxembourg","url":"https:\/\/usf-luxembourg.eu\/","logo":{"@type":"ImageObject","inLanguage":"en-US","@id":"https:\/\/usf-luxembourg.eu\/#\/schema\/logo\/image\/","url":"https:\/\/usf-luxembourg.eu\/wp-content\/uploads\/2023\/09\/logo-USF-Luxembourg.jpg","contentUrl":"https:\/\/usf-luxembourg.eu\/wp-content\/uploads\/2023\/09\/logo-USF-Luxembourg.jpg","width":2311,"height":831,"caption":"Union Syndicale F\u00e9d\u00e9rale Luxembourg"},"image":{"@id":"https:\/\/usf-luxembourg.eu\/#\/schema\/logo\/image\/"}}]}},"_links":{"self":[{"href":"https:\/\/usf-luxembourg.eu\/en\/wp-json\/wp\/v2\/pages\/1935","targetHints":{"allow":["GET"]}}],"collection":[{"href":"https:\/\/usf-luxembourg.eu\/en\/wp-json\/wp\/v2\/pages"}],"about":[{"href":"https:\/\/usf-luxembourg.eu\/en\/wp-json\/wp\/v2\/types\/page"}],"author":[{"embeddable":true,"href":"https:\/\/usf-luxembourg.eu\/en\/wp-json\/wp\/v2\/users\/7"}],"replies":[{"embeddable":true,"href":"https:\/\/usf-luxembourg.eu\/en\/wp-json\/wp\/v2\/comments?post=1935"}],"version-history":[{"count":5,"href":"https:\/\/usf-luxembourg.eu\/en\/wp-json\/wp\/v2\/pages\/1935\/revisions"}],"predecessor-version":[{"id":5498,"href":"https:\/\/usf-luxembourg.eu\/en\/wp-json\/wp\/v2\/pages\/1935\/revisions\/5498"}],"wp:attachment":[{"href":"https:\/\/usf-luxembourg.eu\/en\/wp-json\/wp\/v2\/media?parent=1935"}],"curies":[{"name":"wp","href":"https:\/\/api.w.org\/{rel}","templated":true}]}}