{"id":1932,"date":"2021-06-08T15:00:26","date_gmt":"2021-06-08T13:00:26","guid":{"rendered":"http:\/\/usf-lux.cameleons-dev.com\/?page_id=1932&#038;lang=en"},"modified":"2025-09-22T13:42:14","modified_gmt":"2025-09-22T11:42:14","slug":"our-pensions-our-salaries","status":"publish","type":"page","link":"https:\/\/usf-luxembourg.eu\/en\/our-pensions-our-salaries\/","title":{"rendered":"Our pensions \/ Our salaries"},"content":{"rendered":"<p><div class=\"fusion-fullwidth fullwidth-box fusion-builder-row-1 fusion-parallax-none nonhundred-percent-fullwidth non-hundred-percent-height-scrolling\" style=\"--awb-background-position:center bottom;--awb-border-sizes-top:0px;--awb-border-sizes-bottom:0px;--awb-border-sizes-left:0px;--awb-border-sizes-right:0px;--awb-border-radius-top-left:0px;--awb-border-radius-top-right:0px;--awb-border-radius-bottom-right:0px;--awb-border-radius-bottom-left:0px;--awb-padding-top:50px;--awb-padding-bottom:50px;--awb-background-image:url(&quot;http:\/\/usf-lux.cameleons-dev.com\/wp-content\/uploads\/2016\/12\/salaire2.jpg&quot;);--awb-background-size:cover;--awb-flex-wrap:wrap;\" ><div class=\"fusion-builder-row fusion-row\"><div class=\"fusion-layout-column fusion_builder_column fusion-builder-column-0 fusion_builder_column_1_1 1_1 fusion-one-full fusion-column-first fusion-column-last\" style=\"--awb-bg-size:cover;\"><div class=\"fusion-column-wrapper fusion-flex-column-wrapper-legacy\"><div class=\"fusion-text fusion-text-1\"><h1><span style=\"color: #ffffff;\">Our pensions \/ Our salaries<\/span><\/h1>\n<\/div><div class=\"fusion-clearfix\"><\/div><\/div><\/div><\/div><\/div><div class=\"fusion-fullwidth fullwidth-box fusion-builder-row-2 nonhundred-percent-fullwidth non-hundred-percent-height-scrolling\" style=\"--awb-background-position:left top;--awb-border-sizes-top:0px;--awb-border-sizes-bottom:0px;--awb-border-sizes-left:0px;--awb-border-sizes-right:0px;--awb-border-radius-top-left:0px;--awb-border-radius-top-right:0px;--awb-border-radius-bottom-right:0px;--awb-border-radius-bottom-left:0px;--awb-padding-top:20px;--awb-padding-bottom:20px;--awb-background-color:#ffffff;--awb-flex-wrap:wrap;\" ><div class=\"fusion-builder-row fusion-row\"><div class=\"fusion-layout-column fusion_builder_column fusion-builder-column-1 fusion_builder_column_1_1 1_1 fusion-one-full fusion-column-first fusion-column-last\" style=\"--awb-bg-size:cover;\"><div class=\"fusion-column-wrapper fusion-flex-column-wrapper-legacy\"><div class=\"fusion-text fusion-text-2\"><p>Questions about our salaries and pensions are recurring subjects for the Staff Unions. We will tackle the matter in three chapters: The 'Method', the Salaries and the Pensions<\/p>\n<h4>I \u2013 The 'Method'<\/h4>\n<p>Both salaries and pensions are adapted\/adjusted yearly using the same unique method expressed in Annex XI of the Staff Regulations (the 'Method'). The 'Method' is not an indexation of salaries. It ensures a parallelism (purchasing power) of our income with the income of the public services of key Member States. The 'Method' is automatic and implemented every year. Its aim is to prevent Member States from sharply reducing or eliminating the adjustment as it was the case in the past (previous Staff Regulations). The 'Method', as adopted by the Council, mainly results from the expertise, the hard work and the negotiations skills of our Federation (<a href=\"https:\/\/unionsyndicale.eu\/en\/\">USF<\/a>).<\/p>\n<p>The salaries and pensions adjustment uses parameters calculated by Eurostat:<\/p>\n<ol>\n<li>prices evolution in Brussels and Luxembourg ('common index') and<\/li>\n<li>changes in the purchasing power of national civil servants ('specific indicator').<\/li>\n<\/ol>\n<p>It foresees an exception and a moderation clause:<\/p>\n<p><img decoding=\"async\" class=\"alignnone size-medium wp-image-5453\" src=\"https:\/\/usf-luxembourg.eu\/wp-content\/uploads\/2025\/09\/methode-1-300x120.jpg\" alt=\"\" width=\"568\" height=\"227\" srcset=\"https:\/\/usf-luxembourg.eu\/wp-content\/uploads\/2025\/09\/methode-1-200x80.jpg 200w, https:\/\/usf-luxembourg.eu\/wp-content\/uploads\/2025\/09\/methode-1-300x120.jpg 300w, https:\/\/usf-luxembourg.eu\/wp-content\/uploads\/2025\/09\/methode-1-400x160.jpg 400w, https:\/\/usf-luxembourg.eu\/wp-content\/uploads\/2025\/09\/methode-1.jpg 568w\" sizes=\"(max-width: 568px) 100vw, 568px\" \/><\/p>\n<p><em>GDP: Gross Domestic Product<\/em><\/p>\n<p><em>GSI: Specific Indicator<\/em><\/p>\n<p>If there is a sharp inflation, an intermediary update of our salary may happen (2022, 2023, 2024, \u2026) to keep up with the rising prices.<\/p>\n<p>The 'Method' is working properly. One may disagree with its mechanism. However, in case of ongoing crisis, having a negative impact on our purchasing power, the main positive point of the 'Method' remains: it is automatic and therefore prevents Member States from intervening in our salaries\/pensions' calculation. Besides, in the long term, parallelism with national public services salaries and pensions is globally guaranteed. We stay vigilant though and ready to counter potential attacks to these principles.<\/p>\n<h4>II \u2013 Salaries<\/h4>\n<p>Our salaries depend on our grade (<a href=\"https:\/\/usf-luxembourg.eu\/en\/your-career-perspectives\/\">grade at the entry into service and career speed<\/a>). They are composed of the basic salary and possibly allowances (defined in Annex VII).<\/p>\n<p>A salary grid is set in the Staff Regulations and is updated on a yearly basis using the 'Method' explained above.<\/p>\n<p>The two main types of possible allowances are:<\/p>\n<ul>\n<li>Expatriation allowance (16%) \/foreign residence allowance (4%), linked to the place of employment (and not the home address) and place of origin. It is set at your entry into service. It also depends on the time you lived in elsewhere before you started working for the Institution.<\/li>\n<li>Family allowances (household (married and\/or recognized partnership), dependent child and school allowances (for studies of your kid beyond secondary school and up to their 26th birthday).<\/li>\n<\/ul>\n<p>Besides, some specialised or 'standby' function as well as management positions also come with their own additional 'allowances'.<\/p>\n<p>These allowances are set in the Staff Regulations or in implementing rules or Commission decisions. Some are updated on a yearly basis linked to the 'Method' which is explained above, others have their own adjustment system and frequency.<\/p>\n<p><span style=\"color: #ff0000;\"><strong>Union Syndicale F\u00e9d\u00e9rale-Luxembourg<\/strong><\/span> is there to help you check your salary slip beyond the support the corporate services offer.<\/p>\n<h4>III \u2013 Pensions<\/h4>\n<p>More and more colleagues are seeking information regarding their retirement. The usual questions are \"At what age can I leave?\" and \"How much will I receive?\".<\/p>\n<p>The main reasons for your concerns seem to be:<\/p>\n<ul>\n<li>The successive reforms of the Staff Regulations (2004 and 2014) give a general sense of complexity.<\/li>\n<li>More and more colleagues join the Institutions at an older age and have therefore accumulated entitlements\/rights elsewhere. These rights can be transferred IN or OUT the EU pension scheme.<\/li>\n<li>Colleagues employed from 2004 onwards are generally employed at lower salaries regardless of if they are officials, temporary staff members or contract staff. They are therefore aware that they accumulate 'lower' pension rights.<\/li>\n<li>Finally, the increase in the retirement age is a source of demotivation. Besides, the general motivation at work in the Commission does not improve either.<\/li>\n<\/ul>\n<p>Article 77 and Annex VII to the\u202fStaff Regulations\u202fsets out the conditions for retirement. The key elements are:<\/p>\n<ul>\n<li>at least 10 years of service,<\/li>\n<li>a maximum amount set at 70 % of the last basic salary (without other allowances\/fees) at an accumulation rate of currently 1.80 % per year of service (almost 39 years to get to a full pension),<\/li>\n<li>pension entitlement at 66 years,<\/li>\n<li>minimum pension.<\/li>\n<\/ul>\n<p>Your pension depends as well on the place where you reside when you go on pension. Also, some allowances mentioned in Annex VII, typically the ones related to your family, (see above) remain.<\/p>\n<p><span style=\"color: #ff0000;\"><strong>Union Syndicale F\u00e9d\u00e9rale-Luxembourg<\/strong><\/span> is there to help you check your (future) pension rights, next to the support of the corporate services. We have substantial expertise within our Federation (<a href=\"https:\/\/unionsyndicale.eu\/en\/\">USF<\/a>).<\/p>\n<p><span data-contrast=\"auto\">More information on <\/span><b><span data-contrast=\"auto\">transfers of rights to the Community pension scheme (IN or OUT)<\/span><\/b><span data-contrast=\"auto\">:<\/span><span data-ccp-props=\"{\">\u00a0<\/span><\/p>\n<ul>\n<li><a href=\"https:\/\/unionsyndicale.eu\/pensions-droits-a-pension-transferer-ou-pas-avant-de-signer-votre-demande-demandez-conseil\/\"><span data-contrast=\"none\">Transfer of pension rights: Explanations \u2014 Union Syndicale F\u00e9d\u00e9rale<\/span><\/a><span data-contrast=\"none\">\u202f<\/span><span data-contrast=\"auto\">(Video in FR)<\/span><span data-ccp-props=\"{\">\u00a0<\/span><\/li>\n<li><a href=\"https:\/\/unionsyndicale.eu\/en\/pension-rights-transferring-explained\/\"><span data-contrast=\"none\">Transferring pension rights explained \u2014 Union Syndicale F\u00e9d\u00e9rale<\/span><\/a><span data-contrast=\"auto\">\u202f(Video in EN)<\/span><span data-ccp-props=\"{\">\u00a0<\/span><\/li>\n<li><a href=\"https:\/\/bruxelles.unionsyndicale.eu\/conferences-vous-avez-des-questions-sur-les-transferts-de-pension\/\"><span data-contrast=\"none\">W<\/span><span data-contrast=\"none\">ebinaire transfert pension IN\/OU<\/span><span data-contrast=\"none\">T<\/span><\/a><span data-contrast=\"auto\"> (Video en FR)<\/span><span data-ccp-props=\"{\">\u00a0<\/span><\/li>\n<\/ul>\n<p><span data-ccp-props=\"{\">\u00a0<\/span><\/p>\n<p><b><span data-contrast=\"auto\">How much pension will you receive<\/span><\/b><span data-contrast=\"auto\">:<\/span><span data-ccp-props=\"{\">\u00a0<\/span><\/p>\n<ul>\n<li><span data-contrast=\"auto\">The <\/span><a href=\"https:\/\/myintracomm.ec.europa.eu\/staff\/EN\/working-conditions\/end-of-service\/retirement\/Pages\/pension-calculator.aspx?ln=en\"><span data-contrast=\"none\">corporate pension calculator<\/span><\/a><span data-ccp-props=\"\">\u00a0<\/span><\/li>\n<li><span data-contrast=\"auto\">The much better developed <\/span><a href=\"https:\/\/bruxelles.unionsyndicale.eu\/services\/calculette-pension\/\"><span data-contrast=\"none\">USF calculator<\/span><\/a><span data-ccp-props=\"\">\u00a0<\/span><\/li>\n<\/ul>\n<p><span data-ccp-props=\"\">\u00a0<\/span><span data-contrast=\"auto\">Disclaimer:<\/span><span data-contrast=\"auto\">\u202f<\/span><span data-ccp-props=\"\">\u00a0<\/span><\/p>\n<p><span data-contrast=\"auto\">We always try to provide you with the latest information. However, the fast evolution of the situation does not always allow us to timely update this page content. The references hereunder (leaflets and news) might provide you with additional information. However, if you need to have a quick update don't hesitate to contact us: <\/span><a href=\"mailto:REP-PERS-OSP-USF-LUXEMBOURG@ec.europa.eu\"><span data-contrast=\"none\">REP-PERS-OSP-USF-LUXEMBOURG@ec.europa.eu<\/span><\/a><span data-contrast=\"auto\">\u202f<\/span><span data-ccp-props=\"\">\u00a0<\/span><\/p>\n<p><span data-ccp-props=\"\">\u00a0<\/span><b><span data-contrast=\"auto\">LEGAL BASIS:<\/span><\/b><span data-ccp-props=\"\">\u00a0<\/span><\/p>\n<ul>\n<li><a href=\"https:\/\/eur-lex.europa.eu\/legal-content\/EN\/TXT\/PDF\/?uri=CELEX:01962R0031-20230101&from=EN\">Staff Regulations<\/a>: Officials: Title V, Annex VII (salary related) Annex VIII (pension) Annex XI (the method of adaptation); Other Agents: Temporary Agents art 19 to 27, 39 to 40, Contract Agents: art 92 to 94 and 109 to 110<\/li>\n<\/ul>\n<p><b><span data-contrast=\"auto\">RELATED LEAFLETS:<\/span><\/b><span data-ccp-props=\"\">\u00a0<\/span><\/p>\n<ul>\n<li><a href=\"https:\/\/usf-luxembourg.eu\/wp-content\/uploads\/2022\/12\/Our-pension-scheme-an-asset-we-should-protect.pdf\">Our pension scheme: an asset we should protect<\/a>\u202f!\u202f(2\/12\/2022)<\/li>\n<li><a href=\"https:\/\/usf-luxembourg.eu\/wp-content\/uploads\/2022\/10\/Salary-adjustment-2022-EN.pdf\">Salary adjustment: the method, but the method, the wole method<\/a>\u202f(13\/10\/2022)<\/li>\n<li><a href=\"https:\/\/usf-luxembourg.eu\/wp-content\/uploads\/2022\/05\/Method-a-bulwark-against-the-effects-of-record-inflation-EN.pdf\">Method, a bulwark against the effects of record inflation<\/a>\u202f(02\/05\/2022)<\/li>\n<li><a href=\"https:\/\/usf-luxembourg.eu\/wp-content\/uploads\/2021\/01\/Salaire-minimum-EN.pdf\">European Salary below the Luxembourg minimum \u2013 minimum involvement of institutions<\/a>\u202f(19\/01\/2021)<\/li>\n<\/ul>\n<p><b><span data-contrast=\"auto\">RELATED NEWS:\u00a0<\/span><\/b><span data-ccp-props=\"\">\u00a0<\/span><\/p>\n<ul>\n<li><a href=\"https:\/\/usf-luxembourg.eu\/wp-content\/uploads\/2023\/10\/Salary-adjustment-2023.pdf\"><span data-contrast=\"none\">Intermediate and final salary adjustment for 2023<\/span><\/a><span data-contrast=\"auto\">\u00a0<\/span><span data-ccp-props=\"\">\u00a0<\/span><\/li>\n<li><a href=\"https:\/\/usf-luxembourg.eu\/wp-content\/uploads\/2023\/06\/report-on-the-balance-of-our-pension-system.pdf\"><span data-contrast=\"none\">report-on-the-balance-of-our-pension-system.pdf (usf-luxembourg.eu)<\/span><\/a><span data-ccp-props=\"\">\u00a0<\/span><\/li>\n<li><span data-contrast=\"auto\">Housing allowance and minimum salary <\/span><a href=\"https:\/\/usf-luxembourg.eu\/wp-content\/uploads\/2023\/06\/Luxembourg-Latest-news.pdf\"><span data-contrast=\"none\">Luxembourg-Latest-news.pdf (usf-luxembourg.eu)<\/span><\/a><span data-ccp-props=\"{\">\u00a0<\/span><\/li>\n<li><a href=\"https:\/\/usf-luxembourg.eu\/wp-content\/uploads\/2023\/04\/Lower-salaries-indexation-in-the-EP.pdf\"><span data-contrast=\"none\">usf-luxembourg.eu\/wp-content\/uploads\/2023\/04\/Lower-salaries-indexation-in-the-EP.pdf<\/span><\/a><span data-ccp-props=\"{\">\u00a0<\/span><\/li>\n<li><a href=\"https:\/\/usf-luxembourg.eu\/wp-content\/uploads\/2023\/04\/Pension-and-staff-regulation.pdf\"><span data-contrast=\"none\">usf-luxembourg.eu\/wp-content\/uploads\/2023\/04\/Pension-and-staff-regulation.pdf<\/span><\/a><span data-ccp-props=\"{\">\u00a0<\/span><\/li>\n<li><a href=\"https:\/\/usf-luxembourg.eu\/wp-content\/uploads\/2023\/03\/Salaries-and-indexation-in-Luxembourg.pdf\"><span data-contrast=\"none\">Salaries-and-indexation-in-Luxembourg.pdf (usf-luxembourg.eu)<\/span><\/a><span data-ccp-props=\"\">\u00a0<\/span><\/li>\n<li><a href=\"https:\/\/usf-luxembourg.eu\/wp-content\/uploads\/2022\/11\/Positive-annual-salary-adaptation-and-stable-pension-contribution-EN.pdf\"><span data-contrast=\"none\">Positive-annual-salary-adaptation-and-stable-pension-contribution-EN.pdf (usf-luxembourg.eu)<\/span><\/a><span data-ccp-props=\"\">\u00a0<\/span><\/li>\n<li><a href=\"https:\/\/usf-luxembourg.eu\/wp-content\/uploads\/2022\/10\/Lower-income-colleagues-EN.pdf\"><span data-contrast=\"none\">Lower-income-colleagues-EN.pdf (usf-luxembourg.eu)<\/span><\/a><span data-ccp-props=\"{\">\u00a0<\/span><\/li>\n<\/ul>\n<\/div><div class=\"fusion-clearfix\"><\/div><\/div><\/div><\/div><\/div><\/p>\n","protected":false},"excerpt":{"rendered":"","protected":false},"author":7,"featured_media":0,"parent":0,"menu_order":0,"comment_status":"open","ping_status":"closed","template":"100-width.php","meta":{"_lmt_disableupdate":"no","_lmt_disable":"no","footnotes":""},"class_list":["post-1932","page","type-page","status-publish","hentry"],"yoast_head":"<!-- This site is optimized with the Yoast SEO plugin v27.3 - https:\/\/yoast.com\/product\/yoast-seo-wordpress\/ -->\n<title>Our pensions \/ Our salaries - Union Syndicale F\u00e9d\u00e9rale Luxembourg<\/title>\n<meta name=\"robots\" content=\"index, follow, max-snippet:-1, max-image-preview:large, max-video-preview:-1\" \/>\n<link rel=\"canonical\" href=\"https:\/\/usf-luxembourg.eu\/en\/our-pensions-our-salaries\/\" \/>\n<meta property=\"og:locale\" content=\"en_US\" \/>\n<meta property=\"og:type\" content=\"article\" \/>\n<meta property=\"og:title\" content=\"Our pensions \/ Our salaries - Union Syndicale F\u00e9d\u00e9rale Luxembourg\" \/>\n<meta property=\"og:url\" content=\"https:\/\/usf-luxembourg.eu\/en\/our-pensions-our-salaries\/\" \/>\n<meta property=\"og:site_name\" content=\"Union Syndicale F\u00e9d\u00e9rale Luxembourg\" \/>\n<meta property=\"article:modified_time\" content=\"2025-09-22T11:42:14+00:00\" \/>\n<meta property=\"og:image\" content=\"https:\/\/usf-luxembourg.eu\/wp-content\/uploads\/2025\/09\/methode.jpg\" \/>\n\t<meta property=\"og:image:width\" content=\"1\" \/>\n\t<meta property=\"og:image:height\" content=\"1\" \/>\n\t<meta property=\"og:image:type\" content=\"image\/jpeg\" \/>\n<meta name=\"twitter:card\" content=\"summary_large_image\" \/>\n<meta name=\"twitter:label1\" content=\"Est. reading time\" \/>\n\t<meta name=\"twitter:data1\" content=\"6 minutes\" \/>\n<script type=\"application\/ld+json\" class=\"yoast-schema-graph\">{\"@context\":\"https:\\\/\\\/schema.org\",\"@graph\":[{\"@type\":\"WebPage\",\"@id\":\"https:\\\/\\\/usf-luxembourg.eu\\\/en\\\/our-pensions-our-salaries\\\/\",\"url\":\"https:\\\/\\\/usf-luxembourg.eu\\\/en\\\/our-pensions-our-salaries\\\/\",\"name\":\"Our pensions \\\/ Our salaries - Union Syndicale F\u00e9d\u00e9rale Luxembourg\",\"isPartOf\":{\"@id\":\"https:\\\/\\\/usf-luxembourg.eu\\\/#website\"},\"primaryImageOfPage\":{\"@id\":\"https:\\\/\\\/usf-luxembourg.eu\\\/en\\\/our-pensions-our-salaries\\\/#primaryimage\"},\"image\":{\"@id\":\"https:\\\/\\\/usf-luxembourg.eu\\\/en\\\/our-pensions-our-salaries\\\/#primaryimage\"},\"thumbnailUrl\":\"https:\\\/\\\/usf-luxembourg.eu\\\/wp-content\\\/uploads\\\/2025\\\/09\\\/methode-1-300x120.jpg\",\"datePublished\":\"2021-06-08T13:00:26+00:00\",\"dateModified\":\"2025-09-22T11:42:14+00:00\",\"breadcrumb\":{\"@id\":\"https:\\\/\\\/usf-luxembourg.eu\\\/en\\\/our-pensions-our-salaries\\\/#breadcrumb\"},\"inLanguage\":\"en-US\",\"potentialAction\":[{\"@type\":\"ReadAction\",\"target\":[\"https:\\\/\\\/usf-luxembourg.eu\\\/en\\\/our-pensions-our-salaries\\\/\"]}]},{\"@type\":\"ImageObject\",\"inLanguage\":\"en-US\",\"@id\":\"https:\\\/\\\/usf-luxembourg.eu\\\/en\\\/our-pensions-our-salaries\\\/#primaryimage\",\"url\":\"https:\\\/\\\/usf-luxembourg.eu\\\/wp-content\\\/uploads\\\/2025\\\/09\\\/methode-1-300x120.jpg\",\"contentUrl\":\"https:\\\/\\\/usf-luxembourg.eu\\\/wp-content\\\/uploads\\\/2025\\\/09\\\/methode-1-300x120.jpg\"},{\"@type\":\"BreadcrumbList\",\"@id\":\"https:\\\/\\\/usf-luxembourg.eu\\\/en\\\/our-pensions-our-salaries\\\/#breadcrumb\",\"itemListElement\":[{\"@type\":\"ListItem\",\"position\":1,\"name\":\"Accueil\",\"item\":\"https:\\\/\\\/usf-luxembourg.eu\\\/en\\\/\"},{\"@type\":\"ListItem\",\"position\":2,\"name\":\"Our pensions \\\/ Our salaries\"}]},{\"@type\":\"WebSite\",\"@id\":\"https:\\\/\\\/usf-luxembourg.eu\\\/#website\",\"url\":\"https:\\\/\\\/usf-luxembourg.eu\\\/\",\"name\":\"Union Syndicale F\u00e9d\u00e9rale Luxembourg\",\"description\":\"La solidarit\u00e9 est notre m\u00e9tier, la d\u00e9fense du personnel notre Mission\",\"publisher\":{\"@id\":\"https:\\\/\\\/usf-luxembourg.eu\\\/#organization\"},\"potentialAction\":[{\"@type\":\"SearchAction\",\"target\":{\"@type\":\"EntryPoint\",\"urlTemplate\":\"https:\\\/\\\/usf-luxembourg.eu\\\/?s={search_term_string}\"},\"query-input\":{\"@type\":\"PropertyValueSpecification\",\"valueRequired\":true,\"valueName\":\"search_term_string\"}}],\"inLanguage\":\"en-US\"},{\"@type\":\"Organization\",\"@id\":\"https:\\\/\\\/usf-luxembourg.eu\\\/#organization\",\"name\":\"Union Syndicale F\u00e9d\u00e9rale Luxembourg\",\"url\":\"https:\\\/\\\/usf-luxembourg.eu\\\/\",\"logo\":{\"@type\":\"ImageObject\",\"inLanguage\":\"en-US\",\"@id\":\"https:\\\/\\\/usf-luxembourg.eu\\\/#\\\/schema\\\/logo\\\/image\\\/\",\"url\":\"https:\\\/\\\/usf-luxembourg.eu\\\/wp-content\\\/uploads\\\/2023\\\/09\\\/logo-USF-Luxembourg.jpg\",\"contentUrl\":\"https:\\\/\\\/usf-luxembourg.eu\\\/wp-content\\\/uploads\\\/2023\\\/09\\\/logo-USF-Luxembourg.jpg\",\"width\":2311,\"height\":831,\"caption\":\"Union Syndicale F\u00e9d\u00e9rale Luxembourg\"},\"image\":{\"@id\":\"https:\\\/\\\/usf-luxembourg.eu\\\/#\\\/schema\\\/logo\\\/image\\\/\"}}]}<\/script>\n<!-- \/ Yoast SEO plugin. -->","yoast_head_json":{"title":"Our pensions \/ Our salaries - Union Syndicale F\u00e9d\u00e9rale Luxembourg","robots":{"index":"index","follow":"follow","max-snippet":"max-snippet:-1","max-image-preview":"max-image-preview:large","max-video-preview":"max-video-preview:-1"},"canonical":"https:\/\/usf-luxembourg.eu\/en\/our-pensions-our-salaries\/","og_locale":"en_US","og_type":"article","og_title":"Our pensions \/ Our salaries - Union Syndicale F\u00e9d\u00e9rale Luxembourg","og_url":"https:\/\/usf-luxembourg.eu\/en\/our-pensions-our-salaries\/","og_site_name":"Union Syndicale F\u00e9d\u00e9rale Luxembourg","article_modified_time":"2025-09-22T11:42:14+00:00","og_image":[{"url":"https:\/\/usf-luxembourg.eu\/wp-content\/uploads\/2025\/09\/methode.jpg","width":1,"height":1,"type":"image\/jpeg"}],"twitter_card":"summary_large_image","twitter_misc":{"Est. reading time":"6 minutes"},"schema":{"@context":"https:\/\/schema.org","@graph":[{"@type":"WebPage","@id":"https:\/\/usf-luxembourg.eu\/en\/our-pensions-our-salaries\/","url":"https:\/\/usf-luxembourg.eu\/en\/our-pensions-our-salaries\/","name":"Our pensions \/ Our salaries - Union Syndicale F\u00e9d\u00e9rale Luxembourg","isPartOf":{"@id":"https:\/\/usf-luxembourg.eu\/#website"},"primaryImageOfPage":{"@id":"https:\/\/usf-luxembourg.eu\/en\/our-pensions-our-salaries\/#primaryimage"},"image":{"@id":"https:\/\/usf-luxembourg.eu\/en\/our-pensions-our-salaries\/#primaryimage"},"thumbnailUrl":"https:\/\/usf-luxembourg.eu\/wp-content\/uploads\/2025\/09\/methode-1-300x120.jpg","datePublished":"2021-06-08T13:00:26+00:00","dateModified":"2025-09-22T11:42:14+00:00","breadcrumb":{"@id":"https:\/\/usf-luxembourg.eu\/en\/our-pensions-our-salaries\/#breadcrumb"},"inLanguage":"en-US","potentialAction":[{"@type":"ReadAction","target":["https:\/\/usf-luxembourg.eu\/en\/our-pensions-our-salaries\/"]}]},{"@type":"ImageObject","inLanguage":"en-US","@id":"https:\/\/usf-luxembourg.eu\/en\/our-pensions-our-salaries\/#primaryimage","url":"https:\/\/usf-luxembourg.eu\/wp-content\/uploads\/2025\/09\/methode-1-300x120.jpg","contentUrl":"https:\/\/usf-luxembourg.eu\/wp-content\/uploads\/2025\/09\/methode-1-300x120.jpg"},{"@type":"BreadcrumbList","@id":"https:\/\/usf-luxembourg.eu\/en\/our-pensions-our-salaries\/#breadcrumb","itemListElement":[{"@type":"ListItem","position":1,"name":"Accueil","item":"https:\/\/usf-luxembourg.eu\/en\/"},{"@type":"ListItem","position":2,"name":"Our pensions \/ Our salaries"}]},{"@type":"WebSite","@id":"https:\/\/usf-luxembourg.eu\/#website","url":"https:\/\/usf-luxembourg.eu\/","name":"Union Syndicale F\u00e9d\u00e9rale Luxembourg","description":"La solidarit\u00e9 est notre m\u00e9tier, la d\u00e9fense du personnel notre Mission","publisher":{"@id":"https:\/\/usf-luxembourg.eu\/#organization"},"potentialAction":[{"@type":"SearchAction","target":{"@type":"EntryPoint","urlTemplate":"https:\/\/usf-luxembourg.eu\/?s={search_term_string}"},"query-input":{"@type":"PropertyValueSpecification","valueRequired":true,"valueName":"search_term_string"}}],"inLanguage":"en-US"},{"@type":"Organization","@id":"https:\/\/usf-luxembourg.eu\/#organization","name":"Union Syndicale F\u00e9d\u00e9rale Luxembourg","url":"https:\/\/usf-luxembourg.eu\/","logo":{"@type":"ImageObject","inLanguage":"en-US","@id":"https:\/\/usf-luxembourg.eu\/#\/schema\/logo\/image\/","url":"https:\/\/usf-luxembourg.eu\/wp-content\/uploads\/2023\/09\/logo-USF-Luxembourg.jpg","contentUrl":"https:\/\/usf-luxembourg.eu\/wp-content\/uploads\/2023\/09\/logo-USF-Luxembourg.jpg","width":2311,"height":831,"caption":"Union Syndicale F\u00e9d\u00e9rale Luxembourg"},"image":{"@id":"https:\/\/usf-luxembourg.eu\/#\/schema\/logo\/image\/"}}]}},"_links":{"self":[{"href":"https:\/\/usf-luxembourg.eu\/en\/wp-json\/wp\/v2\/pages\/1932","targetHints":{"allow":["GET"]}}],"collection":[{"href":"https:\/\/usf-luxembourg.eu\/en\/wp-json\/wp\/v2\/pages"}],"about":[{"href":"https:\/\/usf-luxembourg.eu\/en\/wp-json\/wp\/v2\/types\/page"}],"author":[{"embeddable":true,"href":"https:\/\/usf-luxembourg.eu\/en\/wp-json\/wp\/v2\/users\/7"}],"replies":[{"embeddable":true,"href":"https:\/\/usf-luxembourg.eu\/en\/wp-json\/wp\/v2\/comments?post=1932"}],"version-history":[{"count":8,"href":"https:\/\/usf-luxembourg.eu\/en\/wp-json\/wp\/v2\/pages\/1932\/revisions"}],"predecessor-version":[{"id":5451,"href":"https:\/\/usf-luxembourg.eu\/en\/wp-json\/wp\/v2\/pages\/1932\/revisions\/5451"}],"wp:attachment":[{"href":"https:\/\/usf-luxembourg.eu\/en\/wp-json\/wp\/v2\/media?parent=1932"}],"curies":[{"name":"wp","href":"https:\/\/api.w.org\/{rel}","templated":true}]}}