{"id":1910,"date":"2017-01-27T15:10:21","date_gmt":"2017-01-27T14:10:21","guid":{"rendered":"http:\/\/usf-lux.cameleons-dev.com\/?page_id=1910&#038;lang=en"},"modified":"2017-08-31T15:01:43","modified_gmt":"2017-08-31T13:01:43","slug":"documents","status":"publish","type":"page","link":"https:\/\/usf-luxembourg.eu\/en\/documents\/","title":{"rendered":"Documents"},"content":{"rendered":"<div class=\"fusion-fullwidth fullwidth-box fusion-builder-row-1 hundred-percent-fullwidth non-hundred-percent-height-scrolling\" style=\"--awb-border-radius-top-left:0px;--awb-border-radius-top-right:0px;--awb-border-radius-bottom-right:0px;--awb-border-radius-bottom-left:0px;--awb-overflow:visible;--awb-flex-wrap:wrap;\" ><div class=\"fusion-builder-row fusion-row\"><div class=\"fusion-layout-column fusion_builder_column fusion-builder-column-0 fusion_builder_column_1_1 1_1 fusion-one-full fusion-column-first fusion-column-last fusion-column-no-min-height\" style=\"--awb-bg-size:cover;--awb-margin-bottom:0px;\"><div class=\"fusion-column-wrapper fusion-flex-column-wrapper-legacy\"><div class=\"fusion-text fusion-text-1\"><div class=\"fusion-title title fusion-sep-none fusion-title-size-three fusion-border-below-title\">\n<h1><span style=\"color: #e30513;\">Les documents \u00e0 t\u00e9l\u00e9charger<br \/>\n<\/span><\/h1>\n<p>&nbsp;<\/p>\n<h3 data-lineheight=\"30\" data-fontsize=\"18\">DOCUMENTS DE REFERENCE<\/h3>\n<\/div>\n<p><strong><a href=\"http:\/\/usf-lux.cameleons-dev.com\/wp-content\/uploads\/2016\/08\/StatutUSFLuxembourg28avril2015.pdf\">Statut du syndicat<\/a><\/strong><br \/>\nStatuts de l\u2019Union Syndicale F\u00e9d\u00e9rale Luxembourg (28 avril 2015)<\/p>\n<div class=\"fusion-sep-clear\"><\/div>\n<div class=\"fusion-separator fusion-full-width-sep sep-single\"><\/div>\n<p><strong><a href=\"http:\/\/usf-lux.cameleons-dev.com\/wp-content\/uploads\/2016\/08\/D%C3%A9clarationIspra1974.pdf\">D\u00e9claration Ispra 1974<\/a><\/strong><br \/>\nHistorique de l\u2019Union Syndicale F\u00e9d\u00e9rale (USF)<\/p>\n<div class=\"fusion-sep-clear\"><\/div>\n<div class=\"fusion-separator fusion-full-width-sep sep-single\"><\/div>\n<p><a href=\"https:\/\/myintracomm.ec.europa.eu\/hr_admin\/fr\/staff-regulations\/Pages\/index.aspx\"><strong>Statut des fonctionnaires et agents assimil\u00e9s<\/strong><\/a><\/p>\n<div class=\"fusion-clearfix\"><\/div>\n<div class=\"fusion-title title fusion-sep-none fusion-title-size-three fusion-border-below-title\">\n<h3 class=\"title-heading-left\" data-lineheight=\"30\" data-fontsize=\"18\"><\/h3>\n<h3 data-lineheight=\"30\" data-fontsize=\"18\">TRACTS<\/h3>\n<\/div>\n<p><strong><a href=\"http:\/\/usf-lux.cameleons-dev.com\/wp-content\/uploads\/2016\/08\/OP_suivi_juin_2016.pdf\">OP \u2013 Enqu\u00eate sur le nouveau b\u00e2timent : Exprimez-vous !<\/a> <\/strong>(30\/06\/2016)<\/p>\n<div class=\"fusion-sep-clear\"><\/div>\n<div class=\"fusion-separator fusion-full-width-sep sep-single\"><\/div>\n<p><strong><a href=\"http:\/\/usf-lux.cameleons-dev.com\/wp-content\/uploads\/2016\/08\/arrets_FR20160609.pdf\">Deux arr\u00eats importants pour le Personnel: Harc\u00e8lement et \u00ab Maladie grave \u00bb<\/a> <\/strong>(9\/06\/2016)<\/p>\n<div class=\"fusion-sep-clear\"><\/div>\n<div class=\"fusion-separator fusion-full-width-sep sep-single\"><\/div>\n<p><strong><a href=\"https:\/\/usf-luxembourg.eu\/Docs\/tracts\/AC_Reclassements_FR.pdf\">Promotion\/Reclassement Agents Contractuels: c\u2019est reparti\u2026<\/a> <\/strong>(7\/06\/2016)<strong><br \/>\n<\/strong><\/p>\n<div class=\"fusion-sep-clear\"><\/div>\n<div class=\"fusion-separator fusion-full-width-sep sep-single\"><\/div>\n<p><strong><a href=\"https:\/\/usf-luxembourg.eu\/Docs\/tracts\/Vous%20partez%20en%20mission_FR.pdf\">Vous partez en mission? Voici ce qui change<\/a> <\/strong>(01\/06\/2016)<\/p>\n<div class=\"fusion-sep-clear\"><\/div>\n<div class=\"fusion-separator fusion-full-width-sep sep-single\"><\/div>\n<p><strong><a href=\"http:\/\/usf-lux.cameleons-dev.com\/wp-content\/uploads\/2016\/08\/OP_reunion_20160519_finale.pdf\">OP \u00ab Quo vadis \u00bb : suite\u2026<\/a><\/strong><\/p>\n<div class=\"fusion-sep-clear\"><\/div>\n<div class=\"fusion-separator fusion-full-width-sep sep-single\"><\/div>\n<p><strong><a href=\"http:\/\/usf-lux.cameleons-dev.com\/wp-content\/uploads\/2016\/08\/OP_suivi_mai_2016.pdf\">Personnel de l\u2019OP: d\u2019autres questions pour la Direction? Exprimez-vous !<\/a><\/strong><\/p>\n<div class=\"fusion-sep-clear\"><\/div>\n<div class=\"fusion-separator fusion-full-width-sep sep-single\"><\/div>\n<p><strong><a href=\"http:\/\/usf-lux.cameleons-dev.com\/wp-content\/uploads\/2016\/08\/Promotions_2016_FR.pdf\">Promotion 2016: que faire si\u2026?<\/a><\/strong><\/p>\n<div class=\"fusion-sep-clear\"><\/div>\n<div class=\"fusion-separator fusion-full-width-sep sep-single\"><\/div>\n<p><strong><a href=\"http:\/\/usf-lux.cameleons-dev.com\/wp-content\/uploads\/2016\/08\/OP_suivi_avril_2016_FR.pdf\">OP : R\u00e9union cordiale mais les inqui\u00e9tudes persistent<\/a><\/strong><\/p>\n<div class=\"fusion-sep-clear\"><\/div>\n<div class=\"fusion-separator fusion-full-width-sep sep-single\"><\/div>\n<p><strong><a href=\"http:\/\/usf-lux.cameleons-dev.com\/wp-content\/uploads\/2016\/08\/USF_20160412_FR.pdf\">Merci M. Moscovici !<\/a> <\/strong>Avril 2016<\/p>\n<div class=\"fusion-sep-clear\"><\/div>\n<div class=\"fusion-separator fusion-full-width-sep sep-single\"><\/div>\n<p><strong><a href=\"http:\/\/usf-lux.cameleons-dev.com\/wp-content\/uploads\/2016\/08\/QVOP20160404fr.pdf\">Quo Vadis OP April 2016<\/a> <\/strong>(Version fran\u00e7aise)<\/p>\n<div class=\"fusion-sep-clear\"><\/div>\n<div class=\"fusion-separator fusion-full-width-sep sep-single\"><\/div>\n<p><strong><a href=\"http:\/\/usf-lux.cameleons-dev.com\/wp-content\/uploads\/2016\/08\/AST9_version_FR.pdf\">AST9 : NE VOUS R\u00c9SIGNEZ PAS ! EXPRIMEZ-VOUS !<\/a><\/strong><\/p>\n<div class=\"fusion-sep-clear\"><\/div>\n<div class=\"fusion-separator fusion-full-width-sep sep-single\"><\/div>\n<p><strong><a href=\"http:\/\/usf-lux.cameleons-dev.com\/wp-content\/uploads\/2016\/08\/AST_carrieres_bloquees_FR.pdf\">AST:les sacrifi\u00e9s de la politique du personnel<\/a> <\/strong>Vue d\u2019ensemble des carri\u00e8res bloqu\u00e9es AST<\/p>\n<div class=\"fusion-sep-clear\"><\/div>\n<div class=\"fusion-separator fusion-full-width-sep sep-single\"><\/div>\n<p><strong><a href=\"http:\/\/usf-lux.cameleons-dev.com\/wp-content\/uploads\/2016\/08\/Tract_evaluation_2016_FR.pdf\">Evaluation 2016<\/a><br \/>\n<\/strong>Quelques conseils tr\u00e8s simples permettant d\u2019\u00e9viter les pi\u00e8ges habituels et rendre \u00e0 cet exercice d\u2019\u00e9valuation toute sa valeur.<\/p>\n<div class=\"fusion-sep-clear\"><\/div>\n<div class=\"fusion-separator fusion-full-width-sep sep-single\"><\/div>\n<p><strong><a href=\"http:\/\/usf-lux.cameleons-dev.com\/wp-content\/uploads\/2016\/08\/Promotions-commission_paroles_paroles.pdf\">Promotions \u00e0 la Commission: paroles, paroles, paroles<\/a><\/strong><\/p>\n<div class=\"fusion-clearfix\"><\/div>\n<div class=\"fusion-title title fusion-sep-none fusion-title-size-three fusion-border-below-title\">\n<h3 class=\"title-heading-left\" data-lineheight=\"30\" data-fontsize=\"18\"><\/h3>\n<h3 data-lineheight=\"30\" data-fontsize=\"18\">AGORA<\/h3>\n<\/div>\n<p><strong><a href=\"http:\/\/usf-lux.cameleons-dev.com\/wp-content\/uploads\/2016\/08\/Newsletter_april2016.pdf\">Newsletter USF-Luxembourg, avril 2016<\/a><\/strong><\/p>\n<div class=\"fusion-sep-clear\"><\/div>\n<div class=\"fusion-separator fusion-full-width-sep sep-single\"><\/div>\n<p><strong><a href=\"http:\/\/usf-lux.cameleons-dev.com\/wp-content\/uploads\/2016\/08\/NouveauVenu.pdf\">Nouveau venu<\/a> <\/strong>dans l\u2019Union Syndicale F\u00e9d\u00e9rale ?<br \/>\nArticle issu du magazine AGORA de septembre 2015 (N\u00b074)<\/p>\n<div class=\"fusion-clearfix\"><\/div>\n<div class=\"fusion-clearfix\"><\/div>\n<\/div><div class=\"fusion-clearfix\"><\/div><\/div><\/div><\/div><\/div>\n","protected":false},"excerpt":{"rendered":"","protected":false},"author":7,"featured_media":0,"parent":0,"menu_order":0,"comment_status":"closed","ping_status":"closed","template":"","meta":{"_lmt_disableupdate":"","_lmt_disable":"","footnotes":""},"class_list":["post-1910","page","type-page","status-publish","hentry"],"yoast_head":"<!-- This site is optimized with the Yoast SEO plugin v27.3 - https:\/\/yoast.com\/product\/yoast-seo-wordpress\/ -->\n<title>Documents - Union Syndicale F\u00e9d\u00e9rale Luxembourg<\/title>\n<meta name=\"robots\" content=\"index, follow, max-snippet:-1, max-image-preview:large, max-video-preview:-1\" \/>\n<link rel=\"canonical\" href=\"https:\/\/usf-luxembourg.eu\/en\/documents\/\" \/>\n<meta property=\"og:locale\" content=\"en_US\" \/>\n<meta property=\"og:type\" content=\"article\" \/>\n<meta property=\"og:title\" content=\"Documents - Union Syndicale F\u00e9d\u00e9rale Luxembourg\" \/>\n<meta property=\"og:url\" content=\"https:\/\/usf-luxembourg.eu\/en\/documents\/\" \/>\n<meta property=\"og:site_name\" content=\"Union Syndicale F\u00e9d\u00e9rale Luxembourg\" \/>\n<meta property=\"article:modified_time\" content=\"2017-08-31T13:01:43+00:00\" \/>\n<meta name=\"twitter:card\" content=\"summary_large_image\" \/>\n<meta name=\"twitter:label1\" content=\"Est. reading time\" \/>\n\t<meta name=\"twitter:data1\" content=\"1 minute\" \/>\n<script type=\"application\/ld+json\" class=\"yoast-schema-graph\">{\"@context\":\"https:\\\/\\\/schema.org\",\"@graph\":[{\"@type\":\"WebPage\",\"@id\":\"https:\\\/\\\/usf-luxembourg.eu\\\/en\\\/documents\\\/\",\"url\":\"https:\\\/\\\/usf-luxembourg.eu\\\/en\\\/documents\\\/\",\"name\":\"Documents - Union Syndicale F\u00e9d\u00e9rale Luxembourg\",\"isPartOf\":{\"@id\":\"https:\\\/\\\/usf-luxembourg.eu\\\/#website\"},\"datePublished\":\"2017-01-27T14:10:21+00:00\",\"dateModified\":\"2017-08-31T13:01:43+00:00\",\"breadcrumb\":{\"@id\":\"https:\\\/\\\/usf-luxembourg.eu\\\/en\\\/documents\\\/#breadcrumb\"},\"inLanguage\":\"en-US\",\"potentialAction\":[{\"@type\":\"ReadAction\",\"target\":[\"https:\\\/\\\/usf-luxembourg.eu\\\/en\\\/documents\\\/\"]}]},{\"@type\":\"BreadcrumbList\",\"@id\":\"https:\\\/\\\/usf-luxembourg.eu\\\/en\\\/documents\\\/#breadcrumb\",\"itemListElement\":[{\"@type\":\"ListItem\",\"position\":1,\"name\":\"Accueil\",\"item\":\"https:\\\/\\\/usf-luxembourg.eu\\\/en\\\/\"},{\"@type\":\"ListItem\",\"position\":2,\"name\":\"Documents\"}]},{\"@type\":\"WebSite\",\"@id\":\"https:\\\/\\\/usf-luxembourg.eu\\\/#website\",\"url\":\"https:\\\/\\\/usf-luxembourg.eu\\\/\",\"name\":\"Union Syndicale F\u00e9d\u00e9rale Luxembourg\",\"description\":\"La solidarit\u00e9 est notre m\u00e9tier, la d\u00e9fense du personnel notre Mission\",\"publisher\":{\"@id\":\"https:\\\/\\\/usf-luxembourg.eu\\\/#organization\"},\"potentialAction\":[{\"@type\":\"SearchAction\",\"target\":{\"@type\":\"EntryPoint\",\"urlTemplate\":\"https:\\\/\\\/usf-luxembourg.eu\\\/?s={search_term_string}\"},\"query-input\":{\"@type\":\"PropertyValueSpecification\",\"valueRequired\":true,\"valueName\":\"search_term_string\"}}],\"inLanguage\":\"en-US\"},{\"@type\":\"Organization\",\"@id\":\"https:\\\/\\\/usf-luxembourg.eu\\\/#organization\",\"name\":\"Union Syndicale F\u00e9d\u00e9rale Luxembourg\",\"url\":\"https:\\\/\\\/usf-luxembourg.eu\\\/\",\"logo\":{\"@type\":\"ImageObject\",\"inLanguage\":\"en-US\",\"@id\":\"https:\\\/\\\/usf-luxembourg.eu\\\/#\\\/schema\\\/logo\\\/image\\\/\",\"url\":\"https:\\\/\\\/usf-luxembourg.eu\\\/wp-content\\\/uploads\\\/2023\\\/09\\\/logo-USF-Luxembourg.jpg\",\"contentUrl\":\"https:\\\/\\\/usf-luxembourg.eu\\\/wp-content\\\/uploads\\\/2023\\\/09\\\/logo-USF-Luxembourg.jpg\",\"width\":2311,\"height\":831,\"caption\":\"Union Syndicale F\u00e9d\u00e9rale Luxembourg\"},\"image\":{\"@id\":\"https:\\\/\\\/usf-luxembourg.eu\\\/#\\\/schema\\\/logo\\\/image\\\/\"}}]}<\/script>\n<!-- \/ Yoast SEO plugin. -->","yoast_head_json":{"title":"Documents - Union Syndicale F\u00e9d\u00e9rale Luxembourg","robots":{"index":"index","follow":"follow","max-snippet":"max-snippet:-1","max-image-preview":"max-image-preview:large","max-video-preview":"max-video-preview:-1"},"canonical":"https:\/\/usf-luxembourg.eu\/en\/documents\/","og_locale":"en_US","og_type":"article","og_title":"Documents - Union Syndicale F\u00e9d\u00e9rale Luxembourg","og_url":"https:\/\/usf-luxembourg.eu\/en\/documents\/","og_site_name":"Union Syndicale F\u00e9d\u00e9rale Luxembourg","article_modified_time":"2017-08-31T13:01:43+00:00","twitter_card":"summary_large_image","twitter_misc":{"Est. reading time":"1 minute"},"schema":{"@context":"https:\/\/schema.org","@graph":[{"@type":"WebPage","@id":"https:\/\/usf-luxembourg.eu\/en\/documents\/","url":"https:\/\/usf-luxembourg.eu\/en\/documents\/","name":"Documents - Union Syndicale F\u00e9d\u00e9rale Luxembourg","isPartOf":{"@id":"https:\/\/usf-luxembourg.eu\/#website"},"datePublished":"2017-01-27T14:10:21+00:00","dateModified":"2017-08-31T13:01:43+00:00","breadcrumb":{"@id":"https:\/\/usf-luxembourg.eu\/en\/documents\/#breadcrumb"},"inLanguage":"en-US","potentialAction":[{"@type":"ReadAction","target":["https:\/\/usf-luxembourg.eu\/en\/documents\/"]}]},{"@type":"BreadcrumbList","@id":"https:\/\/usf-luxembourg.eu\/en\/documents\/#breadcrumb","itemListElement":[{"@type":"ListItem","position":1,"name":"Accueil","item":"https:\/\/usf-luxembourg.eu\/en\/"},{"@type":"ListItem","position":2,"name":"Documents"}]},{"@type":"WebSite","@id":"https:\/\/usf-luxembourg.eu\/#website","url":"https:\/\/usf-luxembourg.eu\/","name":"Union Syndicale F\u00e9d\u00e9rale Luxembourg","description":"La solidarit\u00e9 est notre m\u00e9tier, la d\u00e9fense du personnel notre Mission","publisher":{"@id":"https:\/\/usf-luxembourg.eu\/#organization"},"potentialAction":[{"@type":"SearchAction","target":{"@type":"EntryPoint","urlTemplate":"https:\/\/usf-luxembourg.eu\/?s={search_term_string}"},"query-input":{"@type":"PropertyValueSpecification","valueRequired":true,"valueName":"search_term_string"}}],"inLanguage":"en-US"},{"@type":"Organization","@id":"https:\/\/usf-luxembourg.eu\/#organization","name":"Union Syndicale F\u00e9d\u00e9rale Luxembourg","url":"https:\/\/usf-luxembourg.eu\/","logo":{"@type":"ImageObject","inLanguage":"en-US","@id":"https:\/\/usf-luxembourg.eu\/#\/schema\/logo\/image\/","url":"https:\/\/usf-luxembourg.eu\/wp-content\/uploads\/2023\/09\/logo-USF-Luxembourg.jpg","contentUrl":"https:\/\/usf-luxembourg.eu\/wp-content\/uploads\/2023\/09\/logo-USF-Luxembourg.jpg","width":2311,"height":831,"caption":"Union Syndicale F\u00e9d\u00e9rale Luxembourg"},"image":{"@id":"https:\/\/usf-luxembourg.eu\/#\/schema\/logo\/image\/"}}]}},"_links":{"self":[{"href":"https:\/\/usf-luxembourg.eu\/en\/wp-json\/wp\/v2\/pages\/1910","targetHints":{"allow":["GET"]}}],"collection":[{"href":"https:\/\/usf-luxembourg.eu\/en\/wp-json\/wp\/v2\/pages"}],"about":[{"href":"https:\/\/usf-luxembourg.eu\/en\/wp-json\/wp\/v2\/types\/page"}],"author":[{"embeddable":true,"href":"https:\/\/usf-luxembourg.eu\/en\/wp-json\/wp\/v2\/users\/7"}],"replies":[{"embeddable":true,"href":"https:\/\/usf-luxembourg.eu\/en\/wp-json\/wp\/v2\/comments?post=1910"}],"version-history":[{"count":2,"href":"https:\/\/usf-luxembourg.eu\/en\/wp-json\/wp\/v2\/pages\/1910\/revisions"}],"predecessor-version":[{"id":2416,"href":"https:\/\/usf-luxembourg.eu\/en\/wp-json\/wp\/v2\/pages\/1910\/revisions\/2416"}],"wp:attachment":[{"href":"https:\/\/usf-luxembourg.eu\/en\/wp-json\/wp\/v2\/media?parent=1910"}],"curies":[{"name":"wp","href":"https:\/\/api.w.org\/{rel}","templated":true}]}}