{"id":1909,"date":"2017-01-27T15:10:04","date_gmt":"2017-01-27T14:10:04","guid":{"rendered":"http:\/\/usf-lux.cameleons-dev.com\/?page_id=1909&#038;lang=en"},"modified":"2017-08-31T15:01:43","modified_gmt":"2017-08-31T13:01:43","slug":"declarations-ispra","status":"publish","type":"page","link":"https:\/\/usf-luxembourg.eu\/en\/declarations-ispra\/","title":{"rendered":"Declaration ISPRA"},"content":{"rendered":"<p><div class=\"fusion-fullwidth fullwidth-box fusion-builder-row-1 fusion-parallax-none nonhundred-percent-fullwidth non-hundred-percent-height-scrolling\" style=\"--awb-border-radius-top-left:0px;--awb-border-radius-top-right:0px;--awb-border-radius-bottom-right:0px;--awb-border-radius-bottom-left:0px;--awb-padding-top:50px;--awb-padding-bottom:50px;--awb-background-image:url(&quot;http:\/\/usf-lux.cameleons-dev.com\/wp-content\/uploads\/2016\/12\/de\u0301clarartion.jpg&quot;);--awb-background-size:cover;--awb-border-sizes-top:0px;--awb-border-sizes-bottom:0px;--awb-flex-wrap:wrap;\" ><div class=\"fusion-builder-row fusion-row\"><div class=\"fusion-layout-column fusion_builder_column fusion-builder-column-0 fusion_builder_column_1_1 1_1 fusion-one-full fusion-column-first fusion-column-last\" style=\"--awb-bg-size:cover;\"><div class=\"fusion-column-wrapper fusion-flex-column-wrapper-legacy\"><div class=\"fusion-text fusion-text-1\"><h1><span style=\"color: #ffffff;\">D\u00e9claration ISPRA <\/span><\/h1>\n<\/div><div class=\"fusion-clearfix\"><\/div><\/div><\/div><\/div><\/div><div class=\"fusion-fullwidth fullwidth-box fusion-builder-row-2 nonhundred-percent-fullwidth non-hundred-percent-height-scrolling\" style=\"--awb-background-position:left top;--awb-border-radius-top-left:0px;--awb-border-radius-top-right:0px;--awb-border-radius-bottom-right:0px;--awb-border-radius-bottom-left:0px;--awb-padding-top:20px;--awb-padding-bottom:20px;--awb-background-color:#ffffff;--awb-border-sizes-top:0px;--awb-border-sizes-bottom:0px;--awb-flex-wrap:wrap;\" ><div class=\"fusion-builder-row fusion-row\"><div class=\"fusion-layout-column fusion_builder_column fusion-builder-column-1 fusion_builder_column_1_1 1_1 fusion-one-full fusion-column-first fusion-column-last\" style=\"--awb-bg-size:cover;\"><div class=\"fusion-column-wrapper fusion-flex-column-wrapper-legacy\"><div class=\"fusion-text fusion-text-2\"><h3><a href=\"http:\/\/usf-lux.cameleons-dev.com\/wp-content\/uploads\/2016\/12\/D\u00e9clarationIspra1974.pdf\">D\u00e9claration Ispra 1974<\/a><\/h3>\n<p>Historique de l\u2019Union Syndicale F\u00e9d\u00e9rale (USF)<\/p>\n<\/div><div class=\"fusion-clearfix\"><\/div><\/div><\/div><\/div><\/div><\/p>\n","protected":false},"excerpt":{"rendered":"","protected":false},"author":7,"featured_media":0,"parent":0,"menu_order":0,"comment_status":"open","ping_status":"closed","template":"100-width.php","meta":{"_lmt_disableupdate":"","_lmt_disable":"","footnotes":""},"class_list":["post-1909","page","type-page","status-publish","hentry"],"yoast_head":"<!-- This site is optimized with the Yoast SEO plugin v27.1.1 - https:\/\/yoast.com\/product\/yoast-seo-wordpress\/ -->\n<title>Declaration ISPRA - Union Syndicale F\u00e9d\u00e9rale Luxembourg<\/title>\n<meta name=\"robots\" content=\"index, follow, max-snippet:-1, max-image-preview:large, max-video-preview:-1\" \/>\n<link rel=\"canonical\" href=\"https:\/\/usf-luxembourg.eu\/en\/declarations-ispra\/\" \/>\n<meta property=\"og:locale\" content=\"en_US\" \/>\n<meta property=\"og:type\" content=\"article\" \/>\n<meta property=\"og:title\" content=\"Declaration ISPRA - Union Syndicale F\u00e9d\u00e9rale Luxembourg\" \/>\n<meta property=\"og:url\" content=\"https:\/\/usf-luxembourg.eu\/en\/declarations-ispra\/\" \/>\n<meta property=\"og:site_name\" content=\"Union Syndicale F\u00e9d\u00e9rale Luxembourg\" \/>\n<meta property=\"article:modified_time\" content=\"2017-08-31T13:01:43+00:00\" \/>\n<meta name=\"twitter:card\" content=\"summary_large_image\" \/>\n<meta name=\"twitter:label1\" content=\"Est. reading time\" \/>\n\t<meta name=\"twitter:data1\" content=\"2 minutes\" \/>\n<script type=\"application\/ld+json\" class=\"yoast-schema-graph\">{\"@context\":\"https:\/\/schema.org\",\"@graph\":[{\"@type\":\"WebPage\",\"@id\":\"https:\/\/usf-luxembourg.eu\/en\/declarations-ispra\/\",\"url\":\"https:\/\/usf-luxembourg.eu\/en\/declarations-ispra\/\",\"name\":\"Declaration ISPRA - Union Syndicale F\u00e9d\u00e9rale Luxembourg\",\"isPartOf\":{\"@id\":\"https:\/\/usf-luxembourg.eu\/#website\"},\"datePublished\":\"2017-01-27T14:10:04+00:00\",\"dateModified\":\"2017-08-31T13:01:43+00:00\",\"breadcrumb\":{\"@id\":\"https:\/\/usf-luxembourg.eu\/en\/declarations-ispra\/#breadcrumb\"},\"inLanguage\":\"en-US\",\"potentialAction\":[{\"@type\":\"ReadAction\",\"target\":[\"https:\/\/usf-luxembourg.eu\/en\/declarations-ispra\/\"]}]},{\"@type\":\"BreadcrumbList\",\"@id\":\"https:\/\/usf-luxembourg.eu\/en\/declarations-ispra\/#breadcrumb\",\"itemListElement\":[{\"@type\":\"ListItem\",\"position\":1,\"name\":\"Accueil\",\"item\":\"https:\/\/usf-luxembourg.eu\/en\/\"},{\"@type\":\"ListItem\",\"position\":2,\"name\":\"Declaration ISPRA\"}]},{\"@type\":\"WebSite\",\"@id\":\"https:\/\/usf-luxembourg.eu\/#website\",\"url\":\"https:\/\/usf-luxembourg.eu\/\",\"name\":\"Union Syndicale F\u00e9d\u00e9rale Luxembourg\",\"description\":\"La solidarit\u00e9 est notre m\u00e9tier, la d\u00e9fense du personnel notre Mission\",\"publisher\":{\"@id\":\"https:\/\/usf-luxembourg.eu\/#organization\"},\"potentialAction\":[{\"@type\":\"SearchAction\",\"target\":{\"@type\":\"EntryPoint\",\"urlTemplate\":\"https:\/\/usf-luxembourg.eu\/?s={search_term_string}\"},\"query-input\":{\"@type\":\"PropertyValueSpecification\",\"valueRequired\":true,\"valueName\":\"search_term_string\"}}],\"inLanguage\":\"en-US\"},{\"@type\":\"Organization\",\"@id\":\"https:\/\/usf-luxembourg.eu\/#organization\",\"name\":\"Union Syndicale F\u00e9d\u00e9rale Luxembourg\",\"url\":\"https:\/\/usf-luxembourg.eu\/\",\"logo\":{\"@type\":\"ImageObject\",\"inLanguage\":\"en-US\",\"@id\":\"https:\/\/usf-luxembourg.eu\/#\/schema\/logo\/image\/\",\"url\":\"https:\/\/usf-luxembourg.eu\/wp-content\/uploads\/2023\/09\/logo-USF-Luxembourg.jpg\",\"contentUrl\":\"https:\/\/usf-luxembourg.eu\/wp-content\/uploads\/2023\/09\/logo-USF-Luxembourg.jpg\",\"width\":2311,\"height\":831,\"caption\":\"Union Syndicale F\u00e9d\u00e9rale Luxembourg\"},\"image\":{\"@id\":\"https:\/\/usf-luxembourg.eu\/#\/schema\/logo\/image\/\"}}]}<\/script>\n<!-- \/ Yoast SEO plugin. -->","yoast_head_json":{"title":"Declaration ISPRA - Union Syndicale F\u00e9d\u00e9rale Luxembourg","robots":{"index":"index","follow":"follow","max-snippet":"max-snippet:-1","max-image-preview":"max-image-preview:large","max-video-preview":"max-video-preview:-1"},"canonical":"https:\/\/usf-luxembourg.eu\/en\/declarations-ispra\/","og_locale":"en_US","og_type":"article","og_title":"Declaration ISPRA - Union Syndicale F\u00e9d\u00e9rale Luxembourg","og_url":"https:\/\/usf-luxembourg.eu\/en\/declarations-ispra\/","og_site_name":"Union Syndicale F\u00e9d\u00e9rale Luxembourg","article_modified_time":"2017-08-31T13:01:43+00:00","twitter_card":"summary_large_image","twitter_misc":{"Est. reading time":"2 minutes"},"schema":{"@context":"https:\/\/schema.org","@graph":[{"@type":"WebPage","@id":"https:\/\/usf-luxembourg.eu\/en\/declarations-ispra\/","url":"https:\/\/usf-luxembourg.eu\/en\/declarations-ispra\/","name":"Declaration ISPRA - Union Syndicale F\u00e9d\u00e9rale Luxembourg","isPartOf":{"@id":"https:\/\/usf-luxembourg.eu\/#website"},"datePublished":"2017-01-27T14:10:04+00:00","dateModified":"2017-08-31T13:01:43+00:00","breadcrumb":{"@id":"https:\/\/usf-luxembourg.eu\/en\/declarations-ispra\/#breadcrumb"},"inLanguage":"en-US","potentialAction":[{"@type":"ReadAction","target":["https:\/\/usf-luxembourg.eu\/en\/declarations-ispra\/"]}]},{"@type":"BreadcrumbList","@id":"https:\/\/usf-luxembourg.eu\/en\/declarations-ispra\/#breadcrumb","itemListElement":[{"@type":"ListItem","position":1,"name":"Accueil","item":"https:\/\/usf-luxembourg.eu\/en\/"},{"@type":"ListItem","position":2,"name":"Declaration ISPRA"}]},{"@type":"WebSite","@id":"https:\/\/usf-luxembourg.eu\/#website","url":"https:\/\/usf-luxembourg.eu\/","name":"Union Syndicale F\u00e9d\u00e9rale Luxembourg","description":"La solidarit\u00e9 est notre m\u00e9tier, la d\u00e9fense du personnel notre Mission","publisher":{"@id":"https:\/\/usf-luxembourg.eu\/#organization"},"potentialAction":[{"@type":"SearchAction","target":{"@type":"EntryPoint","urlTemplate":"https:\/\/usf-luxembourg.eu\/?s={search_term_string}"},"query-input":{"@type":"PropertyValueSpecification","valueRequired":true,"valueName":"search_term_string"}}],"inLanguage":"en-US"},{"@type":"Organization","@id":"https:\/\/usf-luxembourg.eu\/#organization","name":"Union Syndicale F\u00e9d\u00e9rale Luxembourg","url":"https:\/\/usf-luxembourg.eu\/","logo":{"@type":"ImageObject","inLanguage":"en-US","@id":"https:\/\/usf-luxembourg.eu\/#\/schema\/logo\/image\/","url":"https:\/\/usf-luxembourg.eu\/wp-content\/uploads\/2023\/09\/logo-USF-Luxembourg.jpg","contentUrl":"https:\/\/usf-luxembourg.eu\/wp-content\/uploads\/2023\/09\/logo-USF-Luxembourg.jpg","width":2311,"height":831,"caption":"Union Syndicale F\u00e9d\u00e9rale Luxembourg"},"image":{"@id":"https:\/\/usf-luxembourg.eu\/#\/schema\/logo\/image\/"}}]}},"_links":{"self":[{"href":"https:\/\/usf-luxembourg.eu\/en\/wp-json\/wp\/v2\/pages\/1909","targetHints":{"allow":["GET"]}}],"collection":[{"href":"https:\/\/usf-luxembourg.eu\/en\/wp-json\/wp\/v2\/pages"}],"about":[{"href":"https:\/\/usf-luxembourg.eu\/en\/wp-json\/wp\/v2\/types\/page"}],"author":[{"embeddable":true,"href":"https:\/\/usf-luxembourg.eu\/en\/wp-json\/wp\/v2\/users\/7"}],"replies":[{"embeddable":true,"href":"https:\/\/usf-luxembourg.eu\/en\/wp-json\/wp\/v2\/comments?post=1909"}],"version-history":[{"count":4,"href":"https:\/\/usf-luxembourg.eu\/en\/wp-json\/wp\/v2\/pages\/1909\/revisions"}],"predecessor-version":[{"id":2417,"href":"https:\/\/usf-luxembourg.eu\/en\/wp-json\/wp\/v2\/pages\/1909\/revisions\/2417"}],"wp:attachment":[{"href":"https:\/\/usf-luxembourg.eu\/en\/wp-json\/wp\/v2\/media?parent=1909"}],"curies":[{"name":"wp","href":"https:\/\/api.w.org\/{rel}","templated":true}]}}