{"id":1906,"date":"2017-01-27T15:08:43","date_gmt":"2017-01-27T14:08:43","guid":{"rendered":"http:\/\/usf-lux.cameleons-dev.com\/?page_id=1906&#038;lang=en"},"modified":"2024-05-31T18:11:57","modified_gmt":"2024-05-31T16:11:57","slug":"executive-commitee","status":"publish","type":"page","link":"https:\/\/usf-luxembourg.eu\/en\/executive-commitee\/","title":{"rendered":"Executive commitee"},"content":{"rendered":"<p><div class=\"fusion-fullwidth fullwidth-box fusion-builder-row-1 has-pattern-background has-mask-background fusion-parallax-none nonhundred-percent-fullwidth non-hundred-percent-height-scrolling\" style=\"--awb-border-sizes-top:0px;--awb-border-sizes-bottom:0px;--awb-border-sizes-left:0px;--awb-border-sizes-right:0px;--awb-border-radius-top-left:0px;--awb-border-radius-top-right:0px;--awb-border-radius-bottom-right:0px;--awb-border-radius-bottom-left:0px;--awb-padding-top:50px;--awb-padding-bottom:50px;--awb-background-image:url(&quot;https:\/\/usf-luxembourg.eu\/wp-content\/uploads\/2016\/12\/Attractivite.jpg&quot;);--awb-background-size:cover;--awb-flex-wrap:wrap;\" ><div class=\"fusion-builder-row fusion-row\"><div class=\"fusion-layout-column fusion_builder_column fusion-builder-column-0 fusion_builder_column_1_1 1_1 fusion-one-full fusion-column-first fusion-column-last\" style=\"--awb-bg-size:cover;\"><div class=\"fusion-column-wrapper fusion-flex-column-wrapper-legacy\"><div class=\"fusion-text fusion-text-1\"><h1><span style=\"color: #ffffff;\">Executive committee (Board) <\/span><\/h1>\n<\/div><div class=\"fusion-clearfix\"><\/div><\/div><\/div><\/div><\/div><div class=\"fusion-fullwidth fullwidth-box fusion-builder-row-2 nonhundred-percent-fullwidth non-hundred-percent-height-scrolling\" style=\"--awb-background-position:left top;--awb-border-sizes-top:0px;--awb-border-sizes-bottom:0px;--awb-border-sizes-left:0px;--awb-border-sizes-right:0px;--awb-border-radius-top-left:0px;--awb-border-radius-top-right:0px;--awb-border-radius-bottom-right:0px;--awb-border-radius-bottom-left:0px;--awb-padding-top:20px;--awb-padding-bottom:20px;--awb-background-color:#ffffff;--awb-flex-wrap:wrap;\" ><div class=\"fusion-builder-row fusion-row\"><div class=\"fusion-layout-column fusion_builder_column fusion-builder-column-1 fusion_builder_column_1_1 1_1 fusion-one-full fusion-column-first fusion-column-last\" style=\"--awb-bg-size:cover;\"><div class=\"fusion-column-wrapper fusion-flex-column-wrapper-legacy\"><div class=\"fusion-text fusion-text-2\"><h3>Members of the Executive committee (Board)<\/h3>\n<table style=\"width: 1229px; height: 853px;\">\n<tbody>\n<tr style=\"height: 48px;\">\n<td style=\"width: 158px; height: 48px; text-align: left;\"><strong>President<\/strong><\/td>\n<td style=\"width: 256.283px; height: 48px; text-align: left;\">Arty KYRAMARIOS<\/td>\n<td style=\"width: 345.717px; height: 48px; text-align: left;\"><a href=\"mailto:Arty.KYRAMARIOS@ec.europa.eu\">Arty.KYRAMARIOS<\/a><a href=\"mailto:Arty.KYRAMARIOS@ec.europa.eu\">@ec.europa.eu<\/a><\/td>\n<td style=\"width: 424px; height: 48px; text-align: left;\"><img decoding=\"async\" class=\"wp-image-4281 alignleft\" src=\"https:\/\/usf-luxembourg.eu\/wp-content\/uploads\/2022\/11\/15-Arty-K-300x225.png\" alt=\"Arty.KYRAMARIOS\" width=\"200\" height=\"150\" srcset=\"https:\/\/usf-luxembourg.eu\/wp-content\/uploads\/2022\/11\/15-Arty-K-200x150.png 200w, https:\/\/usf-luxembourg.eu\/wp-content\/uploads\/2022\/11\/15-Arty-K-300x225.png 300w, https:\/\/usf-luxembourg.eu\/wp-content\/uploads\/2022\/11\/15-Arty-K-400x300.png 400w, https:\/\/usf-luxembourg.eu\/wp-content\/uploads\/2022\/11\/15-Arty-K-600x450.png 600w, https:\/\/usf-luxembourg.eu\/wp-content\/uploads\/2022\/11\/15-Arty-K.png 744w\" sizes=\"(max-width: 200px) 100vw, 200px\" \/><\/td>\n<\/tr>\n<tr style=\"height: 48px;\">\n<td style=\"width: 158px; height: 48px;\"><strong>Vice-President<\/strong><\/td>\n<td style=\"width: 256.283px; height: 48px;\">Nadia FETTAH<\/td>\n<td style=\"width: 345.717px; height: 48px;\">\n<div class=\"trAlr row\">\n<div class=\"fld\"><a href=\"mailto:Nadia.Fettah@ec.europa.eu\">Nadia.FETTAH@ec.europa.eu<\/a><\/div>\n<\/div>\n<\/td>\n<td style=\"width: 424px; height: 48px;\">\n<div class=\"trAlr row\">\n<div class=\"fld\"><img decoding=\"async\" class=\"alignleft wp-image-4269\" src=\"https:\/\/usf-luxembourg.eu\/wp-content\/uploads\/2022\/11\/9-Nadia-F-300x225.png\" alt=\"Nadia Fettah\" width=\"200\" height=\"150\" srcset=\"https:\/\/usf-luxembourg.eu\/wp-content\/uploads\/2022\/11\/9-Nadia-F-200x150.png 200w, https:\/\/usf-luxembourg.eu\/wp-content\/uploads\/2022\/11\/9-Nadia-F-300x225.png 300w, https:\/\/usf-luxembourg.eu\/wp-content\/uploads\/2022\/11\/9-Nadia-F-400x300.png 400w, https:\/\/usf-luxembourg.eu\/wp-content\/uploads\/2022\/11\/9-Nadia-F-600x450.png 600w, https:\/\/usf-luxembourg.eu\/wp-content\/uploads\/2022\/11\/9-Nadia-F.png 744w\" sizes=\"(max-width: 200px) 100vw, 200px\" \/><\/div>\n<\/div>\n<\/td>\n<\/tr>\n<tr style=\"height: 48px;\">\n<td style=\"width: 158px; height: 48px;\"><\/td>\n<td style=\"width: 256.283px; height: 48px;\">Patricia ALMA<\/td>\n<td style=\"width: 345.717px; height: 48px;\">\n<div class=\"trAlr row\">\n<div class=\"fld\"><a href=\"mailto:Patricia.ALMA@ec.europa.eu\">Patricia ALMA@ec.europa.eu<\/a><\/div>\n<\/div>\n<\/td>\n<td style=\"width: 424px; height: 48px;\">\n<div class=\"trAlr row\">\n<div class=\"fld\"><img decoding=\"async\" class=\"alignleft wp-image-4291\" src=\"https:\/\/usf-luxembourg.eu\/wp-content\/uploads\/2022\/11\/20-Patricia-A-300x225.png\" alt=\"Patricia Alma\" width=\"200\" height=\"150\" srcset=\"https:\/\/usf-luxembourg.eu\/wp-content\/uploads\/2022\/11\/20-Patricia-A-200x150.png 200w, https:\/\/usf-luxembourg.eu\/wp-content\/uploads\/2022\/11\/20-Patricia-A-300x225.png 300w, https:\/\/usf-luxembourg.eu\/wp-content\/uploads\/2022\/11\/20-Patricia-A-400x300.png 400w, https:\/\/usf-luxembourg.eu\/wp-content\/uploads\/2022\/11\/20-Patricia-A-600x450.png 600w, https:\/\/usf-luxembourg.eu\/wp-content\/uploads\/2022\/11\/20-Patricia-A.png 744w\" sizes=\"(max-width: 200px) 100vw, 200px\" \/><\/div>\n<\/div>\n<\/td>\n<\/tr>\n<tr style=\"height: 48px;\">\n<td style=\"width: 158px; height: 48px;\"><strong>Treasurer<\/strong><\/td>\n<td style=\"width: 256.283px; height: 48px; text-align: left;\">Fabrizio LUPO<\/td>\n<td style=\"width: 345.717px; height: 48px;\">\n<div class=\"trAlr row\">\n<div class=\"fld\"><a href=\"mailto:Fabrizio.LUPO@ec.europa.eu\">Fabrizio.LUPO@ec.europa.eu<\/a><\/div>\n<\/div>\n<\/td>\n<td style=\"width: 424px; height: 48px;\">\n<div class=\"trAlr row\">\n<div class=\"fld\"><img decoding=\"async\" class=\"wp-image-4267 alignleft\" src=\"https:\/\/usf-luxembourg.eu\/wp-content\/uploads\/2022\/11\/8-Fabrizio-L-300x225.png\" alt=\"Fabrizio Lupo\" width=\"200\" height=\"150\" srcset=\"https:\/\/usf-luxembourg.eu\/wp-content\/uploads\/2022\/11\/8-Fabrizio-L-200x150.png 200w, https:\/\/usf-luxembourg.eu\/wp-content\/uploads\/2022\/11\/8-Fabrizio-L-300x225.png 300w, https:\/\/usf-luxembourg.eu\/wp-content\/uploads\/2022\/11\/8-Fabrizio-L-400x300.png 400w, https:\/\/usf-luxembourg.eu\/wp-content\/uploads\/2022\/11\/8-Fabrizio-L-600x450.png 600w, https:\/\/usf-luxembourg.eu\/wp-content\/uploads\/2022\/11\/8-Fabrizio-L.png 744w\" sizes=\"(max-width: 200px) 100vw, 200px\" \/><\/div>\n<\/div>\n<\/td>\n<\/tr>\n<tr style=\"height: 48px;\">\n<td style=\"width: 158px; height: 48px; text-align: left;\"><strong>Secretary<\/strong><\/td>\n<td style=\"width: 256.283px; height: 48px; text-align: left;\">Elisabeth BASTIEN<\/td>\n<td style=\"width: 345.717px; height: 48px; text-align: left;\">\n<div id=\"divSn\" class=\"divSn divTx\" style=\"text-align: left;\"><a href=\"mailto:Elisabeth.BASTIEN@publications.europa.eu\"><span id=\"spnFrom\" class=\"rwRRO\" title=\"jp.tytgat@outlook.fr\">Elisabeth.BASTIEN@publications.europa.eu<\/span><\/a><\/div>\n<\/td>\n<td style=\"width: 424px; height: 48px;\"><img decoding=\"async\" class=\"wp-image-4283 alignleft\" src=\"https:\/\/usf-luxembourg.eu\/wp-content\/uploads\/2022\/11\/16-Elisabeth-B-300x225.png\" alt=\"Elisabeth BASTIEN\" width=\"200\" height=\"150\" srcset=\"https:\/\/usf-luxembourg.eu\/wp-content\/uploads\/2022\/11\/16-Elisabeth-B-200x150.png 200w, https:\/\/usf-luxembourg.eu\/wp-content\/uploads\/2022\/11\/16-Elisabeth-B-300x225.png 300w, https:\/\/usf-luxembourg.eu\/wp-content\/uploads\/2022\/11\/16-Elisabeth-B-400x300.png 400w, https:\/\/usf-luxembourg.eu\/wp-content\/uploads\/2022\/11\/16-Elisabeth-B-600x450.png 600w, https:\/\/usf-luxembourg.eu\/wp-content\/uploads\/2022\/11\/16-Elisabeth-B.png 744w\" sizes=\"(max-width: 200px) 100vw, 200px\" \/><\/td>\n<\/tr>\n<\/tbody>\n<\/table>\n<p><!--more--><\/p>\n<p>Union Syndicale F\u00e9d\u00e9rale Luxembourg is a trade-union recognised by the institutions.<\/p>\n<\/div><div class=\"fusion-clearfix\"><\/div><\/div><\/div><\/div><\/div><\/p>\n","protected":false},"excerpt":{"rendered":"<p>Members of the Executive committee (Board) President Arty KYRAMARIOS Arty.KYRAMARIOS@ec.europa.eu Vice-President Nadia FETTAH Nadia.FETTAH@ec.europa.eu Patricia ALMA Patricia ALMA@ec.europa.eu Treasurer Fabrizio LUPO Fabrizio.LUPO@ec.europa.eu Secretary Elisabeth BASTIEN Elisabeth.BASTIEN@publications.europa.eu<\/p>\n","protected":false},"author":7,"featured_media":0,"parent":0,"menu_order":0,"comment_status":"open","ping_status":"closed","template":"100-width.php","meta":{"_lmt_disableupdate":"no","_lmt_disable":"no","footnotes":""},"class_list":["post-1906","page","type-page","status-publish","hentry"],"yoast_head":"<!-- This site is optimized with the Yoast SEO plugin v27.3 - https:\/\/yoast.com\/product\/yoast-seo-wordpress\/ -->\n<title>Executive commitee - Union Syndicale F\u00e9d\u00e9rale Luxembourg<\/title>\n<meta name=\"robots\" content=\"index, follow, max-snippet:-1, max-image-preview:large, max-video-preview:-1\" \/>\n<link rel=\"canonical\" href=\"https:\/\/usf-luxembourg.eu\/executive-commitee\/\" \/>\n<meta property=\"og:locale\" content=\"en_US\" \/>\n<meta property=\"og:type\" content=\"article\" \/>\n<meta property=\"og:title\" content=\"Executive commitee - Union Syndicale F\u00e9d\u00e9rale Luxembourg\" \/>\n<meta property=\"og:description\" content=\"Members of the Executive committee (Board) President Arty KYRAMARIOS Arty.KYRAMARIOS@ec.europa.eu Vice-President Nadia FETTAH Nadia.FETTAH@ec.europa.eu Patricia ALMA Patricia ALMA@ec.europa.eu Treasurer Fabrizio LUPO Fabrizio.LUPO@ec.europa.eu Secretary Elisabeth BASTIEN Elisabeth.BASTIEN@publications.europa.eu\" \/>\n<meta property=\"og:url\" content=\"https:\/\/usf-luxembourg.eu\/executive-commitee\/\" \/>\n<meta property=\"og:site_name\" content=\"Union Syndicale F\u00e9d\u00e9rale Luxembourg\" \/>\n<meta property=\"article:modified_time\" content=\"2024-05-31T16:11:57+00:00\" \/>\n<meta property=\"og:image\" content=\"https:\/\/usf-luxembourg.eu\/wp-content\/uploads\/2022\/11\/15-Arty-K-300x225.png\" \/>\n<meta name=\"twitter:card\" content=\"summary_large_image\" \/>\n<meta name=\"twitter:label1\" content=\"Est. reading time\" \/>\n\t<meta name=\"twitter:data1\" content=\"2 minutes\" \/>\n<script type=\"application\/ld+json\" class=\"yoast-schema-graph\">{\"@context\":\"https:\\\/\\\/schema.org\",\"@graph\":[{\"@type\":\"WebPage\",\"@id\":\"https:\\\/\\\/usf-luxembourg.eu\\\/executive-commitee\\\/\",\"url\":\"https:\\\/\\\/usf-luxembourg.eu\\\/executive-commitee\\\/\",\"name\":\"Executive commitee - Union Syndicale F\u00e9d\u00e9rale Luxembourg\",\"isPartOf\":{\"@id\":\"https:\\\/\\\/usf-luxembourg.eu\\\/#website\"},\"primaryImageOfPage\":{\"@id\":\"https:\\\/\\\/usf-luxembourg.eu\\\/executive-commitee\\\/#primaryimage\"},\"image\":{\"@id\":\"https:\\\/\\\/usf-luxembourg.eu\\\/executive-commitee\\\/#primaryimage\"},\"thumbnailUrl\":\"https:\\\/\\\/usf-luxembourg.eu\\\/wp-content\\\/uploads\\\/2022\\\/11\\\/15-Arty-K-300x225.png\",\"datePublished\":\"2017-01-27T14:08:43+00:00\",\"dateModified\":\"2024-05-31T16:11:57+00:00\",\"breadcrumb\":{\"@id\":\"https:\\\/\\\/usf-luxembourg.eu\\\/executive-commitee\\\/#breadcrumb\"},\"inLanguage\":\"en-US\",\"potentialAction\":[{\"@type\":\"ReadAction\",\"target\":[\"https:\\\/\\\/usf-luxembourg.eu\\\/executive-commitee\\\/\"]}]},{\"@type\":\"ImageObject\",\"inLanguage\":\"en-US\",\"@id\":\"https:\\\/\\\/usf-luxembourg.eu\\\/executive-commitee\\\/#primaryimage\",\"url\":\"https:\\\/\\\/usf-luxembourg.eu\\\/wp-content\\\/uploads\\\/2022\\\/11\\\/15-Arty-K-300x225.png\",\"contentUrl\":\"https:\\\/\\\/usf-luxembourg.eu\\\/wp-content\\\/uploads\\\/2022\\\/11\\\/15-Arty-K-300x225.png\"},{\"@type\":\"BreadcrumbList\",\"@id\":\"https:\\\/\\\/usf-luxembourg.eu\\\/executive-commitee\\\/#breadcrumb\",\"itemListElement\":[{\"@type\":\"ListItem\",\"position\":1,\"name\":\"Accueil\",\"item\":\"https:\\\/\\\/usf-luxembourg.eu\\\/en\\\/\"},{\"@type\":\"ListItem\",\"position\":2,\"name\":\"Executive commitee\"}]},{\"@type\":\"WebSite\",\"@id\":\"https:\\\/\\\/usf-luxembourg.eu\\\/#website\",\"url\":\"https:\\\/\\\/usf-luxembourg.eu\\\/\",\"name\":\"Union Syndicale F\u00e9d\u00e9rale Luxembourg\",\"description\":\"La solidarit\u00e9 est notre m\u00e9tier, la d\u00e9fense du personnel notre Mission\",\"publisher\":{\"@id\":\"https:\\\/\\\/usf-luxembourg.eu\\\/#organization\"},\"potentialAction\":[{\"@type\":\"SearchAction\",\"target\":{\"@type\":\"EntryPoint\",\"urlTemplate\":\"https:\\\/\\\/usf-luxembourg.eu\\\/?s={search_term_string}\"},\"query-input\":{\"@type\":\"PropertyValueSpecification\",\"valueRequired\":true,\"valueName\":\"search_term_string\"}}],\"inLanguage\":\"en-US\"},{\"@type\":\"Organization\",\"@id\":\"https:\\\/\\\/usf-luxembourg.eu\\\/#organization\",\"name\":\"Union Syndicale F\u00e9d\u00e9rale Luxembourg\",\"url\":\"https:\\\/\\\/usf-luxembourg.eu\\\/\",\"logo\":{\"@type\":\"ImageObject\",\"inLanguage\":\"en-US\",\"@id\":\"https:\\\/\\\/usf-luxembourg.eu\\\/#\\\/schema\\\/logo\\\/image\\\/\",\"url\":\"https:\\\/\\\/usf-luxembourg.eu\\\/wp-content\\\/uploads\\\/2023\\\/09\\\/logo-USF-Luxembourg.jpg\",\"contentUrl\":\"https:\\\/\\\/usf-luxembourg.eu\\\/wp-content\\\/uploads\\\/2023\\\/09\\\/logo-USF-Luxembourg.jpg\",\"width\":2311,\"height\":831,\"caption\":\"Union Syndicale F\u00e9d\u00e9rale Luxembourg\"},\"image\":{\"@id\":\"https:\\\/\\\/usf-luxembourg.eu\\\/#\\\/schema\\\/logo\\\/image\\\/\"}}]}<\/script>\n<!-- \/ Yoast SEO plugin. -->","yoast_head_json":{"title":"Executive commitee - Union Syndicale F\u00e9d\u00e9rale Luxembourg","robots":{"index":"index","follow":"follow","max-snippet":"max-snippet:-1","max-image-preview":"max-image-preview:large","max-video-preview":"max-video-preview:-1"},"canonical":"https:\/\/usf-luxembourg.eu\/executive-commitee\/","og_locale":"en_US","og_type":"article","og_title":"Executive commitee - Union Syndicale F\u00e9d\u00e9rale Luxembourg","og_description":"Members of the Executive committee (Board) President Arty KYRAMARIOS Arty.KYRAMARIOS@ec.europa.eu Vice-President Nadia FETTAH Nadia.FETTAH@ec.europa.eu Patricia ALMA Patricia ALMA@ec.europa.eu Treasurer Fabrizio LUPO Fabrizio.LUPO@ec.europa.eu Secretary Elisabeth BASTIEN Elisabeth.BASTIEN@publications.europa.eu","og_url":"https:\/\/usf-luxembourg.eu\/executive-commitee\/","og_site_name":"Union Syndicale F\u00e9d\u00e9rale Luxembourg","article_modified_time":"2024-05-31T16:11:57+00:00","og_image":[{"url":"https:\/\/usf-luxembourg.eu\/wp-content\/uploads\/2022\/11\/15-Arty-K-300x225.png","type":"","width":"","height":""}],"twitter_card":"summary_large_image","twitter_misc":{"Est. reading time":"2 minutes"},"schema":{"@context":"https:\/\/schema.org","@graph":[{"@type":"WebPage","@id":"https:\/\/usf-luxembourg.eu\/executive-commitee\/","url":"https:\/\/usf-luxembourg.eu\/executive-commitee\/","name":"Executive commitee - Union Syndicale F\u00e9d\u00e9rale Luxembourg","isPartOf":{"@id":"https:\/\/usf-luxembourg.eu\/#website"},"primaryImageOfPage":{"@id":"https:\/\/usf-luxembourg.eu\/executive-commitee\/#primaryimage"},"image":{"@id":"https:\/\/usf-luxembourg.eu\/executive-commitee\/#primaryimage"},"thumbnailUrl":"https:\/\/usf-luxembourg.eu\/wp-content\/uploads\/2022\/11\/15-Arty-K-300x225.png","datePublished":"2017-01-27T14:08:43+00:00","dateModified":"2024-05-31T16:11:57+00:00","breadcrumb":{"@id":"https:\/\/usf-luxembourg.eu\/executive-commitee\/#breadcrumb"},"inLanguage":"en-US","potentialAction":[{"@type":"ReadAction","target":["https:\/\/usf-luxembourg.eu\/executive-commitee\/"]}]},{"@type":"ImageObject","inLanguage":"en-US","@id":"https:\/\/usf-luxembourg.eu\/executive-commitee\/#primaryimage","url":"https:\/\/usf-luxembourg.eu\/wp-content\/uploads\/2022\/11\/15-Arty-K-300x225.png","contentUrl":"https:\/\/usf-luxembourg.eu\/wp-content\/uploads\/2022\/11\/15-Arty-K-300x225.png"},{"@type":"BreadcrumbList","@id":"https:\/\/usf-luxembourg.eu\/executive-commitee\/#breadcrumb","itemListElement":[{"@type":"ListItem","position":1,"name":"Accueil","item":"https:\/\/usf-luxembourg.eu\/en\/"},{"@type":"ListItem","position":2,"name":"Executive commitee"}]},{"@type":"WebSite","@id":"https:\/\/usf-luxembourg.eu\/#website","url":"https:\/\/usf-luxembourg.eu\/","name":"Union Syndicale F\u00e9d\u00e9rale Luxembourg","description":"La solidarit\u00e9 est notre m\u00e9tier, la d\u00e9fense du personnel notre Mission","publisher":{"@id":"https:\/\/usf-luxembourg.eu\/#organization"},"potentialAction":[{"@type":"SearchAction","target":{"@type":"EntryPoint","urlTemplate":"https:\/\/usf-luxembourg.eu\/?s={search_term_string}"},"query-input":{"@type":"PropertyValueSpecification","valueRequired":true,"valueName":"search_term_string"}}],"inLanguage":"en-US"},{"@type":"Organization","@id":"https:\/\/usf-luxembourg.eu\/#organization","name":"Union Syndicale F\u00e9d\u00e9rale Luxembourg","url":"https:\/\/usf-luxembourg.eu\/","logo":{"@type":"ImageObject","inLanguage":"en-US","@id":"https:\/\/usf-luxembourg.eu\/#\/schema\/logo\/image\/","url":"https:\/\/usf-luxembourg.eu\/wp-content\/uploads\/2023\/09\/logo-USF-Luxembourg.jpg","contentUrl":"https:\/\/usf-luxembourg.eu\/wp-content\/uploads\/2023\/09\/logo-USF-Luxembourg.jpg","width":2311,"height":831,"caption":"Union Syndicale F\u00e9d\u00e9rale Luxembourg"},"image":{"@id":"https:\/\/usf-luxembourg.eu\/#\/schema\/logo\/image\/"}}]}},"_links":{"self":[{"href":"https:\/\/usf-luxembourg.eu\/en\/wp-json\/wp\/v2\/pages\/1906","targetHints":{"allow":["GET"]}}],"collection":[{"href":"https:\/\/usf-luxembourg.eu\/en\/wp-json\/wp\/v2\/pages"}],"about":[{"href":"https:\/\/usf-luxembourg.eu\/en\/wp-json\/wp\/v2\/types\/page"}],"author":[{"embeddable":true,"href":"https:\/\/usf-luxembourg.eu\/en\/wp-json\/wp\/v2\/users\/7"}],"replies":[{"embeddable":true,"href":"https:\/\/usf-luxembourg.eu\/en\/wp-json\/wp\/v2\/comments?post=1906"}],"version-history":[{"count":16,"href":"https:\/\/usf-luxembourg.eu\/en\/wp-json\/wp\/v2\/pages\/1906\/revisions"}],"predecessor-version":[{"id":5179,"href":"https:\/\/usf-luxembourg.eu\/en\/wp-json\/wp\/v2\/pages\/1906\/revisions\/5179"}],"wp:attachment":[{"href":"https:\/\/usf-luxembourg.eu\/en\/wp-json\/wp\/v2\/media?parent=1906"}],"curies":[{"name":"wp","href":"https:\/\/api.w.org\/{rel}","templated":true}]}}