{"id":1892,"date":"2017-01-27T15:04:17","date_gmt":"2017-01-27T14:04:17","guid":{"rendered":"http:\/\/usf-lux.cameleons-dev.com\/?page_id=1892&#038;lang=en"},"modified":"2025-09-22T11:17:50","modified_gmt":"2025-09-22T09:17:50","slug":"attractiveness-of-the-luxembourgs-site","status":"publish","type":"page","link":"https:\/\/usf-luxembourg.eu\/en\/attractiveness-of-the-luxembourgs-site\/","title":{"rendered":"Attractiveness of the Luxembourg&#8217;s site"},"content":{"rendered":"<p><div class=\"fusion-fullwidth fullwidth-box fusion-builder-row-1 fusion-parallax-none nonhundred-percent-fullwidth non-hundred-percent-height-scrolling\" style=\"--awb-border-sizes-top:0px;--awb-border-sizes-bottom:0px;--awb-border-sizes-left:0px;--awb-border-sizes-right:0px;--awb-border-radius-top-left:0px;--awb-border-radius-top-right:0px;--awb-border-radius-bottom-right:0px;--awb-border-radius-bottom-left:0px;--awb-padding-top:50px;--awb-padding-bottom:50px;--awb-background-image:url(&quot;https:\/\/usf-luxembourg.eu\/wp-content\/uploads\/2016\/12\/Attractivite.jpg&quot;);--awb-background-size:cover;--awb-flex-wrap:wrap;\" ><div class=\"fusion-builder-row fusion-row\"><div class=\"fusion-layout-column fusion_builder_column fusion-builder-column-0 fusion_builder_column_1_1 1_1 fusion-one-full fusion-column-first fusion-column-last\" style=\"--awb-bg-size:cover;\"><div class=\"fusion-column-wrapper fusion-flex-column-wrapper-legacy\"><div class=\"fusion-text fusion-text-1\"><h1><span style=\"color: #ffffff;\">Attractiveness of the Luxembourg\u2019s site<\/span><\/h1>\n<\/div><div class=\"fusion-clearfix\"><\/div><\/div><\/div><\/div><\/div>\n<div class=\"fusion-fullwidth fullwidth-box fusion-builder-row-2 nonhundred-percent-fullwidth non-hundred-percent-height-scrolling\" style=\"--awb-background-position:left top;--awb-border-sizes-top:0px;--awb-border-sizes-bottom:0px;--awb-border-sizes-left:0px;--awb-border-sizes-right:0px;--awb-border-radius-top-left:0px;--awb-border-radius-top-right:0px;--awb-border-radius-bottom-right:0px;--awb-border-radius-bottom-left:0px;--awb-padding-top:20px;--awb-padding-bottom:20px;--awb-background-color:#ffffff;--awb-flex-wrap:wrap;\" ><div class=\"fusion-builder-row fusion-row\"><div class=\"fusion-layout-column fusion_builder_column fusion-builder-column-1 fusion_builder_column_1_1 1_1 fusion-one-full fusion-column-first fusion-column-last\" style=\"--awb-bg-size:cover;\"><div class=\"fusion-column-wrapper fusion-flex-column-wrapper-legacy\"><div class=\"fusion-text fusion-text-2\"><p><span data-contrast=\"auto\">The attractiveness of Luxembourg is a longstanding and growing problem. Colleagues directly hired by the Commission\/Institution are getting a salary similar to Brussels while the cost of living is significantly higher than in Brussels. The high living and <a href=\"https:\/\/usf-luxembourg.eu\/en\/medical-overcharge\/\">medical costs<\/a> <\/span><span data-contrast=\"auto\">make Luxembourg unattractive for Commission employees. It partially explains why over a third of our employees live across borders and it certainly explains why the Commission and other European Institutions have huge difficulties to hire and retain staff in Luxembourg.<\/span><span data-ccp-props=\"{\">\u00a0<\/span><\/p>\n<p><span data-contrast=\"auto\">Your typical questions are the following:<\/span><span data-ccp-props=\"{\">\u00a0<\/span><\/p>\n<ul>\n<li>Why do I get the same salary as an expatriate in Brussels?<\/li>\n<li>Why isn\u2019t our income adapted to the cost of living in Luxembourg?<\/li>\n<li>Why isn\u2019t our salary indexed as the salaries of the public and private sector in Luxembourg?<\/li>\n<li>Why not have a Correction Coefficient for Luxembourg?<\/li>\n<li>What about a Housing Allowance?<\/li>\n<li>Is there any way to benefit from a financial compensation for the high cost of living?<\/li>\n<\/ul>\n<p><span data-contrast=\"auto\">You are not alone. Let us provide you with some clarifications:<\/span><span data-ccp-props=\"{\">\u00a0<\/span><\/p>\n<p><span data-contrast=\"auto\">Luxembourg is in fact one of the headquarters of the Commission as further reflected in our Staff Regulations. These further specify that the salaries in Luxembourg and Brussels are the same. The salaries are calculated on the basis of a joint index that sees Luxembourg and Brussels as one and the same, so there can be no correction coefficient for Luxembourg. Even if the cost of living is significantly higher in Luxembourg, the actual purchase power difference with Brussels is now well over 20%. This is mainly (but not only) linked to the cost of housing.<\/span><span data-ccp-props=\"{\">\u00a0<\/span><\/p>\n<p><span data-contrast=\"auto\">EU Staff conditions of employment do not fall under the Luxemburgish law and rules (except some specific contracts). We thus cannot benefit from the national salary adaptation\/indexation.<\/span><span data-ccp-props=\"{\">\u00a0<\/span><\/p>\n<p><span data-contrast=\"auto\">On the basis of the present Staff Regulations, a housing allowance would be possible. However, it seems the Council is not in favour of any budget increase. We warn against requesting a Correction Coefficient because it implies opening of the Staff Regulations. Once opened, the Council would be free to change our working conditions and income entirely and surely not in our favour.<\/span><span data-ccp-props=\"{\">\u00a0<\/span><\/p>\n<p><span data-contrast=\"auto\">In January 2025, the Commission introduced a housing allowance. It is aimed at certain colleagues who are resident in Luxembourg under certain conditions. It is planned for a period of 4 years. This housing allowance is insufficient (amount, coverage). However, it has the merit of existing. <\/span><b><span data-contrast=\"none\">Union Syndicale F\u00e9d\u00e9rale-Luxembourg<\/span><\/b> <span data-contrast=\"auto\">will continue to fight for a satisfactory and lasting solution to the problem of attractiveness of the Luxembourg site.<\/span><span data-ccp-props=\"{\">\u00a0<\/span><\/p>\n<p><span data-contrast=\"auto\">One can always benefit from various national aids to partially compensate for this discrimination against the staff based in Luxembourg (<\/span><a href=\"https:\/\/myintracomm.ec.europa.eu\/net\/luxweb\/Pages\/aides_individuelles_nationales.aspx\"><span data-contrast=\"none\">Aides individuelles nationales (europa.eu)<\/span><\/a><span data-contrast=\"auto\">). It seems that most of us are not aware of the available subsidies and do not request them.\u00a0<\/span><span data-ccp-props=\"{\">\u00a0<\/span><\/p>\n<p><span data-contrast=\"auto\">The devil is in the detail. We have different types of contracts which define our salaries (Officials\/Temporary Agents\/ Contract Agents\/National Detached experts\/\u2019Employ\u00e9s de Droit Luxembourgeois\u2019 with various seniorities) and personal situations (with\/without family, with\/without kids, various places of origin, etc.). We can help you assess your financial rights in the Commission context, define your options, and advice you on what to do. Do not hesitate to contact us.<\/span><span data-ccp-props=\"{\">\u00a0<\/span><\/p>\n<p><span data-ccp-props=\"{\">\u00a0<\/span><\/p>\n<p><span data-contrast=\"auto\">Disclaimer<\/span><span data-contrast=\"auto\">:<\/span><span data-contrast=\"auto\">\u202f\u202f<\/span><span data-ccp-props=\"{\">\u00a0<\/span><\/p>\n<p><span data-contrast=\"auto\">We always try to provide you with the latest information. However, the fast evolution of the situation does not always allow us to timely update this page content. The references hereunder (leaflets and news) might provide you with additional information. However, if you need to have a quick update don\u2019t hesitate to contact us: <\/span><a href=\"mailto:REP-PERS-OSP-USF-LUXEMBOURG@ec.europa.eu\"><span data-contrast=\"none\">REP-PERS-OSP-USF-LUXEMBOURG@ec.europa.eu<\/span><\/a><span data-contrast=\"auto\">\u202f\u202f<\/span><span data-ccp-props=\"{\">\u00a0<\/span><\/p>\n<p><span data-ccp-props=\"{\">\u00a0<\/span><\/p>\n<p><span data-ccp-props=\"{}\">\u00a0<\/span><\/p>\n<p><b><span data-contrast=\"auto\">LEGAL BASIS:<\/span><\/b><span data-ccp-props=\"{}\">\u00a0<\/span><\/p>\n<ul>\n<li><a href=\"https:\/\/eur-lex.europa.eu\/legal-content\/EN\/TXT\/PDF\/?uri=CELEX:01962R0031-20230101&amp;from=EN\"><b><span data-contrast=\"none\">Staff Regulations<\/span><\/b><\/a><b><span data-contrast=\"auto\">: <\/span><\/b>Art 1e (housing allowance), Art 64 last paragraph, Annex XI Art 1, 3, 4, 5, 6<\/li>\n<\/ul>\n<p><b><span data-contrast=\"auto\">OTHER USEFUL LINKS:<\/span><\/b><span data-contrast=\"auto\">\u00a0<\/span><span data-ccp-props=\"{\">\u00a0<\/span><\/p>\n<ul>\n<li><span data-contrast=\"auto\">Manual of national help: <\/span><a href=\"https:\/\/myintracomm.ec.europa.eu\/net\/luxweb\/Pages\/aides_individuelles_nationales.aspx\"><span data-contrast=\"none\">Aides individuelles nationales (europa.eu)<\/span><\/a><span data-ccp-props=\"{\">\u00a0<\/span><\/li>\n<li><a href=\"https:\/\/www.luxtimes.lu\/yourluxembourg\/luxembourgguide\/a-guide-to-affordable-or-social-housing-and-rent-subsidies\/1331156.html\"><span data-contrast=\"none\">A guide to affordable or social housing and rent subsidies | Luxembourg Times (luxtimes.lu)<\/span><\/a><span data-ccp-props=\"{\">\u00a0<\/span><\/li>\n<\/ul>\n<p><b><span data-contrast=\"auto\">RELATED LEAFTLETS:<\/span><\/b><span data-ccp-props=\"{}\">\u00a0<\/span><\/p>\n<ul>\n<li><a href=\"https:\/\/usf-luxembourg.eu\/wp-content\/uploads\/2023\/12\/2023-12-06_-Any-adults-in-the-room_-Stop-fooling-us.pdf\">Any adults in the room ? Stop fooling us !<\/a> (06\/12\/2023)<\/li>\n<li><a href=\"https:\/\/usf-luxembourg.eu\/wp-content\/uploads\/2022\/07\/Attractiveness-works-of-HeRcules-EN.pdf\">Attractiveness of Luxembourg \u2013 The 12 works of H(e)Rcules OR the NON response of CALUX<\/a>\u202f(13\/07\/2022)<\/li>\n<li><a href=\"https:\/\/usf-luxembourg.eu\/wp-content\/uploads\/2022\/05\/Attractivity-of-Luxembourg.pdf\">Attractivity of Luxembourg<\/a>\u202f+\u202f<strong><a href=\"https:\/\/usf-luxembourg.eu\/wp-content\/uploads\/2022\/05\/Luxembourg-Commission-initiative-%E2%80%93-new-measures.pdf\">Luxembourg Commission initiative \u2013 new measures\u202f<\/a><\/strong>(29\/04\/2022)<\/li>\n<li><a href=\"https:\/\/usf-luxembourg.eu\/wp-content\/uploads\/2022\/04\/Luxembourg-drained-of-its-substance.pdf\">Luxembourg drained of its substance ?<\/a>\u202f(07\/04\/2022)<\/li>\n<li><a href=\"https:\/\/usf-luxembourg.eu\/wp-content\/uploads\/2021\/11\/Housing-allowance-for-Luxembourg.pdf\">Housing allowance for Luxembourg<\/a>\u202f(21\/11\/2021)<\/li>\n<li><a href=\"https:\/\/usf-luxembourg.eu\/wp-content\/uploads\/2020\/10\/Note-Commissaire-Hahn-octobre-2020.pdf\">Note au Commissaire Johannes HAHN \u2013 Disparit\u00e9 du pouvoir d\u2019achat au Luxembourg\u202f<\/a>(16\/10\/2020) \u2013 Available in French only<\/li>\n<li><a href=\"https:\/\/usf-luxembourg.eu\/wp-content\/uploads\/2020\/02\/Les-OSP-ont-rencontr%C3%A9-le-commissaire-Hahn_EN.pdf\">Commissionner Hahn met with the representatives of the local staff committees and the trade unions\u202f<\/a>(05\/02\/2020)<\/li>\n<li style=\"list-style-type: none;\">\n<ul>\n<li aria-setsize=\"-1\" data-leveltext=\"o\" data-font=\"Courier New\" data-listid=\"3\" data-list-defn-props=\"{\" data-aria-posinset=\"8\" data-aria-level=\"2\"><a href=\"https:\/\/usf-luxembourg.eu\/wp-content\/uploads\/2019\/10\/work_EU_EN_Final.pdf\">Who is still interested to work for the EU?\u202f<\/a>(01\/10\/2019)<\/li>\n<\/ul>\n<\/li>\n<\/ul>\n<p><b><span data-contrast=\"auto\">RELATED NEWS:<\/span><\/b><span data-ccp-props=\"{}\">\u00a0<\/span><\/p>\n<ul>\n<li><a href=\"https:\/\/usf-luxembourg.eu\/wp-content\/uploads\/2023\/12\/2023-11_Luxembourg-atractiveness_EN.pdf\"><span data-contrast=\"none\">2023-11_Luxembourg-atractiveness_EN.pdf (usf-luxembourg.eu)<\/span><\/a><span data-ccp-props=\"{\">\u00a0<\/span><\/li>\n<li><a href=\"https:\/\/usf-luxembourg.eu\/wp-content\/uploads\/2023\/10\/Luxembourg-attractiveness.pdf\"><span data-contrast=\"none\">Luxembourg attractiveness\u2013 the boat continues to wander \u2013 no future in Luxembourg&#8230;<\/span><\/a><span data-ccp-props=\"{\">\u00a0<\/span><\/li>\n<li><span data-contrast=\"auto\">Housing allowance and minimum salary <\/span><a href=\"https:\/\/usf-luxembourg.eu\/wp-content\/uploads\/2023\/06\/Luxembourg-Latest-news.pdf\"><span data-contrast=\"none\">Luxembourg-Latest-news.pdf (usf-luxembourg.eu)<\/span><\/a><span data-ccp-props=\"{\">\u00a0<\/span><\/li>\n<li><a href=\"https:\/\/usf-luxembourg.eu\/wp-content\/uploads\/2022\/11\/The-correction-Coefficient-sea-snake-EN.pdf\"><span data-contrast=\"none\">The-correction-Coefficient-sea-snake-EN.pdf (usf-luxembourg.eu)<\/span><\/a><span data-ccp-props=\"{\">\u00a0<\/span><\/li>\n<li><a href=\"https:\/\/usf-luxembourg.eu\/wp-content\/uploads\/2023\/03\/Salaries-and-indexation-in-Luxembourg.pdf\"><span data-contrast=\"none\">Salaries-and-indexation-in-Luxembourg.pdf (usf-luxembourg.eu)<\/span><\/a><span data-ccp-props=\"{\">\u00a0<\/span><\/li>\n<li><a href=\"https:\/\/usf-luxembourg.eu\/wp-content\/uploads\/2022\/11\/Luxembourg-attractiveness-EN.pdf\"><span data-contrast=\"none\">Luxembourg-attractiveness-EN.pdf (usf-luxembourg.eu)<\/span><\/a><span data-ccp-props=\"{\">\u00a0<\/span><\/li>\n<li><a href=\"https:\/\/usf-luxembourg.eu\/wp-content\/uploads\/2022\/10\/Social-policy-what-else-EN.pdf\"><span data-contrast=\"none\">Social-policy-what-else-EN.pdf (usf-luxembourg.eu)<\/span><\/a><span data-ccp-props=\"{\">\u00a0<\/span><\/li>\n<li><a href=\"https:\/\/usf-luxembourg.eu\/wp-content\/uploads\/2022\/10\/Lower-income-colleagues-EN.pdf\"><span data-contrast=\"none\">Lower-income-colleagues-EN.pdf (usf-luxembourg.eu)<\/span><\/a><span data-ccp-props=\"{\">\u00a0<\/span><\/li>\n<\/ul>\n<\/div><div class=\"fusion-clearfix\"><\/div><\/div><\/div><\/div><\/div><\/p>\n","protected":false},"excerpt":{"rendered":"","protected":false},"author":7,"featured_media":0,"parent":0,"menu_order":0,"comment_status":"open","ping_status":"closed","template":"100-width.php","meta":{"_lmt_disableupdate":"no","_lmt_disable":"no","footnotes":""},"class_list":["post-1892","page","type-page","status-publish","hentry"],"yoast_head":"<!-- This site is optimized with the Yoast SEO plugin v27.3 - https:\/\/yoast.com\/product\/yoast-seo-wordpress\/ -->\n<title>Attractiveness of the Luxembourg&#039;s site - Union Syndicale F\u00e9d\u00e9rale Luxembourg<\/title>\n<meta name=\"robots\" content=\"index, follow, max-snippet:-1, max-image-preview:large, max-video-preview:-1\" \/>\n<link rel=\"canonical\" href=\"https:\/\/usf-luxembourg.eu\/en\/attractiveness-of-the-luxembourgs-site\/\" \/>\n<meta property=\"og:locale\" content=\"en_US\" \/>\n<meta property=\"og:type\" content=\"article\" \/>\n<meta property=\"og:title\" content=\"Attractiveness of the Luxembourg&#039;s site - Union Syndicale F\u00e9d\u00e9rale Luxembourg\" \/>\n<meta property=\"og:url\" content=\"https:\/\/usf-luxembourg.eu\/en\/attractiveness-of-the-luxembourgs-site\/\" \/>\n<meta property=\"og:site_name\" content=\"Union Syndicale F\u00e9d\u00e9rale Luxembourg\" \/>\n<meta property=\"article:modified_time\" content=\"2025-09-22T09:17:50+00:00\" \/>\n<meta name=\"twitter:card\" content=\"summary_large_image\" \/>\n<meta name=\"twitter:label1\" content=\"Est. reading time\" \/>\n\t<meta name=\"twitter:data1\" content=\"4 minutes\" \/>\n<script type=\"application\/ld+json\" class=\"yoast-schema-graph\">{\"@context\":\"https:\\\/\\\/schema.org\",\"@graph\":[{\"@type\":\"WebPage\",\"@id\":\"https:\\\/\\\/usf-luxembourg.eu\\\/en\\\/attractiveness-of-the-luxembourgs-site\\\/\",\"url\":\"https:\\\/\\\/usf-luxembourg.eu\\\/en\\\/attractiveness-of-the-luxembourgs-site\\\/\",\"name\":\"Attractiveness of the Luxembourg's site - Union Syndicale F\u00e9d\u00e9rale Luxembourg\",\"isPartOf\":{\"@id\":\"https:\\\/\\\/usf-luxembourg.eu\\\/#website\"},\"datePublished\":\"2017-01-27T14:04:17+00:00\",\"dateModified\":\"2025-09-22T09:17:50+00:00\",\"breadcrumb\":{\"@id\":\"https:\\\/\\\/usf-luxembourg.eu\\\/en\\\/attractiveness-of-the-luxembourgs-site\\\/#breadcrumb\"},\"inLanguage\":\"en-US\",\"potentialAction\":[{\"@type\":\"ReadAction\",\"target\":[\"https:\\\/\\\/usf-luxembourg.eu\\\/en\\\/attractiveness-of-the-luxembourgs-site\\\/\"]}]},{\"@type\":\"BreadcrumbList\",\"@id\":\"https:\\\/\\\/usf-luxembourg.eu\\\/en\\\/attractiveness-of-the-luxembourgs-site\\\/#breadcrumb\",\"itemListElement\":[{\"@type\":\"ListItem\",\"position\":1,\"name\":\"Accueil\",\"item\":\"https:\\\/\\\/usf-luxembourg.eu\\\/en\\\/\"},{\"@type\":\"ListItem\",\"position\":2,\"name\":\"Attractiveness of the Luxembourg&rsquo;s site\"}]},{\"@type\":\"WebSite\",\"@id\":\"https:\\\/\\\/usf-luxembourg.eu\\\/#website\",\"url\":\"https:\\\/\\\/usf-luxembourg.eu\\\/\",\"name\":\"Union Syndicale F\u00e9d\u00e9rale Luxembourg\",\"description\":\"La solidarit\u00e9 est notre m\u00e9tier, la d\u00e9fense du personnel notre Mission\",\"publisher\":{\"@id\":\"https:\\\/\\\/usf-luxembourg.eu\\\/#organization\"},\"potentialAction\":[{\"@type\":\"SearchAction\",\"target\":{\"@type\":\"EntryPoint\",\"urlTemplate\":\"https:\\\/\\\/usf-luxembourg.eu\\\/?s={search_term_string}\"},\"query-input\":{\"@type\":\"PropertyValueSpecification\",\"valueRequired\":true,\"valueName\":\"search_term_string\"}}],\"inLanguage\":\"en-US\"},{\"@type\":\"Organization\",\"@id\":\"https:\\\/\\\/usf-luxembourg.eu\\\/#organization\",\"name\":\"Union Syndicale F\u00e9d\u00e9rale Luxembourg\",\"url\":\"https:\\\/\\\/usf-luxembourg.eu\\\/\",\"logo\":{\"@type\":\"ImageObject\",\"inLanguage\":\"en-US\",\"@id\":\"https:\\\/\\\/usf-luxembourg.eu\\\/#\\\/schema\\\/logo\\\/image\\\/\",\"url\":\"https:\\\/\\\/usf-luxembourg.eu\\\/wp-content\\\/uploads\\\/2023\\\/09\\\/logo-USF-Luxembourg.jpg\",\"contentUrl\":\"https:\\\/\\\/usf-luxembourg.eu\\\/wp-content\\\/uploads\\\/2023\\\/09\\\/logo-USF-Luxembourg.jpg\",\"width\":2311,\"height\":831,\"caption\":\"Union Syndicale F\u00e9d\u00e9rale Luxembourg\"},\"image\":{\"@id\":\"https:\\\/\\\/usf-luxembourg.eu\\\/#\\\/schema\\\/logo\\\/image\\\/\"}}]}<\/script>\n<!-- \/ Yoast SEO plugin. -->","yoast_head_json":{"title":"Attractiveness of the Luxembourg's site - Union Syndicale F\u00e9d\u00e9rale Luxembourg","robots":{"index":"index","follow":"follow","max-snippet":"max-snippet:-1","max-image-preview":"max-image-preview:large","max-video-preview":"max-video-preview:-1"},"canonical":"https:\/\/usf-luxembourg.eu\/en\/attractiveness-of-the-luxembourgs-site\/","og_locale":"en_US","og_type":"article","og_title":"Attractiveness of the Luxembourg's site - Union Syndicale F\u00e9d\u00e9rale Luxembourg","og_url":"https:\/\/usf-luxembourg.eu\/en\/attractiveness-of-the-luxembourgs-site\/","og_site_name":"Union Syndicale F\u00e9d\u00e9rale Luxembourg","article_modified_time":"2025-09-22T09:17:50+00:00","twitter_card":"summary_large_image","twitter_misc":{"Est. reading time":"4 minutes"},"schema":{"@context":"https:\/\/schema.org","@graph":[{"@type":"WebPage","@id":"https:\/\/usf-luxembourg.eu\/en\/attractiveness-of-the-luxembourgs-site\/","url":"https:\/\/usf-luxembourg.eu\/en\/attractiveness-of-the-luxembourgs-site\/","name":"Attractiveness of the Luxembourg's site - Union Syndicale F\u00e9d\u00e9rale Luxembourg","isPartOf":{"@id":"https:\/\/usf-luxembourg.eu\/#website"},"datePublished":"2017-01-27T14:04:17+00:00","dateModified":"2025-09-22T09:17:50+00:00","breadcrumb":{"@id":"https:\/\/usf-luxembourg.eu\/en\/attractiveness-of-the-luxembourgs-site\/#breadcrumb"},"inLanguage":"en-US","potentialAction":[{"@type":"ReadAction","target":["https:\/\/usf-luxembourg.eu\/en\/attractiveness-of-the-luxembourgs-site\/"]}]},{"@type":"BreadcrumbList","@id":"https:\/\/usf-luxembourg.eu\/en\/attractiveness-of-the-luxembourgs-site\/#breadcrumb","itemListElement":[{"@type":"ListItem","position":1,"name":"Accueil","item":"https:\/\/usf-luxembourg.eu\/en\/"},{"@type":"ListItem","position":2,"name":"Attractiveness of the Luxembourg&rsquo;s site"}]},{"@type":"WebSite","@id":"https:\/\/usf-luxembourg.eu\/#website","url":"https:\/\/usf-luxembourg.eu\/","name":"Union Syndicale F\u00e9d\u00e9rale Luxembourg","description":"La solidarit\u00e9 est notre m\u00e9tier, la d\u00e9fense du personnel notre Mission","publisher":{"@id":"https:\/\/usf-luxembourg.eu\/#organization"},"potentialAction":[{"@type":"SearchAction","target":{"@type":"EntryPoint","urlTemplate":"https:\/\/usf-luxembourg.eu\/?s={search_term_string}"},"query-input":{"@type":"PropertyValueSpecification","valueRequired":true,"valueName":"search_term_string"}}],"inLanguage":"en-US"},{"@type":"Organization","@id":"https:\/\/usf-luxembourg.eu\/#organization","name":"Union Syndicale F\u00e9d\u00e9rale Luxembourg","url":"https:\/\/usf-luxembourg.eu\/","logo":{"@type":"ImageObject","inLanguage":"en-US","@id":"https:\/\/usf-luxembourg.eu\/#\/schema\/logo\/image\/","url":"https:\/\/usf-luxembourg.eu\/wp-content\/uploads\/2023\/09\/logo-USF-Luxembourg.jpg","contentUrl":"https:\/\/usf-luxembourg.eu\/wp-content\/uploads\/2023\/09\/logo-USF-Luxembourg.jpg","width":2311,"height":831,"caption":"Union Syndicale F\u00e9d\u00e9rale Luxembourg"},"image":{"@id":"https:\/\/usf-luxembourg.eu\/#\/schema\/logo\/image\/"}}]}},"_links":{"self":[{"href":"https:\/\/usf-luxembourg.eu\/en\/wp-json\/wp\/v2\/pages\/1892","targetHints":{"allow":["GET"]}}],"collection":[{"href":"https:\/\/usf-luxembourg.eu\/en\/wp-json\/wp\/v2\/pages"}],"about":[{"href":"https:\/\/usf-luxembourg.eu\/en\/wp-json\/wp\/v2\/types\/page"}],"author":[{"embeddable":true,"href":"https:\/\/usf-luxembourg.eu\/en\/wp-json\/wp\/v2\/users\/7"}],"replies":[{"embeddable":true,"href":"https:\/\/usf-luxembourg.eu\/en\/wp-json\/wp\/v2\/comments?post=1892"}],"version-history":[{"count":9,"href":"https:\/\/usf-luxembourg.eu\/en\/wp-json\/wp\/v2\/pages\/1892\/revisions"}],"predecessor-version":[{"id":5450,"href":"https:\/\/usf-luxembourg.eu\/en\/wp-json\/wp\/v2\/pages\/1892\/revisions\/5450"}],"wp:attachment":[{"href":"https:\/\/usf-luxembourg.eu\/en\/wp-json\/wp\/v2\/media?parent=1892"}],"curies":[{"name":"wp","href":"https:\/\/api.w.org\/{rel}","templated":true}]}}