{"id":1891,"date":"2017-01-27T15:03:41","date_gmt":"2017-01-27T14:03:41","guid":{"rendered":"http:\/\/usf-lux.cameleons-dev.com\/?page_id=1891&#038;lang=en"},"modified":"2017-08-31T15:01:44","modified_gmt":"2017-08-31T13:01:44","slug":"providing-information-to-staff","status":"publish","type":"page","link":"https:\/\/usf-luxembourg.eu\/en\/providing-information-to-staff\/","title":{"rendered":"Providing information to staff"},"content":{"rendered":"<p><div class=\"fusion-fullwidth fullwidth-box fusion-builder-row-1 fusion-parallax-none nonhundred-percent-fullwidth non-hundred-percent-height-scrolling\" style=\"--awb-background-position:left center;--awb-border-radius-top-left:0px;--awb-border-radius-top-right:0px;--awb-border-radius-bottom-right:0px;--awb-border-radius-bottom-left:0px;--awb-padding-top:50px;--awb-padding-bottom:50px;--awb-background-image:url(&quot;http:\/\/usf-lux.cameleons-dev.com\/wp-content\/uploads\/2016\/12\/informer.jpg&quot;);--awb-background-size:cover;--awb-border-sizes-top:0px;--awb-border-sizes-bottom:0px;--awb-flex-wrap:wrap;\" ><div class=\"fusion-builder-row fusion-row\"><div class=\"fusion-layout-column fusion_builder_column fusion-builder-column-0 fusion_builder_column_1_1 1_1 fusion-one-full fusion-column-first fusion-column-last\" style=\"--awb-bg-size:cover;\"><div class=\"fusion-column-wrapper fusion-flex-column-wrapper-legacy\"><div class=\"fusion-text fusion-text-1\"><h1><span style=\"color: #ffffff;\">Assurer l&#8217;information au personnel <\/span><\/h1>\n<\/div><div class=\"fusion-clearfix\"><\/div><\/div><\/div><\/div><\/div><div class=\"fusion-fullwidth fullwidth-box fusion-builder-row-2 nonhundred-percent-fullwidth non-hundred-percent-height-scrolling\" style=\"--awb-background-position:left top;--awb-border-radius-top-left:0px;--awb-border-radius-top-right:0px;--awb-border-radius-bottom-right:0px;--awb-border-radius-bottom-left:0px;--awb-padding-top:20px;--awb-padding-bottom:20px;--awb-background-color:#ffffff;--awb-border-sizes-top:0px;--awb-border-sizes-bottom:0px;--awb-flex-wrap:wrap;\" ><div class=\"fusion-builder-row fusion-row\"><div class=\"fusion-layout-column fusion_builder_column fusion-builder-column-1 fusion_builder_column_1_1 1_1 fusion-one-full fusion-column-first fusion-column-last\" style=\"--awb-bg-size:cover;\"><div class=\"fusion-column-wrapper fusion-flex-column-wrapper-legacy\"><div class=\"fusion-text fusion-text-2\"><p>Vivamus eget elit ultricies, convallis urna in, sagittis nulla. Duis sollicitudin suscipit nisi. Etiam sit amet ipsum urna. Etiam mi diam, tincidunt in libero vel, commodo suscipit risus. Nam pharetra auctor volutpat.<\/p>\n<p>Vivamus malesuada at nisl quis posuere. Aliquam interdum urna nec ligula viverra, non rhoncus enim iaculis. Interdum et malesuada fames ac ante ipsum primis.<\/p>\n<p>Vivamus eget elit ultricies, convallis urna in, sagittis nulla. Duis sollicitudin suscipit nisi. Etiam sit amet ipsum urna. Etiam mi diam, tincidunt in libero vel, commodo suscipit risus. Nam pharetra auctor volutpat.<\/p>\n<p>Vivamus malesuada at nisl quis posuere. Aliquam interdum urna nec ligula viverra, non rhoncus enim iaculis. Interdum et malesuada fames ac ante ipsum primis.<\/p>\n<\/div><div class=\"fusion-clearfix\"><\/div><\/div><\/div><\/div><\/div><div class=\"fusion-fullwidth fullwidth-box fusion-builder-row-3 hundred-percent-fullwidth non-hundred-percent-height-scrolling\" style=\"--awb-border-radius-top-left:0px;--awb-border-radius-top-right:0px;--awb-border-radius-bottom-right:0px;--awb-border-radius-bottom-left:0px;--awb-overflow:visible;--awb-padding-right:30px;--awb-padding-left:30px;--awb-flex-wrap:wrap;\" ><div class=\"fusion-builder-row fusion-row\"><div class=\"fusion-layout-column fusion_builder_column fusion-builder-column-2 fusion_builder_column_1_1 1_1 fusion-one-full fusion-column-first fusion-column-last fusion-column-no-min-height\" style=\"--awb-bg-size:cover;--awb-margin-bottom:0px;\"><div class=\"fusion-column-wrapper fusion-flex-column-wrapper-legacy\"><div class=\"fusion-text fusion-text-3\"><p>\u00a0<\/p>\n<\/div><div class=\"fusion-clearfix\"><\/div><\/div><\/div><\/div><\/div><\/p>\n","protected":false},"excerpt":{"rendered":"","protected":false},"author":7,"featured_media":0,"parent":0,"menu_order":0,"comment_status":"open","ping_status":"closed","template":"100-width.php","meta":{"_lmt_disableupdate":"","_lmt_disable":"","footnotes":""},"class_list":["post-1891","page","type-page","status-publish","hentry"],"yoast_head":"<!-- This site is optimized with the Yoast SEO plugin v27.3 - https:\/\/yoast.com\/product\/yoast-seo-wordpress\/ -->\n<title>Providing information to staff - Union Syndicale F\u00e9d\u00e9rale Luxembourg<\/title>\n<meta name=\"robots\" content=\"index, follow, max-snippet:-1, max-image-preview:large, max-video-preview:-1\" \/>\n<link rel=\"canonical\" href=\"https:\/\/usf-luxembourg.eu\/en\/providing-information-to-staff\/\" \/>\n<meta property=\"og:locale\" content=\"en_US\" \/>\n<meta property=\"og:type\" content=\"article\" \/>\n<meta property=\"og:title\" content=\"Providing information to staff - Union Syndicale F\u00e9d\u00e9rale Luxembourg\" \/>\n<meta property=\"og:url\" content=\"https:\/\/usf-luxembourg.eu\/en\/providing-information-to-staff\/\" \/>\n<meta property=\"og:site_name\" content=\"Union Syndicale F\u00e9d\u00e9rale Luxembourg\" \/>\n<meta property=\"article:modified_time\" content=\"2017-08-31T13:01:44+00:00\" \/>\n<meta name=\"twitter:card\" content=\"summary_large_image\" \/>\n<meta name=\"twitter:label1\" content=\"Est. reading time\" \/>\n\t<meta name=\"twitter:data1\" content=\"3 minutes\" \/>\n<script type=\"application\/ld+json\" class=\"yoast-schema-graph\">{\"@context\":\"https:\\\/\\\/schema.org\",\"@graph\":[{\"@type\":\"WebPage\",\"@id\":\"https:\\\/\\\/usf-luxembourg.eu\\\/en\\\/providing-information-to-staff\\\/\",\"url\":\"https:\\\/\\\/usf-luxembourg.eu\\\/en\\\/providing-information-to-staff\\\/\",\"name\":\"Providing information to staff - Union Syndicale F\u00e9d\u00e9rale Luxembourg\",\"isPartOf\":{\"@id\":\"https:\\\/\\\/usf-luxembourg.eu\\\/#website\"},\"datePublished\":\"2017-01-27T14:03:41+00:00\",\"dateModified\":\"2017-08-31T13:01:44+00:00\",\"breadcrumb\":{\"@id\":\"https:\\\/\\\/usf-luxembourg.eu\\\/en\\\/providing-information-to-staff\\\/#breadcrumb\"},\"inLanguage\":\"en-US\",\"potentialAction\":[{\"@type\":\"ReadAction\",\"target\":[\"https:\\\/\\\/usf-luxembourg.eu\\\/en\\\/providing-information-to-staff\\\/\"]}]},{\"@type\":\"BreadcrumbList\",\"@id\":\"https:\\\/\\\/usf-luxembourg.eu\\\/en\\\/providing-information-to-staff\\\/#breadcrumb\",\"itemListElement\":[{\"@type\":\"ListItem\",\"position\":1,\"name\":\"Accueil\",\"item\":\"https:\\\/\\\/usf-luxembourg.eu\\\/en\\\/\"},{\"@type\":\"ListItem\",\"position\":2,\"name\":\"Providing information to staff\"}]},{\"@type\":\"WebSite\",\"@id\":\"https:\\\/\\\/usf-luxembourg.eu\\\/#website\",\"url\":\"https:\\\/\\\/usf-luxembourg.eu\\\/\",\"name\":\"Union Syndicale F\u00e9d\u00e9rale Luxembourg\",\"description\":\"La solidarit\u00e9 est notre m\u00e9tier, la d\u00e9fense du personnel notre Mission\",\"publisher\":{\"@id\":\"https:\\\/\\\/usf-luxembourg.eu\\\/#organization\"},\"potentialAction\":[{\"@type\":\"SearchAction\",\"target\":{\"@type\":\"EntryPoint\",\"urlTemplate\":\"https:\\\/\\\/usf-luxembourg.eu\\\/?s={search_term_string}\"},\"query-input\":{\"@type\":\"PropertyValueSpecification\",\"valueRequired\":true,\"valueName\":\"search_term_string\"}}],\"inLanguage\":\"en-US\"},{\"@type\":\"Organization\",\"@id\":\"https:\\\/\\\/usf-luxembourg.eu\\\/#organization\",\"name\":\"Union Syndicale F\u00e9d\u00e9rale Luxembourg\",\"url\":\"https:\\\/\\\/usf-luxembourg.eu\\\/\",\"logo\":{\"@type\":\"ImageObject\",\"inLanguage\":\"en-US\",\"@id\":\"https:\\\/\\\/usf-luxembourg.eu\\\/#\\\/schema\\\/logo\\\/image\\\/\",\"url\":\"https:\\\/\\\/usf-luxembourg.eu\\\/wp-content\\\/uploads\\\/2023\\\/09\\\/logo-USF-Luxembourg.jpg\",\"contentUrl\":\"https:\\\/\\\/usf-luxembourg.eu\\\/wp-content\\\/uploads\\\/2023\\\/09\\\/logo-USF-Luxembourg.jpg\",\"width\":2311,\"height\":831,\"caption\":\"Union Syndicale F\u00e9d\u00e9rale Luxembourg\"},\"image\":{\"@id\":\"https:\\\/\\\/usf-luxembourg.eu\\\/#\\\/schema\\\/logo\\\/image\\\/\"}}]}<\/script>\n<!-- \/ Yoast SEO plugin. -->","yoast_head_json":{"title":"Providing information to staff - Union Syndicale F\u00e9d\u00e9rale Luxembourg","robots":{"index":"index","follow":"follow","max-snippet":"max-snippet:-1","max-image-preview":"max-image-preview:large","max-video-preview":"max-video-preview:-1"},"canonical":"https:\/\/usf-luxembourg.eu\/en\/providing-information-to-staff\/","og_locale":"en_US","og_type":"article","og_title":"Providing information to staff - Union Syndicale F\u00e9d\u00e9rale Luxembourg","og_url":"https:\/\/usf-luxembourg.eu\/en\/providing-information-to-staff\/","og_site_name":"Union Syndicale F\u00e9d\u00e9rale Luxembourg","article_modified_time":"2017-08-31T13:01:44+00:00","twitter_card":"summary_large_image","twitter_misc":{"Est. reading time":"3 minutes"},"schema":{"@context":"https:\/\/schema.org","@graph":[{"@type":"WebPage","@id":"https:\/\/usf-luxembourg.eu\/en\/providing-information-to-staff\/","url":"https:\/\/usf-luxembourg.eu\/en\/providing-information-to-staff\/","name":"Providing information to staff - Union Syndicale F\u00e9d\u00e9rale Luxembourg","isPartOf":{"@id":"https:\/\/usf-luxembourg.eu\/#website"},"datePublished":"2017-01-27T14:03:41+00:00","dateModified":"2017-08-31T13:01:44+00:00","breadcrumb":{"@id":"https:\/\/usf-luxembourg.eu\/en\/providing-information-to-staff\/#breadcrumb"},"inLanguage":"en-US","potentialAction":[{"@type":"ReadAction","target":["https:\/\/usf-luxembourg.eu\/en\/providing-information-to-staff\/"]}]},{"@type":"BreadcrumbList","@id":"https:\/\/usf-luxembourg.eu\/en\/providing-information-to-staff\/#breadcrumb","itemListElement":[{"@type":"ListItem","position":1,"name":"Accueil","item":"https:\/\/usf-luxembourg.eu\/en\/"},{"@type":"ListItem","position":2,"name":"Providing information to staff"}]},{"@type":"WebSite","@id":"https:\/\/usf-luxembourg.eu\/#website","url":"https:\/\/usf-luxembourg.eu\/","name":"Union Syndicale F\u00e9d\u00e9rale Luxembourg","description":"La solidarit\u00e9 est notre m\u00e9tier, la d\u00e9fense du personnel notre Mission","publisher":{"@id":"https:\/\/usf-luxembourg.eu\/#organization"},"potentialAction":[{"@type":"SearchAction","target":{"@type":"EntryPoint","urlTemplate":"https:\/\/usf-luxembourg.eu\/?s={search_term_string}"},"query-input":{"@type":"PropertyValueSpecification","valueRequired":true,"valueName":"search_term_string"}}],"inLanguage":"en-US"},{"@type":"Organization","@id":"https:\/\/usf-luxembourg.eu\/#organization","name":"Union Syndicale F\u00e9d\u00e9rale Luxembourg","url":"https:\/\/usf-luxembourg.eu\/","logo":{"@type":"ImageObject","inLanguage":"en-US","@id":"https:\/\/usf-luxembourg.eu\/#\/schema\/logo\/image\/","url":"https:\/\/usf-luxembourg.eu\/wp-content\/uploads\/2023\/09\/logo-USF-Luxembourg.jpg","contentUrl":"https:\/\/usf-luxembourg.eu\/wp-content\/uploads\/2023\/09\/logo-USF-Luxembourg.jpg","width":2311,"height":831,"caption":"Union Syndicale F\u00e9d\u00e9rale Luxembourg"},"image":{"@id":"https:\/\/usf-luxembourg.eu\/#\/schema\/logo\/image\/"}}]}},"_links":{"self":[{"href":"https:\/\/usf-luxembourg.eu\/en\/wp-json\/wp\/v2\/pages\/1891","targetHints":{"allow":["GET"]}}],"collection":[{"href":"https:\/\/usf-luxembourg.eu\/en\/wp-json\/wp\/v2\/pages"}],"about":[{"href":"https:\/\/usf-luxembourg.eu\/en\/wp-json\/wp\/v2\/types\/page"}],"author":[{"embeddable":true,"href":"https:\/\/usf-luxembourg.eu\/en\/wp-json\/wp\/v2\/users\/7"}],"replies":[{"embeddable":true,"href":"https:\/\/usf-luxembourg.eu\/en\/wp-json\/wp\/v2\/comments?post=1891"}],"version-history":[{"count":2,"href":"https:\/\/usf-luxembourg.eu\/en\/wp-json\/wp\/v2\/pages\/1891\/revisions"}],"predecessor-version":[{"id":2427,"href":"https:\/\/usf-luxembourg.eu\/en\/wp-json\/wp\/v2\/pages\/1891\/revisions\/2427"}],"wp:attachment":[{"href":"https:\/\/usf-luxembourg.eu\/en\/wp-json\/wp\/v2\/media?parent=1891"}],"curies":[{"name":"wp","href":"https:\/\/api.w.org\/{rel}","templated":true}]}}