{"id":1888,"date":"2017-01-27T15:01:46","date_gmt":"2017-01-27T14:01:46","guid":{"rendered":"http:\/\/usf-lux.cameleons-dev.com\/?page_id=1888&#038;lang=en"},"modified":"2025-09-22T13:54:58","modified_gmt":"2025-09-22T11:54:58","slug":"your-career-perspectives","status":"publish","type":"page","link":"https:\/\/usf-luxembourg.eu\/en\/your-career-perspectives\/","title":{"rendered":"Your career perspectives"},"content":{"rendered":"<p><div class=\"fusion-fullwidth fullwidth-box fusion-builder-row-1 fusion-parallax-none nonhundred-percent-fullwidth non-hundred-percent-height-scrolling\" style=\"--awb-border-sizes-top:0px;--awb-border-sizes-bottom:0px;--awb-border-sizes-left:0px;--awb-border-sizes-right:0px;--awb-border-radius-top-left:0px;--awb-border-radius-top-right:0px;--awb-border-radius-bottom-right:0px;--awb-border-radius-bottom-left:0px;--awb-padding-top:50px;--awb-padding-bottom:50px;--awb-background-image:url(&quot;http:\/\/usf-lux.cameleons-dev.com\/wp-content\/uploads\/2016\/12\/fonctionnaire.jpg&quot;);--awb-background-size:cover;--awb-flex-wrap:wrap;\" ><div class=\"fusion-builder-row fusion-row\"><div class=\"fusion-layout-column fusion_builder_column fusion-builder-column-0 fusion_builder_column_1_1 1_1 fusion-one-full fusion-column-first fusion-column-last\" style=\"--awb-bg-size:cover;\"><div class=\"fusion-column-wrapper fusion-flex-column-wrapper-legacy\"><div class=\"fusion-text fusion-text-1\"><h1><span style=\"color: #ffffff;\">Your career perspectives <\/span><\/h1>\n<\/div><div class=\"fusion-clearfix\"><\/div><\/div><\/div><\/div><\/div><div class=\"fusion-fullwidth fullwidth-box fusion-builder-row-2 nonhundred-percent-fullwidth non-hundred-percent-height-scrolling\" style=\"--awb-background-position:left top;--awb-border-sizes-top:0px;--awb-border-sizes-bottom:0px;--awb-border-sizes-left:0px;--awb-border-sizes-right:0px;--awb-border-radius-top-left:0px;--awb-border-radius-top-right:0px;--awb-border-radius-bottom-right:0px;--awb-border-radius-bottom-left:0px;--awb-padding-top:20px;--awb-padding-bottom:20px;--awb-background-color:#ffffff;--awb-flex-wrap:wrap;\" ><div class=\"fusion-builder-row fusion-row\"><div class=\"fusion-layout-column fusion_builder_column fusion-builder-column-1 fusion_builder_column_1_1 1_1 fusion-one-full fusion-column-first fusion-column-last\" style=\"--awb-bg-size:cover;\"><div class=\"fusion-column-wrapper fusion-flex-column-wrapper-legacy\"><div class=\"fusion-text fusion-text-2\"><p>There are different career perspectives depending on your contractual status (Official, Temporary Agent (TA), Contract Agent (CA)). You can change your contractual status and become an Official, if you succeed in a competition.<\/p>\n<p>In terms of career perspectives, all Officials, some Contract Agent types and some Temporary Agent types can move forward either through a promotion (Officials) or a reclassification (CA or TA).<\/p>\n<p>If you are an Official, you can only be promoted in your Function Group (AD, AST, AST\/SC). Besides, within AD and AST function groups there are intermediate glass ceilings (AST9 and AD12 grades). Indeed, if you are an AST you need to be nominated as a Senior Assistant in order to become an AST10, and if you are an AD you need to be nominated as a Senior Expert in order to become AD13. The latter ceiling does not apply if you are a manager (Head of Unit and higher).<\/p>\n<p>The number of promoted and reclassified staff depends on the available annual budget and the related rules (Implementing rules of Article 45 and Annex IB of the Staff Regulations for Officials, various decisions for Contract Agents). The average time spent in each grade before you are promoted varies. Of course, your promotion or reclassification depends primarily on the quality and efficiency of your work. However it is not always enough. The reclassification and promotion are yearly processes consisting of different steps (self-assessment, dialogues and appeal). Below, you may find a visual of all the processes steps:<\/p>\n<p><img decoding=\"async\" class=\" wp-image-5462 aligncenter\" src=\"https:\/\/usf-luxembourg.eu\/wp-content\/uploads\/2025\/09\/Carriere-300x166.png\" alt=\"\" width=\"394\" height=\"314\" srcset=\"https:\/\/usf-luxembourg.eu\/wp-content\/uploads\/2025\/09\/Carriere-177x142.png 177w, https:\/\/usf-luxembourg.eu\/wp-content\/uploads\/2025\/09\/Carriere.png 624w\" sizes=\"(max-width: 394px) 100vw, 394px\" \/><\/p>\n<p>We at USF-L very actively participates in the promotion and reclassification processes for more than two decades. We are also there to help you assess your situation and to advise you on what you should do and when to do it.<\/p>\n<p><span style=\"text-decoration: underline;\">Disclaimer<\/span>:<\/p>\n<p>We always try to provide you with the latest information. However, the fast evolution of the situation does not always allow us to timely update this page content. The references hereunder (leaflets and news) might provide you with additional information. However, if you need to have a quick update don't hesitate to contact us: <a href=\"mailto:REP-PERS-OSP-USF-LUXEMBOURG@ec.europa.eu\">REP-PERS-OSP-USF-LUXEMBOURG@ec.europa.eu<\/a><\/p>\n<p><strong>LEGAL BASIS:<\/strong><\/p>\n<ul>\n<li><a href=\"https:\/\/eur-lex.europa.eu\/legal-content\/EN\/TXT\/PDF\/?uri=CELEX:01962R0031-20230101&from=EN\">Staff Regulations<\/a>: <u>Officials<\/u>: Title 3, Chapter 3 (Art 43 to 45 and their implementing rules that can be found <a href=\"https:\/\/myintracomm.ec.europa.eu\/hr_admin\/en\/staff-regulations\/officials\/Pages\/title-3.aspx\">here<\/a>), Annex IB<u> \/\/ Other Agents<\/u> : Temporary Agents article 43, Contract Agents: Art 80, 83, 93, 113<\/li>\n<\/ul>\n<p><b><span data-contrast=\"auto\">OTHER USEFUL LINKS<\/span><\/b><span data-ccp-props=\"\">\u00a0<\/span><\/p>\n<ul>\n<li><a href=\"https:\/\/www.ombudsman.europa.eu\/en\/news-document\/en\/180993\">https:\/\/www.ombudsman.europa.eu\/en\/news-document\/en\/180993<\/a><\/li>\n<\/ul>\n<p><span data-ccp-props=\"{\">\u00a0<\/span><b><span data-contrast=\"auto\">RELATED LEAFLETS:<\/span><\/b><span data-ccp-props=\"\">\u00a0<\/span><\/p>\n<ul>\n<li>\u00a0<a href=\"https:\/\/usf-luxembourg.eu\/wp-content\/uploads\/2023\/12\/EVALUATION-2024-_-EVALUATION-2024.pdf\">Evaluation 2024 <\/a>(15\/12\/2023)<\/li>\n<li><a href=\"https:\/\/usf-luxembourg.eu\/wp-content\/uploads\/2023\/11\/Promotion-_-Reclassification-2023.pdf\">Promotion \/ Reclassification 2023: what should do if \u2026? <\/a>(10\/11\/2023)<\/li>\n<li><a href=\"https:\/\/usf-luxembourg.eu\/wp-content\/uploads\/2023\/11\/Temporary-staff-%E2%80%93-OPEN-BAR-_-Agents-Temporaires-%E2%80%93-OPEN-BAR-.pdf\">Temporary Staff \u2013 OPEN BAR ! \u2013 \u2026 for some but not for others \u2026 |<\/a> <a href=\"https:\/\/usf-luxembourg.eu\/wp-content\/uploads\/2023\/11\/DG-HR-Draft-TA-Decision-Legiswrite-format.pdf\">Decision <\/a>(08\/11\/2023)<\/li>\n<li><a href=\"https:\/\/usf-luxembourg.eu\/wp-content\/uploads\/2023\/11\/2023-11-07_Picard-judgment-concerning-the-pension-scheme_EN.pdf\">Picard judgment concerning the pension scheme: we dispute the restrictive interpretation envisaged by the institutions !<\/a> (06\/11\/2023)<\/li>\n<li><a href=\"https:\/\/usf-luxembourg.eu\/wp-content\/uploads\/2023\/06\/Promotion-2023-what-to-do-if-EN.pdf\">Promotion 2023: What to do if<\/a>\u2026\u202f(7\/06\/2023)<\/li>\n<li><a href=\"https:\/\/usf-luxembourg.eu\/wp-content\/uploads\/2023\/04\/cancelling-of-competition.pdf\">Cancelling of competition AST\/154\/22: Once again EPSO is overwhelmed by its own inadvertence at the expenses of candidates<\/a>!\u202f(04\/04\/2023)<\/li>\n<li><a href=\"https:\/\/usf-luxembourg.eu\/wp-content\/uploads\/2023\/02\/new-system-EPSO.pdf\">New system for competition: is EPSO heading once again towards a legal waterloo<\/a>\u202f?\u202f(17\/02\/2023)<\/li>\n<li><a href=\"https:\/\/usf-luxembourg.eu\/wp-content\/uploads\/2023\/01\/The-2023-appraisal-exercise-EN.pdf\">The 2023 appraisal exercise is launched. It concerns officials and agents (contractual and temporary)<\/a>\u202f(9\/01\/2023)<\/li>\n<li><a href=\"https:\/\/usf-luxembourg.eu\/wp-content\/uploads\/2022\/11\/AST-ASTSC-what-future-perspectives-in-the-EU.pdf\">AST & AST\/SC, What future perspectives in the European Commission ? Two categories on the verge of extinction\u202f? (30\/11\/2022)<\/a><\/li>\n<li><a href=\"https:\/\/usf-luxembourg.eu\/wp-content\/uploads\/2022\/09\/Certification-exercise-EN.pdf\">Certification 2022 \u2013 2023 exercise<\/a>\u202f(21\/09\/2022)<\/li>\n<li><a href=\"https:\/\/usf-luxembourg.eu\/wp-content\/uploads\/2022\/05\/contract-agents-2004-2022-what-next-EN.pdf\">Contract agents 2004 \u2013 2022, what next<\/a>\u202f\u2026\u202f(04\/05\/2022)<\/li>\n<li><a href=\"https:\/\/usf-luxembourg.eu\/wp-content\/uploads\/2021\/11\/New-HR-strategy-EN.pdf\">The new HR strategy pretends to put people at the centre<\/a>\u202f(18\/11\/2021)<\/li>\n<li><a href=\"https:\/\/usf-luxembourg.eu\/wp-content\/uploads\/2021\/03\/New-HR-Strategy.pdf\">New HR Strategy: Enhancing the Commission's dwindling attractiveness<\/a>\u202f(03\/03\/2021)<\/li>\n<\/ul>\n<p><b><span data-contrast=\"auto\">RELATED NEWS:\u00a0<\/span><\/b><span data-ccp-props=\"\">\u00a0<\/span><\/p>\n<ul>\n<li><a href=\"https:\/\/usf-luxembourg.eu\/wp-content\/uploads\/2023\/12\/2023-11_EPSO-internal-competitions_EN.pdf\"><span data-contrast=\"none\">2023-11_EPSO-internal-competitions_EN.pdf (usf-luxembourg.eu)<\/span><\/a><span data-ccp-props=\"\">\u00a0<\/span><\/li>\n<li><a href=\"https:\/\/usf-luxembourg.eu\/wp-content\/uploads\/2023\/12\/2023-11_certification-frustration_EN.pdf\"><span data-contrast=\"none\">2023-11_certification-frustration_EN.pdf (usf-luxembourg.eu)<\/span><\/a><span data-ccp-props=\"\">\u00a0<\/span><\/li>\n<li><a href=\"https:\/\/usf-luxembourg.eu\/wp-content\/uploads\/2023\/04\/AST-Official-Careers.pdf\"><span data-contrast=\"none\">AST-Official-Careers.pdf (usf-luxembourg.eu)<\/span><\/a><span data-ccp-props=\"\">\u00a0<\/span><\/li>\n<li><a href=\"https:\/\/usf-luxembourg.eu\/wp-content\/uploads\/2022\/11\/Officials-careers-AD-AST-AST_SC-EN.pdf\"><span data-contrast=\"none\">Officials-careers-AD-AST-AST_SC-EN.pdf (usf-luxembourg.eu)<\/span><\/a><span data-ccp-props=\"\">\u00a0<\/span><\/li>\n<li><span data-contrast=\"auto\">News promotion and reclassification in : <\/span><a href=\"https:\/\/usf-luxembourg.eu\/wp-content\/uploads\/2023\/04\/USF-Luxembourg-Newsletter-Avril-2023.pdf\"><span data-contrast=\"none\">USF-Luxembourg-Newsletter-Avril-2023.pdf<\/span><\/a><span data-ccp-props=\"\">\u00a0<\/span><\/li>\n<li><a href=\"https:\/\/usf-luxembourg.eu\/wp-content\/uploads\/2023\/03\/Competitions-watch-out-pothole.pdf\"><span data-contrast=\"none\">Competitions-watch-out-pothole.pdf (usf-luxembourg.eu)<\/span><\/a><span data-ccp-props=\"\">\u00a0<\/span><\/li>\n<li><a href=\"https:\/\/usf-luxembourg.eu\/wp-content\/uploads\/2022\/11\/Contractual-agents-EN.pdf\"><span data-contrast=\"none\">Contractual-agents-EN.pdf (usf-luxembourg.eu)<\/span><\/a><span data-ccp-props=\"\">\u00a0<\/span><\/li>\n<li><a href=\"https:\/\/usf-luxembourg.eu\/wp-content\/uploads\/2022\/11\/Career-perspectives-for-all-employees-EN.pdf\"><span data-contrast=\"none\">Career-perspectives-for-all-employees-EN.pdf (usf-luxembourg.eu)<\/span><\/a><span data-ccp-props=\"\">\u00a0<\/span><\/li>\n<li><a href=\"https:\/\/usf-luxembourg.eu\/wp-content\/uploads\/2022\/11\/The-HR-strategy-EN.pdf\"><span data-contrast=\"none\">The-HR-strategy-EN.pdf (usf-luxembourg.eu)<\/span><\/a><span data-ccp-props=\"\">\u00a0<\/span><\/li>\n<li><a href=\"https:\/\/usf-luxembourg.eu\/wp-content\/uploads\/2022\/11\/Your-carreers_promotion-and-reclassification-EN.pdf\"><span data-contrast=\"none\">Your-carreers_promotion-and-reclassification-EN.pdf (usf-luxembourg.eu)<\/span><\/a><span data-ccp-props=\"{\">\u00a0<\/span><\/li>\n<\/ul>\n<\/div><div class=\"fusion-clearfix\"><\/div><\/div><\/div><\/div><\/div><\/p>\n","protected":false},"excerpt":{"rendered":"","protected":false},"author":7,"featured_media":0,"parent":0,"menu_order":0,"comment_status":"open","ping_status":"closed","template":"100-width.php","meta":{"_lmt_disableupdate":"no","_lmt_disable":"no","footnotes":""},"class_list":["post-1888","page","type-page","status-publish","hentry"],"yoast_head":"<!-- This site is optimized with the Yoast SEO plugin v27.3 - https:\/\/yoast.com\/product\/yoast-seo-wordpress\/ -->\n<title>Your career perspectives - Union Syndicale F\u00e9d\u00e9rale Luxembourg<\/title>\n<meta name=\"description\" content=\"Contract Agents, \u201cadjustment variable\u201d prospect for evaluation, competitions, worthwhile posts, eclassification quotas\" \/>\n<meta name=\"robots\" content=\"index, follow, max-snippet:-1, max-image-preview:large, max-video-preview:-1\" \/>\n<link rel=\"canonical\" href=\"https:\/\/usf-luxembourg.eu\/en\/your-career-perspectives\/\" \/>\n<meta property=\"og:locale\" content=\"en_US\" \/>\n<meta property=\"og:type\" content=\"article\" \/>\n<meta property=\"og:title\" content=\"Your career perspectives - Union Syndicale F\u00e9d\u00e9rale Luxembourg\" \/>\n<meta property=\"og:description\" content=\"Contract Agents, \u201cadjustment variable\u201d prospect for evaluation, competitions, worthwhile posts, eclassification quotas\" \/>\n<meta property=\"og:url\" content=\"https:\/\/usf-luxembourg.eu\/en\/your-career-perspectives\/\" \/>\n<meta property=\"og:site_name\" content=\"Union Syndicale F\u00e9d\u00e9rale Luxembourg\" \/>\n<meta property=\"article:modified_time\" content=\"2025-09-22T11:54:58+00:00\" \/>\n<meta property=\"og:image\" content=\"https:\/\/usf-luxembourg.eu\/wp-content\/uploads\/2025\/09\/Carriere.png\" \/>\n\t<meta property=\"og:image:width\" content=\"624\" \/>\n\t<meta property=\"og:image:height\" content=\"346\" \/>\n\t<meta property=\"og:image:type\" content=\"image\/png\" \/>\n<meta name=\"twitter:card\" content=\"summary_large_image\" \/>\n<meta name=\"twitter:label1\" content=\"Est. reading time\" \/>\n\t<meta name=\"twitter:data1\" content=\"3 minutes\" \/>\n<script type=\"application\/ld+json\" class=\"yoast-schema-graph\">{\"@context\":\"https:\\\/\\\/schema.org\",\"@graph\":[{\"@type\":\"WebPage\",\"@id\":\"https:\\\/\\\/usf-luxembourg.eu\\\/en\\\/your-career-perspectives\\\/\",\"url\":\"https:\\\/\\\/usf-luxembourg.eu\\\/en\\\/your-career-perspectives\\\/\",\"name\":\"Your career perspectives - Union Syndicale F\u00e9d\u00e9rale Luxembourg\",\"isPartOf\":{\"@id\":\"https:\\\/\\\/usf-luxembourg.eu\\\/#website\"},\"primaryImageOfPage\":{\"@id\":\"https:\\\/\\\/usf-luxembourg.eu\\\/en\\\/your-career-perspectives\\\/#primaryimage\"},\"image\":{\"@id\":\"https:\\\/\\\/usf-luxembourg.eu\\\/en\\\/your-career-perspectives\\\/#primaryimage\"},\"thumbnailUrl\":\"https:\\\/\\\/usf-luxembourg.eu\\\/wp-content\\\/uploads\\\/2025\\\/09\\\/Carriere-300x166.png\",\"datePublished\":\"2017-01-27T14:01:46+00:00\",\"dateModified\":\"2025-09-22T11:54:58+00:00\",\"description\":\"Contract Agents, \u201cadjustment variable\u201d prospect for evaluation, competitions, worthwhile posts, eclassification quotas\",\"breadcrumb\":{\"@id\":\"https:\\\/\\\/usf-luxembourg.eu\\\/en\\\/your-career-perspectives\\\/#breadcrumb\"},\"inLanguage\":\"en-US\",\"potentialAction\":[{\"@type\":\"ReadAction\",\"target\":[\"https:\\\/\\\/usf-luxembourg.eu\\\/en\\\/your-career-perspectives\\\/\"]}]},{\"@type\":\"ImageObject\",\"inLanguage\":\"en-US\",\"@id\":\"https:\\\/\\\/usf-luxembourg.eu\\\/en\\\/your-career-perspectives\\\/#primaryimage\",\"url\":\"https:\\\/\\\/usf-luxembourg.eu\\\/wp-content\\\/uploads\\\/2025\\\/09\\\/Carriere-300x166.png\",\"contentUrl\":\"https:\\\/\\\/usf-luxembourg.eu\\\/wp-content\\\/uploads\\\/2025\\\/09\\\/Carriere-300x166.png\"},{\"@type\":\"BreadcrumbList\",\"@id\":\"https:\\\/\\\/usf-luxembourg.eu\\\/en\\\/your-career-perspectives\\\/#breadcrumb\",\"itemListElement\":[{\"@type\":\"ListItem\",\"position\":1,\"name\":\"Accueil\",\"item\":\"https:\\\/\\\/usf-luxembourg.eu\\\/en\\\/\"},{\"@type\":\"ListItem\",\"position\":2,\"name\":\"Your career perspectives\"}]},{\"@type\":\"WebSite\",\"@id\":\"https:\\\/\\\/usf-luxembourg.eu\\\/#website\",\"url\":\"https:\\\/\\\/usf-luxembourg.eu\\\/\",\"name\":\"Union Syndicale F\u00e9d\u00e9rale Luxembourg\",\"description\":\"La solidarit\u00e9 est notre m\u00e9tier, la d\u00e9fense du personnel notre Mission\",\"publisher\":{\"@id\":\"https:\\\/\\\/usf-luxembourg.eu\\\/#organization\"},\"potentialAction\":[{\"@type\":\"SearchAction\",\"target\":{\"@type\":\"EntryPoint\",\"urlTemplate\":\"https:\\\/\\\/usf-luxembourg.eu\\\/?s={search_term_string}\"},\"query-input\":{\"@type\":\"PropertyValueSpecification\",\"valueRequired\":true,\"valueName\":\"search_term_string\"}}],\"inLanguage\":\"en-US\"},{\"@type\":\"Organization\",\"@id\":\"https:\\\/\\\/usf-luxembourg.eu\\\/#organization\",\"name\":\"Union Syndicale F\u00e9d\u00e9rale Luxembourg\",\"url\":\"https:\\\/\\\/usf-luxembourg.eu\\\/\",\"logo\":{\"@type\":\"ImageObject\",\"inLanguage\":\"en-US\",\"@id\":\"https:\\\/\\\/usf-luxembourg.eu\\\/#\\\/schema\\\/logo\\\/image\\\/\",\"url\":\"https:\\\/\\\/usf-luxembourg.eu\\\/wp-content\\\/uploads\\\/2023\\\/09\\\/logo-USF-Luxembourg.jpg\",\"contentUrl\":\"https:\\\/\\\/usf-luxembourg.eu\\\/wp-content\\\/uploads\\\/2023\\\/09\\\/logo-USF-Luxembourg.jpg\",\"width\":2311,\"height\":831,\"caption\":\"Union Syndicale F\u00e9d\u00e9rale Luxembourg\"},\"image\":{\"@id\":\"https:\\\/\\\/usf-luxembourg.eu\\\/#\\\/schema\\\/logo\\\/image\\\/\"}}]}<\/script>\n<!-- \/ Yoast SEO plugin. -->","yoast_head_json":{"title":"Your career perspectives - Union Syndicale F\u00e9d\u00e9rale Luxembourg","description":"Contract Agents, \u201cadjustment variable\u201d prospect for evaluation, competitions, worthwhile posts, eclassification quotas","robots":{"index":"index","follow":"follow","max-snippet":"max-snippet:-1","max-image-preview":"max-image-preview:large","max-video-preview":"max-video-preview:-1"},"canonical":"https:\/\/usf-luxembourg.eu\/en\/your-career-perspectives\/","og_locale":"en_US","og_type":"article","og_title":"Your career perspectives - Union Syndicale F\u00e9d\u00e9rale Luxembourg","og_description":"Contract Agents, \u201cadjustment variable\u201d prospect for evaluation, competitions, worthwhile posts, eclassification quotas","og_url":"https:\/\/usf-luxembourg.eu\/en\/your-career-perspectives\/","og_site_name":"Union Syndicale F\u00e9d\u00e9rale Luxembourg","article_modified_time":"2025-09-22T11:54:58+00:00","og_image":[{"width":624,"height":346,"url":"https:\/\/usf-luxembourg.eu\/wp-content\/uploads\/2025\/09\/Carriere.png","type":"image\/png"}],"twitter_card":"summary_large_image","twitter_misc":{"Est. reading time":"3 minutes"},"schema":{"@context":"https:\/\/schema.org","@graph":[{"@type":"WebPage","@id":"https:\/\/usf-luxembourg.eu\/en\/your-career-perspectives\/","url":"https:\/\/usf-luxembourg.eu\/en\/your-career-perspectives\/","name":"Your career perspectives - Union Syndicale F\u00e9d\u00e9rale Luxembourg","isPartOf":{"@id":"https:\/\/usf-luxembourg.eu\/#website"},"primaryImageOfPage":{"@id":"https:\/\/usf-luxembourg.eu\/en\/your-career-perspectives\/#primaryimage"},"image":{"@id":"https:\/\/usf-luxembourg.eu\/en\/your-career-perspectives\/#primaryimage"},"thumbnailUrl":"https:\/\/usf-luxembourg.eu\/wp-content\/uploads\/2025\/09\/Carriere-300x166.png","datePublished":"2017-01-27T14:01:46+00:00","dateModified":"2025-09-22T11:54:58+00:00","description":"Contract Agents, \u201cadjustment variable\u201d prospect for evaluation, competitions, worthwhile posts, eclassification quotas","breadcrumb":{"@id":"https:\/\/usf-luxembourg.eu\/en\/your-career-perspectives\/#breadcrumb"},"inLanguage":"en-US","potentialAction":[{"@type":"ReadAction","target":["https:\/\/usf-luxembourg.eu\/en\/your-career-perspectives\/"]}]},{"@type":"ImageObject","inLanguage":"en-US","@id":"https:\/\/usf-luxembourg.eu\/en\/your-career-perspectives\/#primaryimage","url":"https:\/\/usf-luxembourg.eu\/wp-content\/uploads\/2025\/09\/Carriere-300x166.png","contentUrl":"https:\/\/usf-luxembourg.eu\/wp-content\/uploads\/2025\/09\/Carriere-300x166.png"},{"@type":"BreadcrumbList","@id":"https:\/\/usf-luxembourg.eu\/en\/your-career-perspectives\/#breadcrumb","itemListElement":[{"@type":"ListItem","position":1,"name":"Accueil","item":"https:\/\/usf-luxembourg.eu\/en\/"},{"@type":"ListItem","position":2,"name":"Your career perspectives"}]},{"@type":"WebSite","@id":"https:\/\/usf-luxembourg.eu\/#website","url":"https:\/\/usf-luxembourg.eu\/","name":"Union Syndicale F\u00e9d\u00e9rale Luxembourg","description":"La solidarit\u00e9 est notre m\u00e9tier, la d\u00e9fense du personnel notre Mission","publisher":{"@id":"https:\/\/usf-luxembourg.eu\/#organization"},"potentialAction":[{"@type":"SearchAction","target":{"@type":"EntryPoint","urlTemplate":"https:\/\/usf-luxembourg.eu\/?s={search_term_string}"},"query-input":{"@type":"PropertyValueSpecification","valueRequired":true,"valueName":"search_term_string"}}],"inLanguage":"en-US"},{"@type":"Organization","@id":"https:\/\/usf-luxembourg.eu\/#organization","name":"Union Syndicale F\u00e9d\u00e9rale Luxembourg","url":"https:\/\/usf-luxembourg.eu\/","logo":{"@type":"ImageObject","inLanguage":"en-US","@id":"https:\/\/usf-luxembourg.eu\/#\/schema\/logo\/image\/","url":"https:\/\/usf-luxembourg.eu\/wp-content\/uploads\/2023\/09\/logo-USF-Luxembourg.jpg","contentUrl":"https:\/\/usf-luxembourg.eu\/wp-content\/uploads\/2023\/09\/logo-USF-Luxembourg.jpg","width":2311,"height":831,"caption":"Union Syndicale F\u00e9d\u00e9rale Luxembourg"},"image":{"@id":"https:\/\/usf-luxembourg.eu\/#\/schema\/logo\/image\/"}}]}},"_links":{"self":[{"href":"https:\/\/usf-luxembourg.eu\/en\/wp-json\/wp\/v2\/pages\/1888","targetHints":{"allow":["GET"]}}],"collection":[{"href":"https:\/\/usf-luxembourg.eu\/en\/wp-json\/wp\/v2\/pages"}],"about":[{"href":"https:\/\/usf-luxembourg.eu\/en\/wp-json\/wp\/v2\/types\/page"}],"author":[{"embeddable":true,"href":"https:\/\/usf-luxembourg.eu\/en\/wp-json\/wp\/v2\/users\/7"}],"replies":[{"embeddable":true,"href":"https:\/\/usf-luxembourg.eu\/en\/wp-json\/wp\/v2\/comments?post=1888"}],"version-history":[{"count":21,"href":"https:\/\/usf-luxembourg.eu\/en\/wp-json\/wp\/v2\/pages\/1888\/revisions"}],"predecessor-version":[{"id":5478,"href":"https:\/\/usf-luxembourg.eu\/en\/wp-json\/wp\/v2\/pages\/1888\/revisions\/5478"}],"wp:attachment":[{"href":"https:\/\/usf-luxembourg.eu\/en\/wp-json\/wp\/v2\/media?parent=1888"}],"curies":[{"name":"wp","href":"https:\/\/api.w.org\/{rel}","templated":true}]}}